{"id":1783,"date":"2025-04-06T20:23:21","date_gmt":"2025-04-06T18:23:21","guid":{"rendered":"https:\/\/dream-wedding-by-mia.eu\/full-service-wedding-planning-2\/"},"modified":"2025-04-16T11:58:16","modified_gmt":"2025-04-16T09:58:16","slug":"full-service-wedding-planning","status":"publish","type":"page","link":"https:\/\/dream-wedding-by-mia.eu\/fr\/full-service-wedding-planning\/","title":{"rendered":"Full Service Wedding Planning"},"content":{"rendered":"<div data-elementor-type=\"wp-page\" data-elementor-id=\"1783\" class=\"elementor elementor-1783\" data-elementor-post-type=\"page\">\n\t\t\t\t<div class=\"elementor-element elementor-element-60b3d052 e-con-full e-flex e-con e-parent\" data-id=\"60b3d052\" data-element_type=\"container\" data-e-type=\"container\">\n\t\t<div class=\"elementor-element elementor-element-7ff0d724 e-con-full e-flex e-con e-child\" data-id=\"7ff0d724\" data-element_type=\"container\" data-e-type=\"container\" data-settings=\"{&quot;background_background&quot;:&quot;classic&quot;}\">\n\t\t\t\t<div class=\"elementor-element elementor-element-39af048a elementor-widget__width-initial elementor-widget elementor-widget-heading\" data-id=\"39af048a\" data-element_type=\"widget\" data-e-type=\"widget\" data-widget_type=\"heading.default\">\n\t\t\t\t<div class=\"elementor-widget-container\">\n\t\t\t\t\t<h1 class=\"elementor-heading-title elementor-size-default\">la planification compl\u00e8te<\/h1>\t\t\t\t<\/div>\n\t\t\t\t<\/div>\n\t\t\t\t<\/div>\n\t\t<div class=\"elementor-element elementor-element-29f4e15f e-con-full e-flex e-con e-child\" data-id=\"29f4e15f\" data-element_type=\"container\" data-e-type=\"container\" data-settings=\"{&quot;background_background&quot;:&quot;classic&quot;}\">\n\t\t<div class=\"elementor-element elementor-element-6871442b e-con-full e-flex e-con e-child\" data-id=\"6871442b\" data-element_type=\"container\" data-e-type=\"container\" data-settings=\"{&quot;background_background&quot;:&quot;classic&quot;}\">\n\t\t\t\t<div class=\"elementor-element elementor-element-58d7565f elementor-widget elementor-widget-heading\" data-id=\"58d7565f\" data-element_type=\"widget\" data-e-type=\"widget\" data-widget_type=\"heading.default\">\n\t\t\t\t<div class=\"elementor-widget-container\">\n\t\t\t\t\t<h2 class=\"elementor-heading-title elementor-size-default\">\u00c0 qui s\u2019adresse exactement la planification compl\u00e8te ?<\/h2>\t\t\t\t<\/div>\n\t\t\t\t<\/div>\n\t\t\t\t<div class=\"elementor-element elementor-element-8144b8f elementor-widget elementor-widget-text-editor\" data-id=\"8144b8f\" data-element_type=\"widget\" data-e-type=\"widget\" data-widget_type=\"text-editor.default\">\n\t\t\t\t<div class=\"elementor-widget-container\">\n\t\t\t\t\t\t\t\t\t<p>Dir sidd beruffst\u00e4teg oder souguer schonn Elteren. Oft weess een net, w\u00e9i ee Beruff an d&#8217;Privatliewen \u00ebnnert een Hutt soll kr\u00e9ien. Eigentlech well een sech jo entspaant op s\u00e4in Hochz\u00e4itsdag virbereeden, awer w\u00e9i soll dat alles fonction\u00e9ieren, wann den Dag n\u00ebmme 24 Stonnen huet? Idealerweis g\u00ebtt een just 1 Mol am Liewen bestuet, an do well een natirlech, dass alles perfekt leeft. Privatliewen soll op kee Fall an den Hannergrond \u00a0ger\u00e9ckelt ginn.<\/p><p>Wann Dir also \u00c4r Verlobungsz\u00e4it gen\u00e9issen w\u00ebllt an Iech zer\u00e9ck leenen w\u00ebllt, \u00c4ert Privat- a Berufsliewen w\u00e4rend de ganze Virbereedungen entspaant, harmonesch wei och stressfr\u00e4i soll oflafen, dann iwwerloosst et net dem Zoufall.<\/p>\t\t\t\t\t\t\t\t<\/div>\n\t\t\t\t<\/div>\n\t\t\t\t<\/div>\n\t\t<div class=\"elementor-element elementor-element-19dd5971 e-con-full elementor-hidden-mobile e-flex e-con e-child\" data-id=\"19dd5971\" data-element_type=\"container\" data-e-type=\"container\">\n\t\t\t\t<div class=\"elementor-element elementor-element-5c73b852 elementor-widget elementor-widget-theme-site-logo elementor-widget-image\" data-id=\"5c73b852\" data-element_type=\"widget\" data-e-type=\"widget\" data-widget_type=\"theme-site-logo.default\">\n\t\t\t\t<div class=\"elementor-widget-container\">\n\t\t\t\t\t\t\t\t\t\t\t<a href=\"https:\/\/dream-wedding-by-mia.eu\/fr\">\n\t\t\t<img fetchpriority=\"high\" decoding=\"async\" width=\"500\" height=\"500\" src=\"https:\/\/dream-wedding-by-mia.eu\/wp-content\/uploads\/logo-mia-1.svg\" class=\"attachment-full size-full wp-image-1817\" alt=\"\" \/>\t\t\t\t<\/a>\n\t\t\t\t\t\t\t\t\t\t\t<\/div>\n\t\t\t\t<\/div>\n\t\t\t\t<\/div>\n\t\t\t\t<\/div>\n\t\t\t\t<\/div>\n\t\t<div class=\"elementor-element elementor-element-7ca12593 e-con-full e-flex e-con e-parent\" data-id=\"7ca12593\" data-element_type=\"container\" data-e-type=\"container\" data-settings=\"{&quot;background_background&quot;:&quot;classic&quot;}\">\n\t\t\t\t<div class=\"elementor-element elementor-element-43e543 elementor-widget elementor-widget-heading\" data-id=\"43e543\" data-element_type=\"widget\" data-e-type=\"widget\" data-widget_type=\"heading.default\">\n\t\t\t\t<div class=\"elementor-widget-container\">\n\t\t\t\t\t<h2 class=\"elementor-heading-title elementor-size-default\">D\u00ebst fann dir alles an d\u00ebsem Pak<\/h2>\t\t\t\t<\/div>\n\t\t\t\t<\/div>\n\t\t<div class=\"elementor-element elementor-element-3ff0e8a1 e-con-full e-flex e-con e-child\" data-id=\"3ff0e8a1\" data-element_type=\"container\" data-e-type=\"container\">\n\t\t<div class=\"elementor-element elementor-element-4a292dd7 e-con-full e-grid e-con e-child\" data-id=\"4a292dd7\" data-element_type=\"container\" data-e-type=\"container\">\n\t\t\t\t<div class=\"elementor-element elementor-element-2bb9c486 elementor-cta--skin-cover elementor-cta--valign-top elementor-widget elementor-widget-call-to-action\" data-id=\"2bb9c486\" data-element_type=\"widget\" data-e-type=\"widget\" data-widget_type=\"call-to-action.default\">\n\t\t\t\t<div class=\"elementor-widget-container\">\n\t\t\t\t\t\t\t<div class=\"elementor-cta\">\n\t\t\t\t\t<div class=\"elementor-cta__bg-wrapper\">\n\t\t\t\t<div class=\"elementor-cta__bg elementor-bg\" style=\"background-image: url();\" role=\"img\" aria-label=\"\"><\/div>\n\t\t\t\t<div class=\"elementor-cta__bg-overlay\"><\/div>\n\t\t\t<\/div>\n\t\t\t\t\t\t\t<div class=\"elementor-cta__content\">\n\t\t\t\t\n\t\t\t\t\t\t\t\t\t<h3 class=\"elementor-cta__title elementor-cta__content-item elementor-content-item\">\n\t\t\t\t\t\tLocatioun Sich\t\t\t\t\t<\/h3>\n\t\t\t\t\n\t\t\t\t\t\t\t\t\t<div class=\"elementor-cta__description elementor-cta__content-item elementor-content-item\">\n\t\t\t\t\t\t<p style=\"white-space: normal\" class=\"translation-block\"><font style=\"white-space-collapse: preserve; -webkit-text-size-adjust: none; float: none; display: inline !important;\">Ech present\u00e9ieren Iech Locatiouns, d\u00e9i an \u00e4ren Budget sou wei an \u00c4r W\u00ebsch a&nbsp;<span style=\"text-wrap-mode: nowrap;\">Virstellunge<font color=\"#1d3557\"><b>&nbsp;<\/b><\/font><\/span>&nbsp;ra passen. Unhand vun enger Powerpoint kennt dir Iech aus d\u00ebse Locatiouns maximum 2 Favoritte raussichen.<\/font><font style=\"white-space: pre-wrap; -webkit-text-size-adjust: none; float: none; display: inline !important;\"><\/font><br><\/p>\t\t\t\t\t<\/div>\n\t\t\t\t\n\t\t\t\t\t\t\t<\/div>\n\t\t\t\t\t\t<\/div>\n\t\t\t\t\t\t<\/div>\n\t\t\t\t<\/div>\n\t\t\t\t<div class=\"elementor-element elementor-element-7abbcc14 elementor-cta--skin-cover elementor-cta--valign-top elementor-widget elementor-widget-call-to-action\" data-id=\"7abbcc14\" data-element_type=\"widget\" data-e-type=\"widget\" data-widget_type=\"call-to-action.default\">\n\t\t\t\t<div class=\"elementor-widget-container\">\n\t\t\t\t\t\t\t<div class=\"elementor-cta\">\n\t\t\t\t\t<div class=\"elementor-cta__bg-wrapper\">\n\t\t\t\t<div class=\"elementor-cta__bg elementor-bg\" style=\"background-image: url();\" role=\"img\" aria-label=\"\"><\/div>\n\t\t\t\t<div class=\"elementor-cta__bg-overlay\"><\/div>\n\t\t\t<\/div>\n\t\t\t\t\t\t\t<div class=\"elementor-cta__content\">\n\t\t\t\t\n\t\t\t\t\t\t\t\t\t<h3 class=\"elementor-cta__title elementor-cta__content-item elementor-content-item\">\n\t\t\t\t\t\tBudgetplan\t\t\t\t\t<\/h3>\n\t\t\t\t\n\t\t\t\t\t\t\t\t\t<div class=\"elementor-cta__description elementor-cta__content-item elementor-content-item\">\n\t\t\t\t\t\t<span style=\"font-size: 1rem\">Zesumme setze mir ee Budgetsplang op den och fr\u00e4i zoug\u00e4nglech ass fir Iech. D\u00ebse geet och \u00ebmmer geupdate fir dass dir zum Schluss keng b\u00e9is&nbsp;Iwwerraschung&nbsp;hutt.<\/span> \t\t\t\t\t<\/div>\n\t\t\t\t\n\t\t\t\t\t\t\t<\/div>\n\t\t\t\t\t\t<\/div>\n\t\t\t\t\t\t<\/div>\n\t\t\t\t<\/div>\n\t\t\t\t<div class=\"elementor-element elementor-element-2dd8aa99 elementor-cta--skin-cover elementor-cta--valign-top elementor-widget elementor-widget-call-to-action\" data-id=\"2dd8aa99\" data-element_type=\"widget\" data-e-type=\"widget\" data-widget_type=\"call-to-action.default\">\n\t\t\t\t<div class=\"elementor-widget-container\">\n\t\t\t\t\t\t\t<div class=\"elementor-cta\">\n\t\t\t\t\t<div class=\"elementor-cta__bg-wrapper\">\n\t\t\t\t<div class=\"elementor-cta__bg elementor-bg\" style=\"background-image: url();\" role=\"img\" aria-label=\"\"><\/div>\n\t\t\t\t<div class=\"elementor-cta__bg-overlay\"><\/div>\n\t\t\t<\/div>\n\t\t\t\t\t\t\t<div class=\"elementor-cta__content\">\n\t\t\t\t\n\t\t\t\t\t\t\t\t\t<h3 class=\"elementor-cta__title elementor-cta__content-item elementor-content-item\">\n\t\t\t\t\t\tD\u00e9ngschtleeschter Sich\t\t\t\t\t<\/h3>\n\t\t\t\t\n\t\t\t\t\t\t\t\t\t<div class=\"elementor-cta__description elementor-cta__content-item elementor-content-item\">\n\t\t\t\t\t\t<p><font style=\"white-space: pre-wrap;float: none\">Elo maachen ech mech op D\u00e9ngschtleeschter Sich hei kucken ech no \u00e4ren Priorit\u00e9iten. Ech w\u00e4ert den \u00e9ischte Kontakt mam D\u00e9ngschtleeschter ophuelen an no engem Devis froen. Ech vergl\u00e4ichen Devis'en. Dono w\u00e4ert ech mat Iech R\u00e9cksprooch halen a jeenodeems wei een D\u00e9ngschtleeschter et ass w\u00e4ert hin sech och emol kuerz bei Iech m\u00ebllen.<\/font><span style=\"color: var( --e-global-color-text )\"><\/span><\/p>\t\t\t\t\t<\/div>\n\t\t\t\t\n\t\t\t\t\t\t\t<\/div>\n\t\t\t\t\t\t<\/div>\n\t\t\t\t\t\t<\/div>\n\t\t\t\t<\/div>\n\t\t\t\t<div class=\"elementor-element elementor-element-1d4f8915 elementor-cta--skin-cover elementor-cta--valign-top elementor-widget elementor-widget-call-to-action\" data-id=\"1d4f8915\" data-element_type=\"widget\" data-e-type=\"widget\" data-widget_type=\"call-to-action.default\">\n\t\t\t\t<div class=\"elementor-widget-container\">\n\t\t\t\t\t\t\t<div class=\"elementor-cta\">\n\t\t\t\t\t<div class=\"elementor-cta__bg-wrapper\">\n\t\t\t\t<div class=\"elementor-cta__bg elementor-bg\" style=\"background-image: url();\" role=\"img\" aria-label=\"\"><\/div>\n\t\t\t\t<div class=\"elementor-cta__bg-overlay\"><\/div>\n\t\t\t<\/div>\n\t\t\t\t\t\t\t<div class=\"elementor-cta__content\">\n\t\t\t\t\n\t\t\t\t\t\t\t\t\t<h3 class=\"elementor-cta__title elementor-cta__content-item elementor-content-item\">\n\t\t\t\t\t\tDekokonzept\t\t\t\t\t<\/h3>\n\t\t\t\t\n\t\t\t\t\t\t\t\t\t<div class=\"elementor-cta__description elementor-cta__content-item elementor-content-item\">\n\t\t\t\t\t\tOch beschw\u00e4tze mir emol&nbsp;kuerz a&nbsp;wei&nbsp;eng&nbsp;Richtung&nbsp;\u00c4r&nbsp;Grondkonzept&nbsp;vun der Deko&nbsp;soll goen,&nbsp;domadder&nbsp;ech&nbsp;d\u00ebst ka&nbsp;beim&nbsp;entspriechenden&nbsp;D\u00e9ngschtleeschter kann ufroen.\t\t\t\t\t<\/div>\n\t\t\t\t\n\t\t\t\t\t\t\t<\/div>\n\t\t\t\t\t\t<\/div>\n\t\t\t\t\t\t<\/div>\n\t\t\t\t<\/div>\n\t\t\t\t<div class=\"elementor-element elementor-element-277619fe elementor-cta--skin-cover elementor-cta--valign-top elementor-widget elementor-widget-call-to-action\" data-id=\"277619fe\" data-element_type=\"widget\" data-e-type=\"widget\" data-widget_type=\"call-to-action.default\">\n\t\t\t\t<div class=\"elementor-widget-container\">\n\t\t\t\t\t\t\t<div class=\"elementor-cta\">\n\t\t\t\t\t<div class=\"elementor-cta__bg-wrapper\">\n\t\t\t\t<div class=\"elementor-cta__bg elementor-bg\" style=\"background-image: url();\" role=\"img\" aria-label=\"\"><\/div>\n\t\t\t\t<div class=\"elementor-cta__bg-overlay\"><\/div>\n\t\t\t<\/div>\n\t\t\t\t\t\t\t<div class=\"elementor-cta__content\">\n\t\t\t\t\n\t\t\t\t\t\t\t\t\t<h3 class=\"elementor-cta__title elementor-cta__content-item elementor-content-item\">\n\t\t\t\t\t\tPlanungs Gespr\u00e9icher\t\t\t\t\t<\/h3>\n\t\t\t\t\n\t\t\t\t\t\t\t\t\t<div class=\"elementor-cta__description elementor-cta__content-item elementor-content-item\">\n\t\t\t\t\t\t<p style=\"white-space: normal\"><font style=\"white-space: pre-wrap;float: none\">Am Laf vun de Virbereedunge w\u00e4erte mir eis eng 2-3 mol zesumme setze fir wichteg Detailer ze beschw\u00e4tzen an \u00ebmmer er\u00ebm een Iwwerbl\u00e9ck ze hu wou mer an der Planung stinn. D\u00ebst ass, wier dass dir gesitt dass n\u00e4ischt vergiess geet mee awer och fir mech, dass ech genau op \u00c4r W\u00ebnsch kann agoen.<\/font><span style=\"color: var( --e-global-color-text )\"><\/span><\/p>\t\t\t\t\t<\/div>\n\t\t\t\t\n\t\t\t\t\t\t\t<\/div>\n\t\t\t\t\t\t<\/div>\n\t\t\t\t\t\t<\/div>\n\t\t\t\t<\/div>\n\t\t\t\t<div class=\"elementor-element elementor-element-21aac631 elementor-cta--skin-cover elementor-cta--valign-top elementor-widget elementor-widget-call-to-action\" data-id=\"21aac631\" data-element_type=\"widget\" data-e-type=\"widget\" data-widget_type=\"call-to-action.default\">\n\t\t\t\t<div class=\"elementor-widget-container\">\n\t\t\t\t\t\t\t<div class=\"elementor-cta\">\n\t\t\t\t\t<div class=\"elementor-cta__bg-wrapper\">\n\t\t\t\t<div class=\"elementor-cta__bg elementor-bg\" style=\"background-image: url();\" role=\"img\" aria-label=\"\"><\/div>\n\t\t\t\t<div class=\"elementor-cta__bg-overlay\"><\/div>\n\t\t\t<\/div>\n\t\t\t\t\t\t\t<div class=\"elementor-cta__content\">\n\t\t\t\t\n\t\t\t\t\t\t\t\t\t<h3 class=\"elementor-cta__title elementor-cta__content-item elementor-content-item\">\n\t\t\t\t\t\tLocatioun Besichtegungen\t\t\t\t\t<\/h3>\n\t\t\t\t\n\t\t\t\t\t\t\t\t\t<div class=\"elementor-cta__description elementor-cta__content-item elementor-content-item\">\n\t\t\t\t\t\t<p style=\"white-space: normal\"><font style=\"float: none\">Bei&nbsp;da Locatioun Besichtegung,&nbsp;hutt dir M\u00e9iglechkeet zesumme mat mir Locatioun kucken&nbsp;ze&nbsp;goen oder eleng. Ob der Locatioun selwer sinn ech och do fir  d\u00e9i richteg Froen ze stellen. Wann dir eleng gitt, ginn ech Iech och g\u00e4re Froe mat d\u00e9i wichteg sinn ze froen. <\/font><span style=\"white-space: pre-wrap\"><\/span><\/p>\t\t\t\t\t<\/div>\n\t\t\t\t\n\t\t\t\t\t\t\t<\/div>\n\t\t\t\t\t\t<\/div>\n\t\t\t\t\t\t<\/div>\n\t\t\t\t<\/div>\n\t\t\t\t<\/div>\n\t\t\t\t<\/div>\n\t\t\t\t<\/div>\n\t\t<div class=\"elementor-element elementor-element-5d186c09 e-con-full e-flex e-con e-parent\" data-id=\"5d186c09\" data-element_type=\"container\" data-e-type=\"container\" data-settings=\"{&quot;background_background&quot;:&quot;video&quot;,&quot;background_video_link&quot;:&quot;https:\\\/\\\/youtu.be\\\/v_ZiYPzMCSw?si=AXXjw4cXGy8bT1NV&quot;,&quot;background_video_start&quot;:0,&quot;background_video_end&quot;:16}\">\n\t\t<div class=\"elementor-background-video-container elementor-hidden-mobile\">\n\t\t\t\t\t\t\t<div class=\"elementor-background-video-embed\" role=\"presentation\"><\/div>\n\t\t\t\t\t\t<\/div><div class=\"elementor-element elementor-element-ea60426 e-con-full e-flex e-con e-child\" data-id=\"ea60426\" data-element_type=\"container\" data-e-type=\"container\">\n\t\t\t\t<div class=\"elementor-element elementor-element-9c86ba0 elementor-blockquote--skin-quotation elementor-widget elementor-widget-blockquote\" data-id=\"9c86ba0\" data-element_type=\"widget\" data-e-type=\"widget\" data-widget_type=\"blockquote.default\">\n\t\t\t\t<div class=\"elementor-widget-container\">\n\t\t\t\t\t\t\t<blockquote class=\"elementor-blockquote\">\n\t\t\t<p class=\"elementor-blockquote__content\">\n\t\t\t\tEch liwwere Resultater , well um Enn vum Dag ass et net d\u00e9i perfekt Dekoratioun d\u00e9i zielt, mee dass alles klappt och wann d'Welt \u00ebnnergeet \t\t\t<\/p>\n\t\t\t\t\t\t\t<div class=\"e-q-footer\">\n\t\t\t\t\t\t\t\t\t\t\t<cite class=\"elementor-blockquote__author\">- Mia Weydert, Weddingplanerin<\/cite>\n\t\t\t\t\t\t\t\t\t\t\t\t\t\t<\/div>\n\t\t\t\t\t<\/blockquote>\n\t\t\t\t\t\t<\/div>\n\t\t\t\t<\/div>\n\t\t\t\t<\/div>\n\t\t\t\t<\/div>\n\t\t<div class=\"elementor-element elementor-element-71686daf e-con-full e-flex e-con e-parent\" data-id=\"71686daf\" data-element_type=\"container\" data-e-type=\"container\" data-settings=\"{&quot;background_background&quot;:&quot;classic&quot;}\">\n\t\t\t\t<div class=\"elementor-element elementor-element-c0d6868 elementor-widget elementor-widget-heading\" data-id=\"c0d6868\" data-element_type=\"widget\" data-e-type=\"widget\" data-widget_type=\"heading.default\">\n\t\t\t\t<div class=\"elementor-widget-container\">\n\t\t\t\t\t<h2 class=\"elementor-heading-title elementor-size-default\">Esou leeft den All-in-one bei mir of<\/h2>\t\t\t\t<\/div>\n\t\t\t\t<\/div>\n\t\t\t\t<div class=\"elementor-element elementor-element-4fc06044 elementor-widget__width-initial elementor-widget elementor-widget-text-editor\" data-id=\"4fc06044\" data-element_type=\"widget\" data-e-type=\"widget\" data-widget_type=\"text-editor.default\">\n\t\t\t\t<div class=\"elementor-widget-container\">\n\t\t\t\t\t\t\t\t\t<p>An \u00e9ischter Phase w\u00e4erte mir ee Budgetsplang opstellen hei w\u00e4erte mer och \u00c4r Priorit\u00e9iten a W\u00ebnsch opschreiwen. Eng grob Timeline kenne mer och schonn diskut\u00e9ieren.<\/p><p>Dono maachen ech mech, dann op Sich no \u00c4rer Dram Locatioun. Wann Locatioun bis steet schreiwen ech d\u00e9i D\u00e9ngschtleeschter un d\u00e9i just emol op engem Dag kenne gebucht ginn a froe mer hei Devis&#8217;en un a vergl\u00e4ichen d\u00ebs.\u00a0<\/p><p>Zum Schluss iwwerginn ech Iech all\u00a0Donn\u00e9e\u00eb\u00a0\u00a0vun den D\u00e9ngschtleeschter an Ofst\u00ebmmungen esou dass dir Iech kennt ee propperen Dagesplang kennt opstellen.<\/p>\t\t\t\t\t\t\t\t<\/div>\n\t\t\t\t<\/div>\n\t\t\t\t<div class=\"elementor-element elementor-element-41228c3 elementor-align-center elementor-mobile-align-center elementor-widget elementor-widget-global elementor-global-1846 elementor-widget-button\" data-id=\"41228c3\" data-element_type=\"widget\" data-e-type=\"widget\" data-widget_type=\"button.default\">\n\t\t\t\t<div class=\"elementor-widget-container\">\n\t\t\t\t\t\t\t\t\t<div class=\"elementor-button-wrapper\">\n\t\t\t\t\t<a class=\"elementor-button elementor-button-link elementor-size-sm\" href=\"https:\/\/dream-wedding-by-mia.eu\/fr\/gratis-berodung\/\" target=\"_blank\">\n\t\t\t\t\t\t<span class=\"elementor-button-content-wrapper\">\n\t\t\t\t\t\t\t\t\t<span class=\"elementor-button-text\">Gratis Berodungsgespr\u00e9ich<\/span>\n\t\t\t\t\t<\/span>\n\t\t\t\t\t<\/a>\n\t\t\t\t<\/div>\n\t\t\t\t\t\t\t\t<\/div>\n\t\t\t\t<\/div>\n\t\t\t\t<\/div>\n\t\t<div class=\"elementor-element elementor-element-182606a2 e-con-full e-flex e-con e-parent\" data-id=\"182606a2\" data-element_type=\"container\" data-e-type=\"container\" data-settings=\"{&quot;background_background&quot;:&quot;classic&quot;}\">\n\t\t<div class=\"elementor-element elementor-element-141a128c e-con-full e-flex e-con e-child\" data-id=\"141a128c\" data-element_type=\"container\" data-e-type=\"container\">\n\t\t<div class=\"elementor-element elementor-element-2e15739d e-con-full e-flex e-con e-child\" data-id=\"2e15739d\" data-element_type=\"container\" data-e-type=\"container\">\n\t\t\t\t<div class=\"elementor-element elementor-element-593b945b elementor-widget elementor-widget-heading\" data-id=\"593b945b\" data-element_type=\"widget\" data-e-type=\"widget\" data-widget_type=\"heading.default\">\n\t\t\t\t<div class=\"elementor-widget-container\">\n\t\t\t\t\t<h2 class=\"elementor-heading-title elementor-size-default\">\"Mir h\u00e4tten ni\u00a0geduecht\u00a0\u00a0dass et souvill Aarbecht\u00a0ass\"<\/h2>\t\t\t\t<\/div>\n\t\t\t\t<\/div>\n\t\t\t\t<div class=\"elementor-element elementor-element-3eb76cf7 elementor-widget elementor-widget-text-editor\" data-id=\"3eb76cf7\" data-element_type=\"widget\" data-e-type=\"widget\" data-widget_type=\"text-editor.default\">\n\t\t\t\t<div class=\"elementor-widget-container\">\n\t\t\t\t\t\t\t\t\t<p><span>D\u00e9i m\u00ebschte Brautkoppelen d\u00e9i mat mir zesumme schaffen, mierke w\u00e9ivill Aarbecht se k\u00ebnnen u mech ofginn. Dass se un sech guer net mei souvill mat de Virbereedunge vun der Hochz\u00e4it ze\u00a0dinn\u00a0hunn. Se soe mir hir W\u00ebnsch a Virstellunge wei Hochz\u00e4it ausgesinn soll. Dat ganzt Organisatorescht a B\u00fcrokratescht leit bei mir. An de Gespr\u00e9icher bemierken se\u00a0ereicht wat\u00a0alles Hannendrun ofleeft a si frou dass se all d\u00ebs Aarbecht net hunn!<\/span><\/p>\t\t\t\t\t\t\t\t<\/div>\n\t\t\t\t<\/div>\n\t\t\t\t<div class=\"elementor-element elementor-element-2090abd elementor-align-left elementor-mobile-align-center elementor-widget elementor-widget-global elementor-global-1837 elementor-widget-button\" data-id=\"2090abd\" data-element_type=\"widget\" data-e-type=\"widget\" data-widget_type=\"button.default\">\n\t\t\t\t<div class=\"elementor-widget-container\">\n\t\t\t\t\t\t\t\t\t<div class=\"elementor-button-wrapper\">\n\t\t\t\t\t<a class=\"elementor-button elementor-button-link elementor-size-sm\" href=\"https:\/\/dream-wedding-by-mia.eu\/fr\/gratis-berodung\/\" target=\"_blank\">\n\t\t\t\t\t\t<span class=\"elementor-button-content-wrapper\">\n\t\t\t\t\t\t\t\t\t<span class=\"elementor-button-text\">Gratis Berodungsgespr\u00e9ich<\/span>\n\t\t\t\t\t<\/span>\n\t\t\t\t\t<\/a>\n\t\t\t\t<\/div>\n\t\t\t\t\t\t\t\t<\/div>\n\t\t\t\t<\/div>\n\t\t\t\t<\/div>\n\t\t\t\t<\/div>\n\t\t<div class=\"elementor-element elementor-element-3f6b6df9 e-con-full e-flex e-con e-child\" data-id=\"3f6b6df9\" data-element_type=\"container\" data-e-type=\"container\" data-settings=\"{&quot;background_background&quot;:&quot;classic&quot;}\">\n\t\t\t\t<\/div>\n\t\t\t\t<\/div>\n\t\t\t\t<\/div>","protected":false},"excerpt":{"rendered":"<p>All in one Hochz\u00e4itsplanung Fir wien ass d\u00ebse Pak genau dat Richtegt? Dir sidd beruffst\u00e4teg oder souguer schonn Elteren. Oft weess een net, w\u00e9i ee Beruff an d&#8217;Privatliewen \u00ebnnert een Hutt soll kr\u00e9ien. Eigentlech well een sech jo entspaant op s\u00e4in Hochz\u00e4itsdag virbereeden, awer w\u00e9i soll dat alles fonction\u00e9ieren, wann den Dag n\u00ebmme 24 Stonnen [&hellip;]<\/p>\n","protected":false},"author":2,"featured_media":0,"parent":0,"menu_order":0,"comment_status":"closed","ping_status":"closed","template":"elementor_header_footer","meta":{"_acf_changed":false,"footnotes":""},"class_list":["post-1783","page","type-page","status-publish","hentry"],"acf":[],"_links":{"self":[{"href":"https:\/\/dream-wedding-by-mia.eu\/fr\/wp-json\/wp\/v2\/pages\/1783","targetHints":{"allow":["GET"]}}],"collection":[{"href":"https:\/\/dream-wedding-by-mia.eu\/fr\/wp-json\/wp\/v2\/pages"}],"about":[{"href":"https:\/\/dream-wedding-by-mia.eu\/fr\/wp-json\/wp\/v2\/types\/page"}],"author":[{"embeddable":true,"href":"https:\/\/dream-wedding-by-mia.eu\/fr\/wp-json\/wp\/v2\/users\/2"}],"replies":[{"embeddable":true,"href":"https:\/\/dream-wedding-by-mia.eu\/fr\/wp-json\/wp\/v2\/comments?post=1783"}],"version-history":[{"count":10,"href":"https:\/\/dream-wedding-by-mia.eu\/fr\/wp-json\/wp\/v2\/pages\/1783\/revisions"}],"predecessor-version":[{"id":2031,"href":"https:\/\/dream-wedding-by-mia.eu\/fr\/wp-json\/wp\/v2\/pages\/1783\/revisions\/2031"}],"wp:attachment":[{"href":"https:\/\/dream-wedding-by-mia.eu\/fr\/wp-json\/wp\/v2\/media?parent=1783"}],"curies":[{"name":"wp","href":"https:\/\/api.w.org\/{rel}","templated":true}]}}