{"id":1776,"date":"2025-04-06T20:23:20","date_gmt":"2025-04-06T18:23:20","guid":{"rendered":"https:\/\/dream-wedding-by-mia.eu\/uber-mich-2\/"},"modified":"2026-03-17T15:43:14","modified_gmt":"2026-03-17T14:43:14","slug":"iwwer-mech","status":"publish","type":"page","link":"https:\/\/dream-wedding-by-mia.eu\/fr\/iwwer-mech\/","title":{"rendered":"Sur moi"},"content":{"rendered":"<div data-elementor-type=\"wp-page\" data-elementor-id=\"1776\" class=\"elementor elementor-1776\" data-elementor-post-type=\"page\">\n\t\t\t\t<div class=\"elementor-element elementor-element-2ccac9e6 e-con-full e-flex e-con e-parent\" data-id=\"2ccac9e6\" data-element_type=\"container\" data-e-type=\"container\">\n\t\t<div class=\"elementor-element elementor-element-4d7313f7 e-con-full e-flex e-con e-child\" data-id=\"4d7313f7\" data-element_type=\"container\" data-e-type=\"container\" data-settings=\"{&quot;background_background&quot;:&quot;classic&quot;}\">\n\t\t\t\t<div class=\"elementor-element elementor-element-197bc1c1 elementor-widget elementor-widget-heading\" data-id=\"197bc1c1\" data-element_type=\"widget\" data-e-type=\"widget\" data-widget_type=\"heading.default\">\n\t\t\t\t<div class=\"elementor-widget-container\">\n\t\t\t\t\t<h1 class=\"elementor-heading-title elementor-size-default\">Iwwer mech als Weddingplanerin<\/h1>\t\t\t\t<\/div>\n\t\t\t\t<\/div>\n\t\t\t\t<\/div>\n\t\t<div class=\"elementor-element elementor-element-5bb1976e e-con-full e-flex e-con e-child\" data-id=\"5bb1976e\" data-element_type=\"container\" data-e-type=\"container\" data-settings=\"{&quot;background_background&quot;:&quot;classic&quot;}\">\n\t\t<div class=\"elementor-element elementor-element-41fbd3e3 e-con-full e-flex e-con e-child\" data-id=\"41fbd3e3\" data-element_type=\"container\" data-e-type=\"container\" data-settings=\"{&quot;background_background&quot;:&quot;classic&quot;}\">\n\t\t\t\t<div class=\"elementor-element elementor-element-3e085b6 elementor-widget elementor-widget-heading\" data-id=\"3e085b6\" data-element_type=\"widget\" data-e-type=\"widget\" data-widget_type=\"heading.default\">\n\t\t\t\t<div class=\"elementor-widget-container\">\n\t\t\t\t\t<h2 class=\"elementor-heading-title elementor-size-default\">W\u00e9i ech zu Weddingplanerin ginn sinn<\/h2>\t\t\t\t<\/div>\n\t\t\t\t<\/div>\n\t\t\t\t<div class=\"elementor-element elementor-element-4618156d elementor-widget elementor-widget-text-editor\" data-id=\"4618156d\" data-element_type=\"widget\" data-e-type=\"widget\" data-widget_type=\"text-editor.default\">\n\t\t\t\t<div class=\"elementor-widget-container\">\n\t\t\t\t\t\t\t\t\t<p>Komm mir f\u00e4nken a menger Kandheet un. Hei wosst jiddereen, dass ech super g\u00e4r organis\u00e9ieren. Keen war virun enger Iwwerraschungsparty s\u00e9cher. Keng Panik, ech weess, dass \u00c4r Hochz\u00e4it op kee Fall mat engem Gebuertsdag ze vergl\u00e4ichen ass. Fir eng\u00a0Hochz\u00e4it\u00a0geet et\u00a0kee\u00a0Prouf Dag an, beschtefalls geet een och just emol\u00a0Bestuet.\u00a0<\/p><p>Duerch meng eegen Hochz\u00e4it hunn ech gemierkt, och wann ee selwer g\u00e4re plangt, een trotzdeem den Dag selwer eng Persoun brauch d\u00e9i koordin\u00e9iert. D\u00ebs soll op kee Fall eng Persoun aus dem enksten \u00cbmfeld sinn. Persoun soll sech an da Hochz\u00e4its Branche auskennen. Dow\u00e9inst hunn ech mech dozou entscheet meng Passioun zu mengem Beruff ze maachen a mech \u00ebmmer um neiste Stand ze halen, fir dass dir ni w\u00e4ert eng 08-15 Hochz\u00e4it feieren a Stress op \u00e4rer Hochz\u00e4it verspieren.\u00a0<\/p>\t\t\t\t\t\t\t\t<\/div>\n\t\t\t\t<\/div>\n\t\t\t\t<\/div>\n\t\t<div class=\"elementor-element elementor-element-2aa6feb9 e-con-full elementor-hidden-mobile e-flex e-con e-child\" data-id=\"2aa6feb9\" data-element_type=\"container\" data-e-type=\"container\">\n\t\t\t\t<div class=\"elementor-element elementor-element-65f80211 elementor-widget elementor-widget-theme-site-logo elementor-widget-image\" data-id=\"65f80211\" data-element_type=\"widget\" data-e-type=\"widget\" data-widget_type=\"theme-site-logo.default\">\n\t\t\t\t<div class=\"elementor-widget-container\">\n\t\t\t\t\t\t\t\t\t\t\t<a href=\"https:\/\/dream-wedding-by-mia.eu\/fr\">\n\t\t\t<img fetchpriority=\"high\" decoding=\"async\" width=\"500\" height=\"500\" src=\"https:\/\/dream-wedding-by-mia.eu\/wp-content\/uploads\/logo-mia-1.svg\" class=\"attachment-full size-full wp-image-1817\" alt=\"\" \/>\t\t\t\t<\/a>\n\t\t\t\t\t\t\t\t\t\t\t<\/div>\n\t\t\t\t<\/div>\n\t\t\t\t<\/div>\n\t\t\t\t<\/div>\n\t\t\t\t<\/div>\n\t\t<div class=\"elementor-element elementor-element-2a340612 e-con-full e-flex e-con e-parent\" data-id=\"2a340612\" data-element_type=\"container\" data-e-type=\"container\" data-settings=\"{&quot;background_background&quot;:&quot;classic&quot;}\">\n\t\t\t\t<div class=\"elementor-element elementor-element-6c5c35fe elementor-widget elementor-widget-heading\" data-id=\"6c5c35fe\" data-element_type=\"widget\" data-e-type=\"widget\" data-widget_type=\"heading.default\">\n\t\t\t\t<div class=\"elementor-widget-container\">\n\t\t\t\t\t<h2 class=\"elementor-heading-title elementor-size-default\">Meng Philosophie<\/h2>\t\t\t\t<\/div>\n\t\t\t\t<\/div>\n\t\t\t\t<div class=\"elementor-element elementor-element-41d832cc elementor-widget elementor-widget-heading\" data-id=\"41d832cc\" data-element_type=\"widget\" data-e-type=\"widget\" data-widget_type=\"heading.default\">\n\t\t\t\t<div class=\"elementor-widget-container\">\n\t\t\t\t\t<h3 class=\"elementor-heading-title elementor-size-default\">als Weddingplanerin zu Luxemburg<\/h3>\t\t\t\t<\/div>\n\t\t\t\t<\/div>\n\t\t\t\t<div class=\"elementor-element elementor-element-1935b302 elementor-widget__width-initial elementor-widget elementor-widget-text-editor\" data-id=\"1935b302\" data-element_type=\"widget\" data-e-type=\"widget\" data-widget_type=\"text-editor.default\">\n\t\t\t\t<div class=\"elementor-widget-container\">\n\t\t\t\t\t\t\t\t\t<p>Ech sinn net d\u00e9i Persoun d\u00e9i mat Glitzer \u00ebm sech geheit. Ech sinn dat, dat am Hannergrond all Riedchen dr\u00e9int, dass dir \u00c4re grousse Moment gen\u00e9isse k\u00ebnnt. Ech sinn dat, dat och ee kille Kapp beh\u00e4lt, wann de Wand engem em Ouere bl\u00e9ist.<\/p><p>Eng Hochz\u00e4it a L\u00ebtzebuerg ass keng Printerest- Fotostory, Vun der Schw\u00e9iermamm d\u00e9i mengt si misst alles kontroll\u00e9ieren, bis bei de Fotograf deen sech verfuer huet. Ech hu scho m\u00e9i &#8220;Dramaen&#8221; gel\u00e9ist w\u00e9i en Urgence-Dokter Plooschtere gepecht huet.<\/p><p>Wann dir eng Planerin sicht d\u00e9i iech just mat K\u00e4erzen a Blummen zousch\u00ebtt, da sinn ech net d\u00e9i richteg Persoun. Wann dir awer eng sicht d\u00e9i och nach d&#8217;Nerve beh\u00e4lt wann de Kuch \u00ebmf\u00e4lt, d&#8217;Freiriednerin hiren Text vergiess huet an d&#8217;Wieder m\u00e9cht wat et w\u00ebll dann si mir um selwechten Niveau.<\/p><p>Well um Enn vum Dag ass et just wichteg dass dir als Koppel \u00c4re Moment gen\u00e9isse konnt. An dozou geh\u00e9iert datt dir eng Weddingplanerin un \u00c4rer S\u00e4it hutt d\u00e9i alles am Gr\u00ebff huet och wann d&#8217;Welt \u00ebnnergeet.<\/p><p>Ech si knallhaart an \u00e9ierlech, ouni Firlefanz, mat der n\u00e9ideger Rou a Gedold fir all Situatioun ze meeschteren.<\/p>\t\t\t\t\t\t\t\t<\/div>\n\t\t\t\t<\/div>\n\t\t\t\t<\/div>\n\t\t<div class=\"elementor-element elementor-element-3728fdf e-con-full e-flex e-con e-parent\" data-id=\"3728fdf\" data-element_type=\"container\" data-e-type=\"container\" data-settings=\"{&quot;background_background&quot;:&quot;classic&quot;}\">\n\t\t<div class=\"elementor-element elementor-element-4a9e1518 e-con-full e-flex e-con e-child\" data-id=\"4a9e1518\" data-element_type=\"container\" data-e-type=\"container\">\n\t\t<div class=\"elementor-element elementor-element-444676a2 e-con-full e-flex e-con e-child\" data-id=\"444676a2\" data-element_type=\"container\" data-e-type=\"container\">\n\t\t\t\t<div class=\"elementor-element elementor-element-568d3a9a elementor-widget elementor-widget-heading\" data-id=\"568d3a9a\" data-element_type=\"widget\" data-e-type=\"widget\" data-widget_type=\"heading.default\">\n\t\t\t\t<div class=\"elementor-widget-container\">\n\t\t\t\t\t<h2 class=\"elementor-heading-title elementor-size-default\">Wat bedeit \u00c4sthetik an Exklusivit\u00e9it fir mech?<\/h2>\t\t\t\t<\/div>\n\t\t\t\t<\/div>\n\t\t\t\t<div class=\"elementor-element elementor-element-3a57f222 elementor-widget elementor-widget-text-editor\" data-id=\"3a57f222\" data-element_type=\"widget\" data-e-type=\"widget\" data-widget_type=\"text-editor.default\">\n\t\t\t\t<div class=\"elementor-widget-container\">\n\t\t\t\t\t\t\t\t\t<p>\u00c4sthetik ass ganz kloer net 1 Konzept, dat 1 zu 1 aus dem Hochz\u00e4itskatalog kennt. Eng Locatioun huet hir S\u00e9il, net well se &#8220;trendy&#8221; ass, mee well se CHARAKTER huet an duerch \u00c4ren individuelle Style looss dir \u00c4r pers\u00e9inlech Nout dran afl\u00e9issen. \u00c4sthetik ass fir mech eppes wat WIERKUNG huet, net eppes wat een op Printerest kop\u00e9iert. Et ass d&#8217;Konscht ze w\u00ebsse wat eng Plaz, eng St\u00ebmmung, ee Moment ausm\u00e9cht.<\/p><p>Exklusiv heescht net deier oder Luxus. Et heescht ze w\u00ebsse wou d\u00e9i RICHTEG Plazen an d\u00e9i RICHTEG Momenter sinn. Exklusiv l\u00e4it an den Detailer d\u00e9i een net ka kop\u00e9ieren, well si aus dem H\u00e4erz kommen a just zu Iech als Koppel passen.<\/p>\t\t\t\t\t\t\t\t<\/div>\n\t\t\t\t<\/div>\n\t\t\t\t<div class=\"elementor-element elementor-element-a76e433 elementor-align-left elementor-mobile-align-center elementor-widget elementor-widget-global elementor-global-1837 elementor-widget-button\" data-id=\"a76e433\" data-element_type=\"widget\" data-e-type=\"widget\" data-widget_type=\"button.default\">\n\t\t\t\t<div class=\"elementor-widget-container\">\n\t\t\t\t\t\t\t\t\t<div class=\"elementor-button-wrapper\">\n\t\t\t\t\t<a class=\"elementor-button elementor-button-link elementor-size-sm\" href=\"https:\/\/dream-wedding-by-mia.eu\/fr\/gratis-berodung\/\" target=\"_blank\">\n\t\t\t\t\t\t<span class=\"elementor-button-content-wrapper\">\n\t\t\t\t\t\t\t\t\t<span class=\"elementor-button-text\">Gratis Berodungsgespr\u00e9ich<\/span>\n\t\t\t\t\t<\/span>\n\t\t\t\t\t<\/a>\n\t\t\t\t<\/div>\n\t\t\t\t\t\t\t\t<\/div>\n\t\t\t\t<\/div>\n\t\t\t\t<\/div>\n\t\t\t\t<\/div>\n\t\t<div class=\"elementor-element elementor-element-66ad072 e-con-full e-flex e-con e-child\" data-id=\"66ad072\" data-element_type=\"container\" data-e-type=\"container\" data-settings=\"{&quot;background_background&quot;:&quot;classic&quot;}\">\n\t\t\t\t<\/div>\n\t\t\t\t<\/div>\n\t\t<div class=\"elementor-element elementor-element-593f1c85 e-con-full e-flex e-con e-parent\" data-id=\"593f1c85\" data-element_type=\"container\" data-e-type=\"container\" data-settings=\"{&quot;background_background&quot;:&quot;classic&quot;}\">\n\t\t<div class=\"elementor-element elementor-element-3e36f485 e-con-full e-flex e-con e-child\" data-id=\"3e36f485\" data-element_type=\"container\" data-e-type=\"container\">\n\t\t<div class=\"elementor-element elementor-element-8bca89d e-con-full e-flex e-con e-child\" data-id=\"8bca89d\" data-element_type=\"container\" data-e-type=\"container\">\n\t\t<div class=\"elementor-element elementor-element-2582f0e5 e-con-full e-flex e-con e-child\" data-id=\"2582f0e5\" data-element_type=\"container\" data-e-type=\"container\">\n\t\t\t\t<div class=\"elementor-element elementor-element-99c936f elementor--star-style-star_unicode elementor-pagination-type-bullets elementor-review--has-separator elementor-widget elementor-widget-global elementor-global-1884 elementor-widget-reviews\" data-id=\"99c936f\" data-element_type=\"widget\" data-e-type=\"widget\" data-settings=\"{&quot;slides_per_view&quot;:&quot;3&quot;,&quot;space_between_tablet&quot;:{&quot;unit&quot;:&quot;px&quot;,&quot;size&quot;:7,&quot;sizes&quot;:[]},&quot;space_between_mobile&quot;:{&quot;unit&quot;:&quot;px&quot;,&quot;size&quot;:0,&quot;sizes&quot;:[]},&quot;pagination&quot;:&quot;bullets&quot;,&quot;speed&quot;:500,&quot;space_between&quot;:{&quot;unit&quot;:&quot;px&quot;,&quot;size&quot;:10,&quot;sizes&quot;:[]}}\" data-widget_type=\"reviews.default\">\n\t\t\t\t<div class=\"elementor-widget-container\">\n\t\t\t\t\t\t\t\t\t<div class=\"elementor-swiper\">\n\t\t\t\t\t<div class=\"elementor-main-swiper swiper\" role=\"region\" aria-roledescription=\"carousel\" aria-label=\"Slider\">\n\t\t\t\t<div class=\"swiper-wrapper\">\n\t\t\t\t\t\t\t\t\t\t\t<div class=\"swiper-slide\" role=\"group\" aria-roledescription=\"slide\">\n\t\t\t\t\t\t\t\t\t<div class=\"elementor-testimonial elementor-repeater-item-db58641\">\n\t\t\t\t\t\t\t<div class=\"elementor-testimonial__header\">\n\t\t\t\t\t\t\t\t\t\t\t<div class=\"elementor-testimonial__image\">\n\t\t\t\t\t\t\t<img decoding=\"async\" src=\"https:\/\/dream-wedding-by-mia.eu\/wp-content\/uploads\/luxemburg-strandhochzeit-mia-weydert-hochzeitsplanerin.jpeg\" alt=\"Sarah P.\">\n\t\t\t\t\t\t\t\t\t\t\t\t\t<\/div>\n\t\t\t\t\t\t\t\t\t\t<cite class=\"elementor-testimonial__cite\"><span class=\"elementor-testimonial__name\">Sarah P.<\/span><div class=\"elementor-star-rating\"><i class=\"elementor-star-full\">&#9733;<\/i><i class=\"elementor-star-full\">&#9733;<\/i><i class=\"elementor-star-full\">&#9733;<\/i><i class=\"elementor-star-full\">&#9733;<\/i><i class=\"elementor-star-full\">&#9733;<\/i><\/div><\/cite>\t\t\t\t\t<div class=\"elementor-testimonial__icon elementor-icon elementor-icon-\" aria-label=\"Lire plus\"><\/div>\t\t\t\t<\/div>\n\t\t\t\t\t\t\t\t\t\t<div class=\"elementor-testimonial__content\">\n\t\t\t\t\t<div class=\"elementor-testimonial__text\">\n\t\t\t\t\t\tAls Trauzeugin sinn ech ganz dankbar fir dem Mia seng Arbecht bei der Hochzait vu menger Frendin. Hat war emmer ereechbar an konnt all Fro be\u00e4ntwerten an all Onkloerheeten aus dem Wee schaafen. Den Daag selwer huet hat sech immens l\u00e9if em eis all gekemmert, an un alles geduecht, sou dat mir guer kee Stress haaten.\nMerci dir deng Arbecht Mia!\t\t\t\t\t<\/div>\n\t\t\t\t<\/div>\n\t\t\t\t\t<\/div>\n\t\t\t\t\t\t\t\t<\/div>\n\t\t\t\t\t\t\t\t\t<\/div>\n\t\t\t\t\t\t\t<\/div>\n\t\t\t\t<\/div>\n\t\t\t\t\t\t\t\t<\/div>\n\t\t\t\t<\/div>\n\t\t\t\t<\/div>\n\t\t<div class=\"elementor-element elementor-element-7a51e80 e-con-full e-flex e-con e-child\" data-id=\"7a51e80\" data-element_type=\"container\" data-e-type=\"container\">\n\t\t\t\t<div class=\"elementor-element elementor-element-d57a13d elementor--star-style-star_unicode elementor-pagination-type-bullets elementor-review--has-separator elementor-widget elementor-widget-global elementor-global-1887 elementor-widget-reviews\" data-id=\"d57a13d\" data-element_type=\"widget\" data-e-type=\"widget\" data-settings=\"{&quot;slides_per_view&quot;:&quot;3&quot;,&quot;space_between_tablet&quot;:{&quot;unit&quot;:&quot;px&quot;,&quot;size&quot;:7,&quot;sizes&quot;:[]},&quot;space_between_mobile&quot;:{&quot;unit&quot;:&quot;px&quot;,&quot;size&quot;:0,&quot;sizes&quot;:[]},&quot;pagination&quot;:&quot;bullets&quot;,&quot;speed&quot;:500,&quot;space_between&quot;:{&quot;unit&quot;:&quot;px&quot;,&quot;size&quot;:10,&quot;sizes&quot;:[]}}\" data-widget_type=\"reviews.default\">\n\t\t\t\t<div class=\"elementor-widget-container\">\n\t\t\t\t\t\t\t\t\t<div class=\"elementor-swiper\">\n\t\t\t\t\t<div class=\"elementor-main-swiper swiper\" role=\"region\" aria-roledescription=\"carousel\" aria-label=\"Slider\">\n\t\t\t\t<div class=\"swiper-wrapper\">\n\t\t\t\t\t\t\t\t\t\t\t<div class=\"swiper-slide\" role=\"group\" aria-roledescription=\"slide\">\n\t\t\t\t\t\t\t\t\t<div class=\"elementor-testimonial elementor-repeater-item-db58641\">\n\t\t\t\t\t\t\t<div class=\"elementor-testimonial__header\">\n\t\t\t\t\t\t\t\t\t\t\t<div class=\"elementor-testimonial__image\">\n\t\t\t\t\t\t\t<img decoding=\"async\" src=\"https:\/\/dream-wedding-by-mia.eu\/wp-content\/uploads\/ringtausch-am-strand-luxushochzeiten-in-luxemburg-mit-mia-weydert.jpeg\" alt=\"Claudine\">\n\t\t\t\t\t\t\t\t\t\t\t\t\t<\/div>\n\t\t\t\t\t\t\t\t\t\t<cite class=\"elementor-testimonial__cite\"><span class=\"elementor-testimonial__name\">Claudine<\/span><div class=\"elementor-star-rating\"><i class=\"elementor-star-full\">&#9733;<\/i><i class=\"elementor-star-full\">&#9733;<\/i><i class=\"elementor-star-full\">&#9733;<\/i><i class=\"elementor-star-full\">&#9733;<\/i><i class=\"elementor-star-full\">&#9733;<\/i><\/div><\/cite>\t\t\t\t\t<div class=\"elementor-testimonial__icon elementor-icon elementor-icon-\" aria-label=\"Lire plus\"><\/div>\t\t\t\t<\/div>\n\t\t\t\t\t\t\t\t\t\t<div class=\"elementor-testimonial__content\">\n\t\t\t\t\t<div class=\"elementor-testimonial__text\">\n\t\t\t\t\t\tD'Mia war einfach SUPER! Ech weess net wat mir ouni hatt gemaach h\u00e4tten. Am Ufank vun eiser Hochz\u00e4itsplanung hu mir Zweifel ob mir iwwerhaapt d'H\u00ebllef vun engem Hochz\u00e4itsplaner gebraucht hunn, awer dunn hu mir decid\u00e9iert d'Mia fir eisen Hochz\u00e4itsdag ze buchen. A w\u00e9i frou ware mir iwwer d\u00ebs Decisioun!!! Mir waren a reegelm\u00e9issege Kontakt mat Mia och virun der Hochz\u00e4it. (...)\t\t\t\t\t<\/div>\n\t\t\t\t<\/div>\n\t\t\t\t\t<\/div>\n\t\t\t\t\t\t\t\t<\/div>\n\t\t\t\t\t\t\t\t\t<\/div>\n\t\t\t\t\t\t\t<\/div>\n\t\t\t\t<\/div>\n\t\t\t\t\t\t\t\t<\/div>\n\t\t\t\t<\/div>\n\t\t\t\t<\/div>\n\t\t<div class=\"elementor-element elementor-element-1058505b e-con-full e-flex e-con e-child\" data-id=\"1058505b\" data-element_type=\"container\" data-e-type=\"container\">\n\t\t\t\t<div class=\"elementor-element elementor-element-a857296 elementor--star-style-star_unicode elementor-pagination-type-bullets elementor-review--has-separator elementor-widget elementor-widget-global elementor-global-1890 elementor-widget-reviews\" data-id=\"a857296\" data-element_type=\"widget\" data-e-type=\"widget\" data-settings=\"{&quot;slides_per_view&quot;:&quot;3&quot;,&quot;space_between_tablet&quot;:{&quot;unit&quot;:&quot;px&quot;,&quot;size&quot;:7,&quot;sizes&quot;:[]},&quot;space_between_mobile&quot;:{&quot;unit&quot;:&quot;px&quot;,&quot;size&quot;:0,&quot;sizes&quot;:[]},&quot;pagination&quot;:&quot;bullets&quot;,&quot;speed&quot;:500,&quot;space_between&quot;:{&quot;unit&quot;:&quot;px&quot;,&quot;size&quot;:10,&quot;sizes&quot;:[]}}\" data-widget_type=\"reviews.default\">\n\t\t\t\t<div class=\"elementor-widget-container\">\n\t\t\t\t\t\t\t\t\t<div class=\"elementor-swiper\">\n\t\t\t\t\t<div class=\"elementor-main-swiper swiper\" role=\"region\" aria-roledescription=\"carousel\" aria-label=\"Slider\">\n\t\t\t\t<div class=\"swiper-wrapper\">\n\t\t\t\t\t\t\t\t\t\t\t<div class=\"swiper-slide\" role=\"group\" aria-roledescription=\"slide\">\n\t\t\t\t\t\t\t\t\t<div class=\"elementor-testimonial elementor-repeater-item-db58641\">\n\t\t\t\t\t\t\t<div class=\"elementor-testimonial__header\">\n\t\t\t\t\t\t\t\t\t\t\t<div class=\"elementor-testimonial__image\">\n\t\t\t\t\t\t\t<img decoding=\"async\" src=\"https:\/\/dream-wedding-by-mia.eu\/wp-content\/uploads\/heiraten-im-schloss-hochzeit-in-luxemburg.jpeg\" alt=\"Patricia Venancio\">\n\t\t\t\t\t\t\t\t\t\t\t\t\t<\/div>\n\t\t\t\t\t\t\t\t\t\t<cite class=\"elementor-testimonial__cite\"><span class=\"elementor-testimonial__name\">Patricia Venancio<\/span><div class=\"elementor-star-rating\"><i class=\"elementor-star-full\">&#9733;<\/i><i class=\"elementor-star-full\">&#9733;<\/i><i class=\"elementor-star-full\">&#9733;<\/i><i class=\"elementor-star-full\">&#9733;<\/i><i class=\"elementor-star-full\">&#9733;<\/i><\/div><\/cite>\t\t\t\t\t<div class=\"elementor-testimonial__icon elementor-icon elementor-icon-\" aria-label=\"Lire plus\"><\/div>\t\t\t\t<\/div>\n\t\t\t\t\t\t\t\t\t\t<div class=\"elementor-testimonial__content\">\n\t\t\t\t\t<div class=\"elementor-testimonial__text\">\n\t\t\t\t\t\tEinfach WOW! \ud83e\udd0d\n\nWat h\u00e4tte mir ouni dech gemaach? Am Ufank ware mir net s\u00e9cher, ob mir wierklech e Koordinator haten. Mee et war definitiv derw\u00e4ert! Et huet sech als d\u00e9i bescht Entscheedung erausgestallt. (...)\t\t\t\t\t<\/div>\n\t\t\t\t<\/div>\n\t\t\t\t\t<\/div>\n\t\t\t\t\t\t\t\t<\/div>\n\t\t\t\t\t\t\t\t\t<\/div>\n\t\t\t\t\t\t\t<\/div>\n\t\t\t\t<\/div>\n\t\t\t\t\t\t\t\t<\/div>\n\t\t\t\t<\/div>\n\t\t\t\t<\/div>\n\t\t\t\t<\/div>\n\t\t\t\t<\/div>\n\t\t\t\t<\/div>\n\t\t\t\t<\/div>","protected":false},"excerpt":{"rendered":"<p>Iwwer mech als Weddingplanerin W\u00e9i ech zu Weddingplanerin ginn sinn Komm mir f\u00e4nken a menger Kandheet un. Hei wosst jiddereen, dass ech super g\u00e4r organis\u00e9ieren. Keen war virun enger Iwwerraschungsparty s\u00e9cher. Keng Panik, ech weess, dass \u00c4r Hochz\u00e4it op kee Fall mat engem Gebuertsdag ze vergl\u00e4ichen ass. Fir eng\u00a0Hochz\u00e4it\u00a0geet et\u00a0kee\u00a0Prouf Dag an, beschtefalls geet een [&hellip;]<\/p>\n","protected":false},"author":2,"featured_media":0,"parent":0,"menu_order":0,"comment_status":"closed","ping_status":"closed","template":"elementor_header_footer","meta":{"_acf_changed":false,"footnotes":""},"class_list":["post-1776","page","type-page","status-publish","hentry"],"acf":[],"_links":{"self":[{"href":"https:\/\/dream-wedding-by-mia.eu\/fr\/wp-json\/wp\/v2\/pages\/1776","targetHints":{"allow":["GET"]}}],"collection":[{"href":"https:\/\/dream-wedding-by-mia.eu\/fr\/wp-json\/wp\/v2\/pages"}],"about":[{"href":"https:\/\/dream-wedding-by-mia.eu\/fr\/wp-json\/wp\/v2\/types\/page"}],"author":[{"embeddable":true,"href":"https:\/\/dream-wedding-by-mia.eu\/fr\/wp-json\/wp\/v2\/users\/2"}],"replies":[{"embeddable":true,"href":"https:\/\/dream-wedding-by-mia.eu\/fr\/wp-json\/wp\/v2\/comments?post=1776"}],"version-history":[{"count":10,"href":"https:\/\/dream-wedding-by-mia.eu\/fr\/wp-json\/wp\/v2\/pages\/1776\/revisions"}],"predecessor-version":[{"id":3372,"href":"https:\/\/dream-wedding-by-mia.eu\/fr\/wp-json\/wp\/v2\/pages\/1776\/revisions\/3372"}],"wp:attachment":[{"href":"https:\/\/dream-wedding-by-mia.eu\/fr\/wp-json\/wp\/v2\/media?parent=1776"}],"curies":[{"name":"wp","href":"https:\/\/api.w.org\/{rel}","templated":true}]}}