{"id":41,"date":"2023-04-30T21:33:06","date_gmt":"2023-04-30T19:33:06","guid":{"rendered":"https:\/\/dream-wedding-by-mia.eu\/vielen-dank-fuer-eure-anfrage\/"},"modified":"2025-05-15T16:21:43","modified_gmt":"2025-05-15T14:21:43","slug":"merci","status":"publish","type":"page","link":"https:\/\/dream-wedding-by-mia.eu\/de_lu\/merci\/","title":{"rendered":"Merci"},"content":{"rendered":"\t\t<div data-elementor-type=\"wp-page\" data-elementor-id=\"41\" class=\"elementor elementor-41\" data-elementor-post-type=\"page\">\n\t\t\t\t\t\t<section class=\"elementor-section elementor-top-section elementor-element elementor-element-e1ffe97 elementor-section-boxed elementor-section-height-default elementor-section-height-default\" data-id=\"e1ffe97\" data-element_type=\"section\" data-e-type=\"section\" data-settings=\"{&quot;background_background&quot;:&quot;classic&quot;}\">\n\t\t\t\t\t\t<div class=\"elementor-container elementor-column-gap-no\">\n\t\t\t\t\t<div class=\"elementor-column elementor-col-100 elementor-top-column elementor-element elementor-element-5eb392c\" data-id=\"5eb392c\" data-element_type=\"column\" data-e-type=\"column\">\n\t\t\t<div class=\"elementor-widget-wrap elementor-element-populated\">\n\t\t\t\t\t\t<section class=\"elementor-section elementor-inner-section elementor-element elementor-element-b44c861 elementor-section-full_width elementor-section-content-middle elementor-reverse-mobile elementor-section-height-default elementor-section-height-default\" data-id=\"b44c861\" data-element_type=\"section\" data-e-type=\"section\">\n\t\t\t\t\t\t<div class=\"elementor-container elementor-column-gap-extended\">\n\t\t\t\t\t<div class=\"elementor-column elementor-col-50 elementor-inner-column elementor-element elementor-element-d1e62e7\" data-id=\"d1e62e7\" data-element_type=\"column\" data-e-type=\"column\">\n\t\t\t<div class=\"elementor-widget-wrap elementor-element-populated\">\n\t\t\t\t\t\t<div class=\"elementor-element elementor-element-1097d2e elementor-widget elementor-widget-image\" data-id=\"1097d2e\" data-element_type=\"widget\" data-e-type=\"widget\" data-widget_type=\"image.default\">\n\t\t\t\t<div class=\"elementor-widget-container\">\n\t\t\t\t\t\t\t\t\t\t\t\t\t\t\t<img fetchpriority=\"high\" decoding=\"async\" width=\"1707\" height=\"2560\" src=\"https:\/\/dream-wedding-by-mia.eu\/wp-content\/uploads\/traumhafte-hochzeitslocation-wedding-planner-mia-weydert.jpg\" class=\"attachment-full size-full wp-image-1762\" alt=\"Luxuri\u00f6se Hochzeiten mit Mia Weydert - Wedding Planner\" srcset=\"https:\/\/dream-wedding-by-mia.eu\/wp-content\/uploads\/traumhafte-hochzeitslocation-wedding-planner-mia-weydert.jpg 1707w, https:\/\/dream-wedding-by-mia.eu\/wp-content\/uploads\/traumhafte-hochzeitslocation-wedding-planner-mia-weydert-200x300.jpg 200w, https:\/\/dream-wedding-by-mia.eu\/wp-content\/uploads\/traumhafte-hochzeitslocation-wedding-planner-mia-weydert-683x1024.jpg 683w, https:\/\/dream-wedding-by-mia.eu\/wp-content\/uploads\/traumhafte-hochzeitslocation-wedding-planner-mia-weydert-768x1152.jpg 768w, https:\/\/dream-wedding-by-mia.eu\/wp-content\/uploads\/traumhafte-hochzeitslocation-wedding-planner-mia-weydert-1024x1536.jpg 1024w, https:\/\/dream-wedding-by-mia.eu\/wp-content\/uploads\/traumhafte-hochzeitslocation-wedding-planner-mia-weydert-1366x2048.jpg 1366w, https:\/\/dream-wedding-by-mia.eu\/wp-content\/uploads\/traumhafte-hochzeitslocation-wedding-planner-mia-weydert-8x12.jpg 8w\" sizes=\"(max-width: 1707px) 100vw, 1707px\" \/>\t\t\t\t\t\t\t\t\t\t\t\t\t\t\t<\/div>\n\t\t\t\t<\/div>\n\t\t\t\t\t<\/div>\n\t\t<\/div>\n\t\t\t\t<div class=\"elementor-column elementor-col-50 elementor-inner-column elementor-element elementor-element-252169c\" data-id=\"252169c\" data-element_type=\"column\" data-e-type=\"column\">\n\t\t\t<div class=\"elementor-widget-wrap elementor-element-populated\">\n\t\t\t\t\t\t<div class=\"elementor-element elementor-element-88998d7 elementor-widget elementor-widget-heading\" data-id=\"88998d7\" data-element_type=\"widget\" data-e-type=\"widget\" data-widget_type=\"heading.default\">\n\t\t\t\t<div class=\"elementor-widget-container\">\n\t\t\t\t\t<h2 class=\"elementor-heading-title elementor-size-default\">Villmools Merci vir \u00e4r Ufroe\n<\/h2>\t\t\t\t<\/div>\n\t\t\t\t<\/div>\n\t\t\t\t<div class=\"elementor-element elementor-element-0a19abf elementor-widget elementor-widget-text-editor\" data-id=\"0a19abf\" data-element_type=\"widget\" data-e-type=\"widget\" data-widget_type=\"text-editor.default\">\n\t\t\t\t<div class=\"elementor-widget-container\">\n\t\t\t\t\t\t\t\t\t<p>Ech kontakt\u00e9ieren Iech bannent den n\u00e4chsten 48 Stonnen per Telefon.<br \/>An engem kuerzen Virgespr\u00e9ich w\u00e4erte mir zesummen \u00ebnnersichen, w\u00e9i w\u00e4it Dir mat \u00c4rer Hochz\u00e4itsplanung virukomm sidd a w\u00e9i ech Iech gezielt \u00ebnnerst\u00ebtzen kann.<\/p><p>Wann et gutt zu Iech passt, vereinbare mir eng gratis Berodung, bei d\u00e4r mir \u00c4r Froen an d\u00e9i n\u00e4chst Schr\u00ebtt am Detail diskut\u00e9ieren.<\/p>\t\t\t\t\t\t\t\t<\/div>\n\t\t\t\t<\/div>\n\t\t\t\t\t<\/div>\n\t\t<\/div>\n\t\t\t\t\t<\/div>\n\t\t<\/section>\n\t\t\t\t\t<\/div>\n\t\t<\/div>\n\t\t\t\t\t<\/div>\n\t\t<\/section>\n\t\t\t\t<\/div>\n\t\t","protected":false},"excerpt":{"rendered":"<p>Villmools Merci vir \u00e4r Ufroe Ech kontakt\u00e9ieren Iech bannent den n\u00e4chsten 48 Stonnen per Telefon.An engem kuerzen Virgespr\u00e9ich w\u00e4erte mir zesummen \u00ebnnersichen, w\u00e9i w\u00e4it Dir mat \u00c4rer Hochz\u00e4itsplanung virukomm sidd a w\u00e9i ech Iech gezielt \u00ebnnerst\u00ebtzen kann. Wann et gutt zu Iech passt, vereinbare mir eng gratis Berodung, bei d\u00e4r mir \u00c4r Froen an d\u00e9i [&hellip;]<\/p>\n","protected":false},"author":1,"featured_media":0,"parent":0,"menu_order":0,"comment_status":"closed","ping_status":"closed","template":"elementor_header_footer","meta":{"_acf_changed":false,"footnotes":""},"class_list":["post-41","page","type-page","status-publish","hentry"],"acf":[],"_links":{"self":[{"href":"https:\/\/dream-wedding-by-mia.eu\/de_lu\/wp-json\/wp\/v2\/pages\/41","targetHints":{"allow":["GET"]}}],"collection":[{"href":"https:\/\/dream-wedding-by-mia.eu\/de_lu\/wp-json\/wp\/v2\/pages"}],"about":[{"href":"https:\/\/dream-wedding-by-mia.eu\/de_lu\/wp-json\/wp\/v2\/types\/page"}],"author":[{"embeddable":true,"href":"https:\/\/dream-wedding-by-mia.eu\/de_lu\/wp-json\/wp\/v2\/users\/1"}],"replies":[{"embeddable":true,"href":"https:\/\/dream-wedding-by-mia.eu\/de_lu\/wp-json\/wp\/v2\/comments?post=41"}],"version-history":[{"count":10,"href":"https:\/\/dream-wedding-by-mia.eu\/de_lu\/wp-json\/wp\/v2\/pages\/41\/revisions"}],"predecessor-version":[{"id":2430,"href":"https:\/\/dream-wedding-by-mia.eu\/de_lu\/wp-json\/wp\/v2\/pages\/41\/revisions\/2430"}],"wp:attachment":[{"href":"https:\/\/dream-wedding-by-mia.eu\/de_lu\/wp-json\/wp\/v2\/media?parent=41"}],"curies":[{"name":"wp","href":"https:\/\/api.w.org\/{rel}","templated":true}]}}