{"id":2594,"date":"2025-06-23T15:23:37","date_gmt":"2025-06-23T13:23:37","guid":{"rendered":"https:\/\/dream-wedding-by-mia.eu\/?page_id=2594"},"modified":"2025-09-17T09:04:33","modified_gmt":"2025-09-17T07:04:33","slug":"gratis-berodung","status":"publish","type":"page","link":"https:\/\/dream-wedding-by-mia.eu\/de_lu\/gratis-berodung\/","title":{"rendered":"Maacht eng gratis Berodung aus"},"content":{"rendered":"\t\t<div data-elementor-type=\"wp-page\" data-elementor-id=\"2594\" class=\"elementor elementor-2594\" data-elementor-post-type=\"page\">\n\t\t\t\t<div class=\"elementor-element elementor-element-f787b9c e-flex e-con-boxed e-con e-parent\" data-id=\"f787b9c\" data-element_type=\"container\" data-e-type=\"container\">\n\t\t\t\t\t<div class=\"e-con-inner\">\n\t\t<div class=\"elementor-element elementor-element-2bd1df0 e-con-full e-flex e-con e-child\" data-id=\"2bd1df0\" data-element_type=\"container\" data-e-type=\"container\">\n\t\t\t\t<div class=\"elementor-element elementor-element-fef9ff5 elementor-widget elementor-widget-heading\" data-id=\"fef9ff5\" data-element_type=\"widget\" data-e-type=\"widget\" data-widget_type=\"heading.default\">\n\t\t\t\t<div class=\"elementor-widget-container\">\n\t\t\t\t\t<h3 class=\"elementor-heading-title elementor-size-default\">Maacht eng gratis Berodung aus<\/h3>\t\t\t\t<\/div>\n\t\t\t\t<\/div>\n\t\t\t\t<div class=\"elementor-element elementor-element-1e2575f elementor-widget elementor-widget-heading\" data-id=\"1e2575f\" data-element_type=\"widget\" data-e-type=\"widget\" data-widget_type=\"heading.default\">\n\t\t\t\t<div class=\"elementor-widget-container\">\n\t\t\t\t\t<p class=\"elementor-heading-title elementor-size-default\">Be\u00e4ntwert w.e.g. all Froen fir Iech fir eng gratis a unverbindlech Berodung unzemellen.\n<br>\n<br><i>Dauer: 1 Minutt<\/i><\/p>\t\t\t\t<\/div>\n\t\t\t\t<\/div>\n\t\t\t\t<div class=\"elementor-element elementor-element-77d79aa form-luxe elementor-button-align-stretch elementor-widget elementor-widget-form\" data-id=\"77d79aa\" data-element_type=\"widget\" data-e-type=\"widget\" data-settings=\"{&quot;step_next_label&quot;:&quot;Weiter&quot;,&quot;step_previous_label&quot;:&quot;Voriger&quot;,&quot;button_width&quot;:&quot;100&quot;,&quot;step_type&quot;:&quot;number_text&quot;,&quot;step_icon_shape&quot;:&quot;circle&quot;}\" data-widget_type=\"form.default\">\n\t\t\t\t<div class=\"elementor-widget-container\">\n\t\t\t\t\t\t\t<form class=\"elementor-form\" method=\"post\" name=\"Neues Formular\" aria-label=\"Neues Formular\">\n\t\t\t<input type=\"hidden\" name=\"post_id\" value=\"2594\"\/>\n\t\t\t<input type=\"hidden\" name=\"form_id\" value=\"77d79aa\"\/>\n\t\t\t<input type=\"hidden\" name=\"referer_title\" value=\"Maacht eng gratis Berodung aus - dream wedding by mia\" \/>\n\n\t\t\t\t\t\t\t<input type=\"hidden\" name=\"queried_id\" value=\"2594\"\/>\n\t\t\t\n\t\t\t<div class=\"elementor-form-fields-wrapper elementor-labels-above\">\n\t\t\t\t\t\t\t\t<div class=\"elementor-field-type-step elementor-field-group elementor-column elementor-field-group-field_22e2ae9 elementor-col-100\">\n\t\t\t\t\t\t\t<div class=\"e-field-step elementor-hidden\" data-label=\"\" data-previousButton=\"\" data-nextButton=\"\" data-iconUrl=\"\" data-iconLibrary=\"fas fa-star\" data-icon=\"\" ><\/div>\n\n\t\t\t\t\t\t<\/div>\n\t\t\t\t\t\t\t\t<div class=\"elementor-field-type-text elementor-field-group elementor-column elementor-field-group-n1ame elementor-col-50 elementor-field-required\">\n\t\t\t\t\t\t\t\t\t\t\t\t\t<input size=\"1\" type=\"text\" name=\"form_fields[n1ame]\" id=\"form-field-n1ame\" class=\"elementor-field elementor-size-sm  elementor-field-textual\" placeholder=\"Virnumm\" required=\"required\">\n\t\t\t\t\t\t\t\t\t\t\t<\/div>\n\t\t\t\t\t\t\t\t<div class=\"elementor-field-type-text elementor-field-group elementor-column elementor-field-group-N1achname elementor-col-50 elementor-field-required\">\n\t\t\t\t\t\t\t\t\t\t\t\t\t<input size=\"1\" type=\"text\" name=\"form_fields[N1achname]\" id=\"form-field-N1achname\" class=\"elementor-field elementor-size-sm  elementor-field-textual\" placeholder=\"Familljennumm\" required=\"required\">\n\t\t\t\t\t\t\t\t\t\t\t<\/div>\n\t\t\t\t\t\t\t\t<div class=\"elementor-field-type-step elementor-field-group elementor-column elementor-field-group-field_c9af0dc elementor-col-100\">\n\t\t\t\t\t\t\t<div class=\"e-field-step elementor-hidden\" data-label=\"\" data-previousButton=\"Zur\u00fcck\" data-nextButton=\"Weitere\" data-iconUrl=\"\" data-iconLibrary=\"fas fa-star\" data-icon=\"\" ><\/div>\n\n\t\t\t\t\t\t<\/div>\n\t\t\t\t\t\t\t\t<div class=\"elementor-field-type-email elementor-field-group elementor-column elementor-field-group-e1mail elementor-col-100 elementor-field-required\">\n\t\t\t\t\t\t\t\t\t\t\t\t\t<input size=\"1\" type=\"email\" name=\"form_fields[e1mail]\" id=\"form-field-e1mail\" class=\"elementor-field elementor-size-sm  elementor-field-textual\" placeholder=\"W\u00e9i ass \u00c4r E-Mail-Adress?\" required=\"required\">\n\t\t\t\t\t\t\t\t\t\t\t<\/div>\n\t\t\t\t\t\t\t\t<div class=\"elementor-field-type-tel elementor-field-group elementor-column elementor-field-group-t1elefonnummer elementor-col-100 elementor-field-required\">\n\t\t\t\t\t\t\t<input size=\"1\" type=\"tel\" name=\"form_fields[t1elefonnummer]\" id=\"form-field-t1elefonnummer\" class=\"elementor-field elementor-size-sm  elementor-field-textual\" placeholder=\"W\u00e9i ass \u00c4r Telefonsnummer?\" required=\"required\" pattern=\"[0-9()#&amp;+*-=.]+\" title=\"Nur Nummern oder Telefon-Zeichen (#, -, *, etc) werden akzeptiert.\">\n\n\t\t\t\t\t\t<\/div>\n\t\t\t\t\t\t\t\t<div class=\"elementor-field-type-step elementor-field-group elementor-column elementor-field-group-field_2a82477 elementor-col-100\">\n\t\t\t\t\t\t\t<div class=\"e-field-step elementor-hidden\" data-label=\"\" data-previousButton=\"Zur\u00fcck\" data-nextButton=\"Weitere\" data-iconUrl=\"\" data-iconLibrary=\"fas fa-star\" data-icon=\"\" ><\/div>\n\n\t\t\t\t\t\t<\/div>\n\t\t\t\t\t\t\t\t<div class=\"elementor-field-type-radio elementor-field-group elementor-column elementor-field-group-s1chonInDerHochzeitsplanung elementor-col-100 elementor-field-required\">\n\t\t\t\t\t\t\t\t\t\t\t\t<label for=\"form-field-s1chonInDerHochzeitsplanung\" class=\"elementor-field-label\">\n\t\t\t\t\t\t\t\tBefann dir Iech schonn an den Hochz\u00e4its Virbereedungen?\t\t\t\t\t\t\t<\/label>\n\t\t\t\t\t\t<div class=\"elementor-field-subgroup  \"><span class=\"elementor-field-option\"><input type=\"radio\" value=\"Ja\" id=\"form-field-s1chonInDerHochzeitsplanung-0\" name=\"form_fields[s1chonInDerHochzeitsplanung]\" required=\"required\"> <label for=\"form-field-s1chonInDerHochzeitsplanung-0\">Ja<\/label><\/span><span class=\"elementor-field-option\"><input type=\"radio\" value=\"Nein\" id=\"form-field-s1chonInDerHochzeitsplanung-1\" name=\"form_fields[s1chonInDerHochzeitsplanung]\" required=\"required\"> <label for=\"form-field-s1chonInDerHochzeitsplanung-1\">Nein<\/label><\/span><\/div>\t\t\t\t<\/div>\n\t\t\t\t\t\t\t\t<div class=\"elementor-field-type-step elementor-field-group elementor-column elementor-field-group-field_93d8b0f elementor-col-100\">\n\t\t\t\t\t\t\t<div class=\"e-field-step elementor-hidden\" data-label=\"\" data-previousButton=\"Zur\u00fcck\" data-nextButton=\"Weitere\" data-iconUrl=\"\" data-iconLibrary=\"fas fa-star\" data-icon=\"\" ><\/div>\n\n\t\t\t\t\t\t<\/div>\n\t\t\t\t\t\t\t\t<div class=\"elementor-field-type-textarea elementor-field-group elementor-column elementor-field-group-B1esonderes elementor-col-100 elementor-field-required\">\n\t\t\t\t\t<textarea class=\"elementor-field-textual elementor-field  elementor-size-sm\" name=\"form_fields[B1esonderes]\" id=\"form-field-B1esonderes\" rows=\"4\" placeholder=\"Ginn et besonnesch Saachen, d\u00e9i dir Iech vir \u00c4r Hochz\u00e4it w\u00ebnscht?\" required=\"required\"><\/textarea>\t\t\t\t<\/div>\n\t\t\t\t\t\t\t\t<div class=\"elementor-field-type-step elementor-field-group elementor-column elementor-field-group-field_4a2fbbe elementor-col-100\">\n\t\t\t\t\t\t\t<div class=\"e-field-step elementor-hidden\" data-label=\"\" data-previousButton=\"Zur\u00fcck\" data-nextButton=\"Weitere\" data-iconUrl=\"\" data-iconLibrary=\"fas fa-star\" data-icon=\"\" ><\/div>\n\n\t\t\t\t\t\t<\/div>\n\t\t\t\t\t\t\t\t<div class=\"elementor-field-type-checkbox elementor-field-group elementor-column elementor-field-group-A1ussagen elementor-col-100\">\n\t\t\t\t\t\t\t\t\t\t\t\t<label for=\"form-field-A1ussagen\" class=\"elementor-field-label\">\n\t\t\t\t\t\t\t\tW\u00e9i eng Aussoen treffen ob Iech zou?\t\t\t\t\t\t\t<\/label>\n\t\t\t\t\t\t<div class=\"elementor-field-subgroup  elementor-subgroup-inline\"><span class=\"elementor-field-option\"><input type=\"checkbox\" value=\"Mir si staark agebonnen an hu keng Z\u00e4it vir Hochz\u00e4its Virbereedungen.&lt;br&gt;&lt;br&gt;\" id=\"form-field-A1ussagen-0\" name=\"form_fields[A1ussagen][]\"> <label for=\"form-field-A1ussagen-0\">Mir si staark agebonnen an hu keng Z\u00e4it vir Hochz\u00e4its Virbereedungen.<br><br><\/label><\/span><span class=\"elementor-field-option\"><input type=\"checkbox\" value=\"Ons ass de Wedding Design vun eiser Hochz\u00e4it immens&lt;br&gt;&lt;br&gt;\" id=\"form-field-A1ussagen-1\" name=\"form_fields[A1ussagen][]\"> <label for=\"form-field-A1ussagen-1\">Ons ass de Wedding Design vun eiser Hochz\u00e4it immens<br><br><\/label><\/span><span class=\"elementor-field-option\"><input type=\"checkbox\" value=\"Mir wellen eis iwwert der Grenz bestueden a brauchen Hellef.&lt;br&gt;&lt;br&gt;\" id=\"form-field-A1ussagen-2\" name=\"form_fields[A1ussagen][]\"> <label for=\"form-field-A1ussagen-2\">Mir wellen eis iwwert der Grenz bestueden a brauchen Hellef.<br><br><\/label><\/span><span class=\"elementor-field-option\"><input type=\"checkbox\" value=\"Mir wellen eis mat eise G\u00e4scht um Hochz\u00e4itsdag fale loossen an eis em n\u00e4ischt k\u00ebmmere mussen.\" id=\"form-field-A1ussagen-3\" name=\"form_fields[A1ussagen][]\"> <label for=\"form-field-A1ussagen-3\">Mir wellen eis mat eise G\u00e4scht um Hochz\u00e4itsdag fale loossen an eis em n\u00e4ischt k\u00ebmmere mussen.<\/label><\/span><\/div>\t\t\t\t<\/div>\n\t\t\t\t\t\t\t\t<div class=\"elementor-field-type-step elementor-field-group elementor-column elementor-field-group-field_9f603c8 elementor-col-100\">\n\t\t\t\t\t\t\t<div class=\"e-field-step elementor-hidden\" data-label=\"\" data-previousButton=\"Zur\u00fcck\" data-nextButton=\"Weitere\" data-iconUrl=\"\" data-iconLibrary=\"fas fa-star\" data-icon=\"\" ><\/div>\n\n\t\t\t\t\t\t<\/div>\n\t\t\t\t\t\t\t\t<div class=\"elementor-field-type-radio elementor-field-group elementor-column elementor-field-group-B1udget elementor-col-100 elementor-field-required\">\n\t\t\t\t\t\t\t\t\t\t\t\t<label for=\"form-field-B1udget\" class=\"elementor-field-label\">\n\t\t\t\t\t\t\t\tW\u00e9i h\u00e9isch ass \u00c4r geplangten Hochz\u00e4itsbudget?\t\t\t\t\t\t\t<\/label>\n\t\t\t\t\t\t<div class=\"elementor-field-subgroup  \"><span class=\"elementor-field-option\"><input type=\"radio\" value=\"30.000 \u2013 40.000 \u20ac\" id=\"form-field-B1udget-0\" name=\"form_fields[B1udget]\" required=\"required\"> <label for=\"form-field-B1udget-0\">30.000 \u2013 40.000 \u20ac<\/label><\/span><span class=\"elementor-field-option\"><input type=\"radio\" value=\"40.000 \u2013 45.000 \u20ac\" id=\"form-field-B1udget-1\" name=\"form_fields[B1udget]\" required=\"required\"> <label for=\"form-field-B1udget-1\">40.000 \u2013 45.000 \u20ac<\/label><\/span><span class=\"elementor-field-option\"><input type=\"radio\" value=\"45.000 \u2013 50.000 \u20ac\" id=\"form-field-B1udget-2\" name=\"form_fields[B1udget]\" required=\"required\"> <label for=\"form-field-B1udget-2\">45.000 \u2013 50.000 \u20ac<\/label><\/span><span class=\"elementor-field-option\"><input type=\"radio\" value=\"\u00fcber 50.000 \u20ac\" id=\"form-field-B1udget-3\" name=\"form_fields[B1udget]\" required=\"required\"> <label for=\"form-field-B1udget-3\">\u00fcber 50.000 \u20ac<\/label><\/span><\/div>\t\t\t\t<\/div>\n\t\t\t\t\t\t\t\t<div class=\"elementor-field-type-step elementor-field-group elementor-column elementor-field-group-field_5f931b1 elementor-col-100\">\n\t\t\t\t\t\t\t<div class=\"e-field-step elementor-hidden\" data-label=\"\" data-previousButton=\"Zur\u00fcck\" data-nextButton=\"Weitere\" data-iconUrl=\"\" data-iconLibrary=\"fas fa-star\" data-icon=\"\" ><\/div>\n\n\t\t\t\t\t\t<\/div>\n\t\t\t\t\t\t\t\t<div class=\"elementor-field-type-textarea elementor-field-group elementor-column elementor-field-group-B1esondererGrund elementor-col-100 elementor-field-required\">\n\t\t\t\t\t<textarea class=\"elementor-field-textual elementor-field  elementor-size-sm\" name=\"form_fields[B1esondererGrund]\" id=\"form-field-B1esondererGrund\" rows=\"4\" placeholder=\"Geet et ee besonnesche Grond, wisou dir ee gratis Berodungsgespr\u00e9ich mat mir maache w\u00ebllt?\" required=\"required\"><\/textarea>\t\t\t\t<\/div>\n\t\t\t\t\t\t\t\t<div class=\"elementor-field-group elementor-column elementor-field-type-submit elementor-col-100 e-form__buttons\">\n\t\t\t\t\t<button class=\"elementor-button elementor-size-sm\" type=\"submit\">\n\t\t\t\t\t\t<span class=\"elementor-button-content-wrapper\">\n\t\t\t\t\t\t\t\t\t\t\t\t\t\t\t\t\t\t\t\t\t\t<span class=\"elementor-button-text\">Absenden<\/span>\n\t\t\t\t\t\t\t\t\t\t\t\t\t<\/span>\n\t\t\t\t\t<\/button>\n\t\t\t\t<\/div>\n\t\t\t<\/div>\n\t\t<\/form>\n\t\t\t\t\t\t<\/div>\n\t\t\t\t<\/div>\n\t\t\t\t<\/div>\n\t\t<div class=\"elementor-element elementor-element-6208bd7 e-con-full e-flex e-con e-child\" data-id=\"6208bd7\" data-element_type=\"container\" data-e-type=\"container\">\n\t\t\t\t<div class=\"elementor-element elementor-element-ff67ba8 elementor-widget elementor-widget-image\" data-id=\"ff67ba8\" data-element_type=\"widget\" data-e-type=\"widget\" data-widget_type=\"image.default\">\n\t\t\t\t<div class=\"elementor-widget-container\">\n\t\t\t\t\t\t\t\t\t\t\t\t\t\t\t<img fetchpriority=\"high\" decoding=\"async\" width=\"683\" height=\"1024\" src=\"https:\/\/dream-wedding-by-mia.eu\/wp-content\/uploads\/hochzeitspaar-gluecklich-mit-mia-weydert-wedding-planner-683x1024.jpg\" class=\"attachment-large size-large wp-image-2549\" alt=\"Dream Wedding by Mia \u2013 Hochzeit im Maison B, Hochzeitslocation\" srcset=\"https:\/\/dream-wedding-by-mia.eu\/wp-content\/uploads\/hochzeitspaar-gluecklich-mit-mia-weydert-wedding-planner-683x1024.jpg 683w, https:\/\/dream-wedding-by-mia.eu\/wp-content\/uploads\/hochzeitspaar-gluecklich-mit-mia-weydert-wedding-planner-200x300.jpg 200w, https:\/\/dream-wedding-by-mia.eu\/wp-content\/uploads\/hochzeitspaar-gluecklich-mit-mia-weydert-wedding-planner-768x1152.jpg 768w, https:\/\/dream-wedding-by-mia.eu\/wp-content\/uploads\/hochzeitspaar-gluecklich-mit-mia-weydert-wedding-planner-1024x1536.jpg 1024w, https:\/\/dream-wedding-by-mia.eu\/wp-content\/uploads\/hochzeitspaar-gluecklich-mit-mia-weydert-wedding-planner-8x12.jpg 8w, https:\/\/dream-wedding-by-mia.eu\/wp-content\/uploads\/hochzeitspaar-gluecklich-mit-mia-weydert-wedding-planner.jpg 1067w\" sizes=\"(max-width: 683px) 100vw, 683px\" \/>\t\t\t\t\t\t\t\t\t\t\t\t\t\t\t<\/div>\n\t\t\t\t<\/div>\n\t\t\t\t<\/div>\n\t\t\t\t\t<\/div>\n\t\t\t\t<\/div>\n\t\t<div class=\"elementor-element elementor-element-15ecf6e e-con-full elementor-hidden-desktop elementor-hidden-tablet elementor-hidden-mobile e-flex e-con e-parent\" data-id=\"15ecf6e\" data-element_type=\"container\" data-e-type=\"container\" data-settings=\"{&quot;background_background&quot;:&quot;classic&quot;}\">\n\t\t<div class=\"elementor-element elementor-element-1d4831f e-con-full e-flex e-con e-child\" data-id=\"1d4831f\" data-element_type=\"container\" data-e-type=\"container\" data-settings=\"{&quot;background_background&quot;:&quot;classic&quot;}\">\n\t\t\t\t<div class=\"elementor-element elementor-element-e385f3d elementor-widget elementor-widget-heading\" data-id=\"e385f3d\" data-element_type=\"widget\" data-e-type=\"widget\" data-widget_type=\"heading.default\">\n\t\t\t\t<div class=\"elementor-widget-container\">\n\t\t\t\t\t<h3 class=\"elementor-heading-title elementor-size-default\">Maacht eng gratis Berodung aus<\/h3>\t\t\t\t<\/div>\n\t\t\t\t<\/div>\n\t\t\t\t<div class=\"elementor-element elementor-element-424d017 elementor-widget elementor-widget-heading\" data-id=\"424d017\" data-element_type=\"widget\" data-e-type=\"widget\" data-widget_type=\"heading.default\">\n\t\t\t\t<div class=\"elementor-widget-container\">\n\t\t\t\t\t<p class=\"elementor-heading-title elementor-size-default\">Be\u00e4ntwert w.e.g. all Froen fir Iech fir eng gratis a unverbindlech Berodung unzemellen.\n<br>\n<br><i>Dauer: 2 Minutten<\/i><\/p>\t\t\t\t<\/div>\n\t\t\t\t<\/div>\n\t\t\t\t<div class=\"elementor-element elementor-element-a638d80 elementor-widget__width-inherit elementor-widget elementor-widget-html\" data-id=\"a638d80\" data-element_type=\"widget\" data-e-type=\"widget\" data-widget_type=\"html.default\">\n\t\t\t\t<div class=\"elementor-widget-container\">\n\t\t\t\t\t\n    <iframe\n      id=\"JotFormIFrame-251666929539373\"\n      title=\"Gratis Berodungsgespr\u00e9ich \u2013 Mia Weydert\"\n      onload=\"window.parent.scrollTo(0,0)\"\n      allowtransparency=\"true\"\n      allow=\"geolocation; microphone; camera; fullscreen; payment\"\n      src=\"https:\/\/form.jotform.com\/251666929539373\"\n      frameborder=\"0\"\n      style=\"min-width:100%;max-width:100%;height:539px;border:none;\"\n      scrolling=\"no\"\n    >\n    <\/iframe>\n    <script src='https:\/\/cdn.jotfor.ms\/s\/umd\/latest\/for-form-embed-handler.js'><\/script>\n    <script>window.jotformEmbedHandler(\"iframe[id='JotFormIFrame-251666929539373']\", \"https:\/\/form.jotform.com\/\")<\/script>\n    \t\t\t\t<\/div>\n\t\t\t\t<\/div>\n\t\t\t\t<\/div>\n\t\t\t\t<\/div>\n\t\t\t\t<\/div>\n\t\t","protected":false},"excerpt":{"rendered":"<p>Maacht eng gratis Berodung aus Be\u00e4ntwert w.e.g. all Froen fir Iech fir eng gratis a unverbindlech Berodung unzemellen. Dauer: 1 Minutt Maacht eng gratis Berodung aus Be\u00e4ntwert w.e.g. all Froen fir Iech fir eng gratis a unverbindlech Berodung unzemellen. Dauer: 2 Minutten<\/p>\n","protected":false},"author":4,"featured_media":0,"parent":0,"menu_order":0,"comment_status":"closed","ping_status":"closed","template":"elementor_header_footer","meta":{"_acf_changed":false,"footnotes":""},"class_list":["post-2594","page","type-page","status-publish","hentry"],"acf":[],"_links":{"self":[{"href":"https:\/\/dream-wedding-by-mia.eu\/de_lu\/wp-json\/wp\/v2\/pages\/2594","targetHints":{"allow":["GET"]}}],"collection":[{"href":"https:\/\/dream-wedding-by-mia.eu\/de_lu\/wp-json\/wp\/v2\/pages"}],"about":[{"href":"https:\/\/dream-wedding-by-mia.eu\/de_lu\/wp-json\/wp\/v2\/types\/page"}],"author":[{"embeddable":true,"href":"https:\/\/dream-wedding-by-mia.eu\/de_lu\/wp-json\/wp\/v2\/users\/4"}],"replies":[{"embeddable":true,"href":"https:\/\/dream-wedding-by-mia.eu\/de_lu\/wp-json\/wp\/v2\/comments?post=2594"}],"version-history":[{"count":10,"href":"https:\/\/dream-wedding-by-mia.eu\/de_lu\/wp-json\/wp\/v2\/pages\/2594\/revisions"}],"predecessor-version":[{"id":3161,"href":"https:\/\/dream-wedding-by-mia.eu\/de_lu\/wp-json\/wp\/v2\/pages\/2594\/revisions\/3161"}],"wp:attachment":[{"href":"https:\/\/dream-wedding-by-mia.eu\/de_lu\/wp-json\/wp\/v2\/media?parent=2594"}],"curies":[{"name":"wp","href":"https:\/\/api.w.org\/{rel}","templated":true}]}}