{"id":1795,"date":"2025-04-06T20:23:29","date_gmt":"2025-04-06T18:23:29","guid":{"rendered":"http:\/\/carina"},"modified":"2025-04-06T20:36:34","modified_gmt":"2025-04-06T18:36:34","slug":"datenschutz","status":"publish","type":"page","link":"https:\/\/dream-wedding-by-mia.eu\/de_lu\/datenschutz\/","title":{"rendered":"Datenschutz"},"content":{"rendered":"\n<p>Datenschutzbest\u00e4tegung:<\/p>\n\n\n\n<p>Heimat best\u00e4tegen ech, dass ech d\u00e9i vu Iech bereetgestallte Donn\u00e9e\u00eb fir de genannten Zweck benotzen an dass ech d\u00e9i pers\u00e9inlech Informatiounen, d\u00e9i Dir mir ugidd, net onauthoris\u00e9iert weiderginn, verkafen oder op enger anerer Man\u00e9ier benotzen. \u00c4r Donn\u00e9e\u00eb ginn vertraul\u00ebch behandelt an no den g\u00ebltegen Datenschutzgesetzer zu L\u00ebtzebuerg gesch\u00fctzt.<\/p>\n\n\n\n<p>Ech verpflichten mech, adequat technesch an organisatoresch M\u00e9iglechkeete ze treffen, fir s\u00e9cherzestellen, dass \u00c4r Donn\u00e9e\u00eb g\u00e9int onauthoris\u00e9ierte Zougr\u00ebff oder M\u00ebssbrauch gesch\u00fctzt sinn. \u00c4r Donn\u00e9e\u00eb ginn n\u00ebmmen esou laang gesp\u00e4ichert, w\u00e9i et fir de genannten Zweck n\u00e9ideg ass oder w\u00e9i et gesetzlech virgeschriwwen ass.<\/p>\n\n\n\n<p>Wann Dir \u00c4r Donn\u00e9e\u00ebn wellt gel\u00f6scht kr\u00e9ien, dann kontakt\u00e9iert mech duerch den Kontaktformular.<\/p>\n\n\n\n<p>Mat \u00c4rer Zoust\u00ebmmung an der Bereedstellung vun \u00c4ren Donn\u00e9e\u00ebn erkl\u00e4rt Dir Iech mat de beschriwwenen Bedingunge an d\u00ebser Datenschutzbest\u00e4tegung averstaan.<\/p>\n\n\n\n<p>Mia WEYDERT<br>Dream Wedding by Mia<\/p>\n","protected":false},"excerpt":{"rendered":"<p>Datenschutzbest\u00e4tegung: Heimat best\u00e4tegen ech, dass ech d\u00e9i vu Iech bereetgestallte Donn\u00e9e\u00eb fir de genannten Zweck benotzen an dass ech d\u00e9i pers\u00e9inlech Informatiounen, d\u00e9i Dir mir ugidd, net onauthoris\u00e9iert weiderginn, verkafen oder op enger anerer Man\u00e9ier benotzen. \u00c4r Donn\u00e9e\u00eb ginn vertraul\u00ebch behandelt an no den g\u00ebltegen Datenschutzgesetzer zu L\u00ebtzebuerg gesch\u00fctzt. Ech verpflichten mech, adequat technesch an [&hellip;]<\/p>\n","protected":false},"author":2,"featured_media":0,"parent":0,"menu_order":0,"comment_status":"closed","ping_status":"closed","template":"","meta":{"_acf_changed":false,"footnotes":""},"class_list":["post-1795","page","type-page","status-publish","hentry"],"acf":[],"_links":{"self":[{"href":"https:\/\/dream-wedding-by-mia.eu\/de_lu\/wp-json\/wp\/v2\/pages\/1795","targetHints":{"allow":["GET"]}}],"collection":[{"href":"https:\/\/dream-wedding-by-mia.eu\/de_lu\/wp-json\/wp\/v2\/pages"}],"about":[{"href":"https:\/\/dream-wedding-by-mia.eu\/de_lu\/wp-json\/wp\/v2\/types\/page"}],"author":[{"embeddable":true,"href":"https:\/\/dream-wedding-by-mia.eu\/de_lu\/wp-json\/wp\/v2\/users\/2"}],"replies":[{"embeddable":true,"href":"https:\/\/dream-wedding-by-mia.eu\/de_lu\/wp-json\/wp\/v2\/comments?post=1795"}],"version-history":[{"count":1,"href":"https:\/\/dream-wedding-by-mia.eu\/de_lu\/wp-json\/wp\/v2\/pages\/1795\/revisions"}],"predecessor-version":[{"id":1826,"href":"https:\/\/dream-wedding-by-mia.eu\/de_lu\/wp-json\/wp\/v2\/pages\/1795\/revisions\/1826"}],"wp:attachment":[{"href":"https:\/\/dream-wedding-by-mia.eu\/de_lu\/wp-json\/wp\/v2\/media?parent=1795"}],"curies":[{"name":"wp","href":"https:\/\/api.w.org\/{rel}","templated":true}]}}