{"id":1771,"date":"2025-04-06T20:23:18","date_gmt":"2025-04-06T18:23:18","guid":{"rendered":"https:\/\/dream-wedding-by-mia.eu\/wedding-day-manager-2\/"},"modified":"2025-08-21T22:42:28","modified_gmt":"2025-08-21T20:42:28","slug":"wedding-day-manager","status":"publish","type":"page","link":"https:\/\/dream-wedding-by-mia.eu\/de_lu\/wedding-day-manager\/","title":{"rendered":"Wedding Day Manager"},"content":{"rendered":"\t\t<div data-elementor-type=\"wp-page\" data-elementor-id=\"1771\" class=\"elementor elementor-1771\" data-elementor-post-type=\"page\">\n\t\t\t\t<div class=\"elementor-element elementor-element-afdda3e e-con-full e-flex e-con e-parent\" data-id=\"afdda3e\" data-element_type=\"container\" data-e-type=\"container\">\n\t\t<div class=\"elementor-element elementor-element-77d58e9c e-con-full e-flex e-con e-child\" data-id=\"77d58e9c\" data-element_type=\"container\" data-e-type=\"container\" data-settings=\"{&quot;background_background&quot;:&quot;classic&quot;}\">\n\t\t\t\t<div class=\"elementor-element elementor-element-5461498 elementor-widget elementor-widget-heading\" data-id=\"5461498\" data-element_type=\"widget\" data-e-type=\"widget\" data-widget_type=\"heading.default\">\n\t\t\t\t<div class=\"elementor-widget-container\">\n\t\t\t\t\t<h1 class=\"elementor-heading-title elementor-size-default\">Wedding Day Manager<\/h1>\t\t\t\t<\/div>\n\t\t\t\t<\/div>\n\t\t\t\t<\/div>\n\t\t<div class=\"elementor-element elementor-element-1b10f377 e-con-full e-flex e-con e-child\" data-id=\"1b10f377\" data-element_type=\"container\" data-e-type=\"container\" data-settings=\"{&quot;background_background&quot;:&quot;classic&quot;}\">\n\t\t<div class=\"elementor-element elementor-element-57dbf728 e-con-full e-flex e-con e-child\" data-id=\"57dbf728\" data-element_type=\"container\" data-e-type=\"container\" data-settings=\"{&quot;background_background&quot;:&quot;classic&quot;}\">\n\t\t\t\t<div class=\"elementor-element elementor-element-741cd746 elementor-widget elementor-widget-heading\" data-id=\"741cd746\" data-element_type=\"widget\" data-e-type=\"widget\" data-widget_type=\"heading.default\">\n\t\t\t\t<div class=\"elementor-widget-container\">\n\t\t\t\t\t<h2 class=\"elementor-heading-title elementor-size-default\">Um Hochz\u00e4its&shy;dag g\u00ebtt et\u00a0 keng\u00a0General&shy;prouf<\/h2>\t\t\t\t<\/div>\n\t\t\t\t<\/div>\n\t\t\t\t<div class=\"elementor-element elementor-element-1c20f8db elementor-widget elementor-widget-text-editor\" data-id=\"1c20f8db\" data-element_type=\"widget\" data-e-type=\"widget\" data-widget_type=\"text-editor.default\">\n\t\t\t\t<div class=\"elementor-widget-container\">\n\t\t\t\t\t\t\t\t\t<p>Dir w\u00ebllt Iech g\u00e4ren zu 100% op \u00c4r Famill an Fr\u00ebnn fokuss\u00e9ieren an \u00e4ren Dag gen\u00e9issen?<\/p><p>Dir w\u00ebllt Iech den Dag selwer \u00ebm n\u00e4ischt m\u00e9i k\u00ebmmeren? Den Dag soll struktur\u00e9iert sinn an et sollen keng L\u00e4cher entstoen? Jiddereen soll weessen w\u00e9ini ee wat ze maachen huet? Dir w\u00ebllt net fir all m\u00e9iglech Froe Ried an \u00c4ntwert stoen?\u00a0<\/p><p>Wann dir all d\u00ebs Froen mat Jo be\u00e4ntwert hutt, dann iwwerlosst n\u00e4ischt m\u00e9i dem Zoufall well eng Hochz\u00e4it feiert een beschtenfalls just emol. Huelt Iech eng Uspriechpartnerin un \u00c4r S\u00e4it an zweifelt net m\u00e9i drun.<\/p>\t\t\t\t\t\t\t\t<\/div>\n\t\t\t\t<\/div>\n\t\t\t\t<\/div>\n\t\t<div class=\"elementor-element elementor-element-51530012 e-con-full elementor-hidden-mobile e-flex e-con e-child\" data-id=\"51530012\" data-element_type=\"container\" data-e-type=\"container\">\n\t\t\t\t<div class=\"elementor-element elementor-element-5c8e52a9 elementor-widget elementor-widget-theme-site-logo elementor-widget-image\" data-id=\"5c8e52a9\" data-element_type=\"widget\" data-e-type=\"widget\" data-widget_type=\"theme-site-logo.default\">\n\t\t\t\t<div class=\"elementor-widget-container\">\n\t\t\t\t\t\t\t\t\t\t\t<a href=\"https:\/\/dream-wedding-by-mia.eu\/de_lu\">\n\t\t\t<img fetchpriority=\"high\" decoding=\"async\" width=\"500\" height=\"500\" src=\"https:\/\/dream-wedding-by-mia.eu\/wp-content\/uploads\/logo-mia-1.svg\" class=\"attachment-full size-full wp-image-1817\" alt=\"\" \/>\t\t\t\t<\/a>\n\t\t\t\t\t\t\t\t\t\t\t<\/div>\n\t\t\t\t<\/div>\n\t\t\t\t<\/div>\n\t\t\t\t<\/div>\n\t\t\t\t<\/div>\n\t\t<div class=\"elementor-element elementor-element-5b3c61db e-con-full e-flex e-con e-parent\" data-id=\"5b3c61db\" data-element_type=\"container\" data-e-type=\"container\" data-settings=\"{&quot;background_background&quot;:&quot;classic&quot;}\">\n\t\t<div class=\"elementor-element elementor-element-20d770f5 e-con-full e-flex e-con e-child\" data-id=\"20d770f5\" data-element_type=\"container\" data-e-type=\"container\" data-settings=\"{&quot;background_background&quot;:&quot;classic&quot;}\">\n\t\t\t\t<\/div>\n\t\t<div class=\"elementor-element elementor-element-1cce0e67 e-con-full e-flex e-con e-child\" data-id=\"1cce0e67\" data-element_type=\"container\" data-e-type=\"container\">\n\t\t<div class=\"elementor-element elementor-element-7538b773 e-con-full e-flex e-con e-child\" data-id=\"7538b773\" data-element_type=\"container\" data-e-type=\"container\">\n\t\t\t\t<div class=\"elementor-element elementor-element-791a93ce elementor-widget elementor-widget-heading\" data-id=\"791a93ce\" data-element_type=\"widget\" data-e-type=\"widget\" data-widget_type=\"heading.default\">\n\t\t\t\t<div class=\"elementor-widget-container\">\n\t\t\t\t\t<h2 class=\"elementor-heading-title elementor-size-default\">D\u00ebst\u00a0\u00ebnner&shy;sch\u00e4tzen\u00a0d\u00e9i meeschte\u00a0Braut&shy;koppelen<\/h2>\t\t\t\t<\/div>\n\t\t\t\t<\/div>\n\t\t\t\t<div class=\"elementor-element elementor-element-18854fb2 elementor-widget elementor-widget-text-editor\" data-id=\"18854fb2\" data-element_type=\"widget\" data-e-type=\"widget\" data-widget_type=\"text-editor.default\">\n\t\t\t\t<div class=\"elementor-widget-container\">\n\t\t\t\t\t\t\t\t\t<p>Stellt Iech vir:\u00a0<\/p><p>Dir sidd 1-1,5 Joer am gaangen ze Plangen an invest\u00e9iert ganz vill Suen. Et ass esou weit de groussen Dag ass endlech do an&#8230; et ass keen do wou Planung um Dag selwer \u00ebmsetze kann!<\/p><p>Oft h\u00e9iert een, dass Brautpuer um Dag vun hirer Hochz\u00e4it gestresst\u00a0ass,\u00a0an dow\u00e9inst hiren Dag net gen\u00e9isse kennen. All M\u00ebsch huet 100 Froen zum Oflaf an D\u00e9ngschtleeschter, w\u00ebssen net, w\u00e9ini se wou hi mussen.\u00a0<\/p><p>Dir kritt een Uruff vun er\u00ebm Freiriedner, dass den am Stau steet an Trauung eng hallef Stonn m\u00e9i sp\u00e9it muss uf\u00e4nken. An elo? Du als Braut setz awer grad beim Make-up Artiste a weess net weis du d\u00ebs Nouvelle solls weider ginn. Panik br\u00e9cht aus&#8230; Wann dir Iech awer am Virfeld fir eng Weddingplanerin entscheede hutt, kennt d\u00ebsen Uruff net mol bei Iech un, an dir braucht Iech dor\u00ebms guer keng Gedanken\u00a0 ze maachen. Nee ganz am G\u00e9igendeel\u00a0 dir kennt ouni Stress op Trauung fueren. All Androck wouer huelen. An dir w\u00ebsst dass een do ass den all Rieder um lafen hellt.<\/p>\t\t\t\t\t\t\t\t<\/div>\n\t\t\t\t<\/div>\n\t\t\t\t<div class=\"elementor-element elementor-element-f20d32d elementor-align-left elementor-mobile-align-center elementor-widget elementor-widget-global elementor-global-1837 elementor-widget-button\" data-id=\"f20d32d\" data-element_type=\"widget\" data-e-type=\"widget\" data-widget_type=\"button.default\">\n\t\t\t\t<div class=\"elementor-widget-container\">\n\t\t\t\t\t\t\t\t\t<div class=\"elementor-button-wrapper\">\n\t\t\t\t\t<a class=\"elementor-button elementor-button-link elementor-size-sm\" href=\"https:\/\/dream-wedding-by-mia.eu\/de_lu\/gratis-berodung\/\" target=\"_blank\">\n\t\t\t\t\t\t<span class=\"elementor-button-content-wrapper\">\n\t\t\t\t\t\t\t\t\t<span class=\"elementor-button-text\">Gratis Berodungsgespr\u00e9ich<\/span>\n\t\t\t\t\t<\/span>\n\t\t\t\t\t<\/a>\n\t\t\t\t<\/div>\n\t\t\t\t\t\t\t\t<\/div>\n\t\t\t\t<\/div>\n\t\t\t\t<\/div>\n\t\t\t\t<\/div>\n\t\t\t\t<\/div>\n\t\t<div class=\"elementor-element elementor-element-5d7e2f70 e-con-full e-flex e-con e-parent\" data-id=\"5d7e2f70\" data-element_type=\"container\" data-e-type=\"container\" data-settings=\"{&quot;background_background&quot;:&quot;classic&quot;}\">\n\t\t\t\t<div class=\"elementor-element elementor-element-3399b891 elementor-widget elementor-widget-heading\" data-id=\"3399b891\" data-element_type=\"widget\" data-e-type=\"widget\" data-widget_type=\"heading.default\">\n\t\t\t\t<div class=\"elementor-widget-container\">\n\t\t\t\t\t<h2 class=\"elementor-heading-title elementor-size-default\">D\u00ebst\u00a0f\u00ebnns du alles a mengem\u00a0Wedding Day Manager Pak:<\/h2>\t\t\t\t<\/div>\n\t\t\t\t<\/div>\n\t\t<div class=\"elementor-element elementor-element-53042698 e-con-full e-flex e-con e-child\" data-id=\"53042698\" data-element_type=\"container\" data-e-type=\"container\">\n\t\t<div class=\"elementor-element elementor-element-17b853a2 e-con-full e-grid e-con e-child\" data-id=\"17b853a2\" data-element_type=\"container\" data-e-type=\"container\">\n\t\t\t\t<div class=\"elementor-element elementor-element-f7357f1 elementor-cta--skin-cover elementor-cta--valign-middle elementor-widget elementor-widget-call-to-action\" data-id=\"f7357f1\" data-element_type=\"widget\" data-e-type=\"widget\" data-widget_type=\"call-to-action.default\">\n\t\t\t\t<div class=\"elementor-widget-container\">\n\t\t\t\t\t\t\t<div class=\"elementor-cta\">\n\t\t\t\t\t<div class=\"elementor-cta__bg-wrapper\">\n\t\t\t\t<div class=\"elementor-cta__bg elementor-bg\" style=\"background-image: url();\" role=\"img\" aria-label=\"\"><\/div>\n\t\t\t\t<div class=\"elementor-cta__bg-overlay\"><\/div>\n\t\t\t<\/div>\n\t\t\t\t\t\t\t<div class=\"elementor-cta__content\">\n\t\t\t\t\n\t\t\t\t\t\t\t\t\t<h3 class=\"elementor-cta__title elementor-cta__content-item elementor-content-item\">\n\t\t\t\t\t\tVirgespr\u00e9ich mat der Brautkoppel\t\t\t\t\t<\/h3>\n\t\t\t\t\n\t\t\t\t\t\t\t\t\t<div class=\"elementor-cta__description elementor-cta__content-item elementor-content-item\">\n\t\t\t\t\t\t<font style=\"font-size: 1rem;float: none\">8-6 Woche virun der Hochz\u00e4it treffe mir eis vir ee Gespr\u00e9ich. Bei d\u00ebsem Gespr\u00e9ich soll \u00c4r Hochz\u00e4it quasi f\u00e4erdeg geplangt sinn, sou dass dir mir kennt all Kontakt weider ginn an dir mir am Detail \u00e4r W\u00ebnsch a Virstellunge kennt soen<\/font><font style=\"font-size: 1rem;float: none\"><\/font>\t\t\t\t\t<\/div>\n\t\t\t\t\n\t\t\t\t\t\t\t<\/div>\n\t\t\t\t\t\t<\/div>\n\t\t\t\t\t\t<\/div>\n\t\t\t\t<\/div>\n\t\t\t\t<div class=\"elementor-element elementor-element-3b134195 elementor-cta--skin-cover elementor-cta--valign-middle elementor-widget elementor-widget-call-to-action\" data-id=\"3b134195\" data-element_type=\"widget\" data-e-type=\"widget\" data-widget_type=\"call-to-action.default\">\n\t\t\t\t<div class=\"elementor-widget-container\">\n\t\t\t\t\t\t\t<div class=\"elementor-cta\">\n\t\t\t\t\t<div class=\"elementor-cta__bg-wrapper\">\n\t\t\t\t<div class=\"elementor-cta__bg elementor-bg\" style=\"background-image: url();\" role=\"img\" aria-label=\"\"><\/div>\n\t\t\t\t<div class=\"elementor-cta__bg-overlay\"><\/div>\n\t\t\t<\/div>\n\t\t\t\t\t\t\t<div class=\"elementor-cta__content\">\n\t\t\t\t\n\t\t\t\t\t\t\t\t\t<h3 class=\"elementor-cta__title elementor-cta__content-item elementor-content-item\">\n\t\t\t\t\t\tDagesplang Opstellung\t\t\t\t\t<\/h3>\n\t\t\t\t\n\t\t\t\t\t\t\t\t\t<div class=\"elementor-cta__description elementor-cta__content-item elementor-content-item\">\n\t\t\t\t\t\t<p style=\"white-space: normal\"><font style=\"white-space: pre-wrap;float: none\">Nodeems dir mir alles gesot huet, stellen ech een detaill\u00e9ierten Dagesplang op esou, dass all D\u00e9ngschtleeschter wei och \u00c4r Famill a Fr\u00ebnn d\u00e9i mat um Hochz\u00e4itsdag bedeelegt si genau w\u00ebsse w\u00e9ini se zum Asaz kommen. D\u00ebst&nbsp;soll&nbsp;hinne S\u00e9cherheet&nbsp;ginn, domadder&nbsp;si&nbsp;sech&nbsp;net fir alles Verantwortlech musse fillen.&nbsp;<\/font><br><\/p>\t\t\t\t\t<\/div>\n\t\t\t\t\n\t\t\t\t\t\t\t<\/div>\n\t\t\t\t\t\t<\/div>\n\t\t\t\t\t\t<\/div>\n\t\t\t\t<\/div>\n\t\t\t\t<div class=\"elementor-element elementor-element-27a394c3 elementor-cta--skin-cover elementor-cta--valign-middle elementor-widget elementor-widget-call-to-action\" data-id=\"27a394c3\" data-element_type=\"widget\" data-e-type=\"widget\" data-widget_type=\"call-to-action.default\">\n\t\t\t\t<div class=\"elementor-widget-container\">\n\t\t\t\t\t\t\t<div class=\"elementor-cta\">\n\t\t\t\t\t<div class=\"elementor-cta__bg-wrapper\">\n\t\t\t\t<div class=\"elementor-cta__bg elementor-bg\" style=\"background-image: url();\" role=\"img\" aria-label=\"\"><\/div>\n\t\t\t\t<div class=\"elementor-cta__bg-overlay\"><\/div>\n\t\t\t<\/div>\n\t\t\t\t\t\t\t<div class=\"elementor-cta__content\">\n\t\t\t\t\n\t\t\t\t\t\t\t\t\t<h3 class=\"elementor-cta__title elementor-cta__content-item elementor-content-item\">\n\t\t\t\t\t\tD\u00e9ngschtleeschter Inform\u00e9ieren\t\t\t\t\t<\/h3>\n\t\t\t\t\n\t\t\t\t\t\t\t\t\t<div class=\"elementor-cta__description elementor-cta__content-item elementor-content-item\">\n\t\t\t\t\t\t<font style=\"float: none\">Och kontakt\u00e9ieren ech 4 Woche virun der Hochz\u00e4it \u00e4r D\u00e9ngschtleeschter a kucke konkret hier Punkten um Dagesplang nach emol. Esou dass zum Schluss all D\u00e9ngschtleeschter d\u00e9i Infoen hutt d\u00e9i dir mir um Virgespr\u00e9ich ginn huet. Och Inform\u00e9ieren ech D\u00e9ngschtleeschter driwwer dass ech ab elo d\u00e9i \u00e9ischt Uspriechpartnerin fir si sinn. Esou dass dir Iech ab elo kennt zer\u00e9ck leenen. <\/font><font style=\"float: none\"><\/font><br>\t\t\t\t\t<\/div>\n\t\t\t\t\n\t\t\t\t\t\t\t<\/div>\n\t\t\t\t\t\t<\/div>\n\t\t\t\t\t\t<\/div>\n\t\t\t\t<\/div>\n\t\t\t\t<div class=\"elementor-element elementor-element-351d2282 elementor-cta--skin-cover elementor-cta--valign-middle elementor-widget elementor-widget-call-to-action\" data-id=\"351d2282\" data-element_type=\"widget\" data-e-type=\"widget\" data-widget_type=\"call-to-action.default\">\n\t\t\t\t<div class=\"elementor-widget-container\">\n\t\t\t\t\t\t\t<div class=\"elementor-cta\">\n\t\t\t\t\t<div class=\"elementor-cta__bg-wrapper\">\n\t\t\t\t<div class=\"elementor-cta__bg elementor-bg\" style=\"background-image: url();\" role=\"img\" aria-label=\"\"><\/div>\n\t\t\t\t<div class=\"elementor-cta__bg-overlay\"><\/div>\n\t\t\t<\/div>\n\t\t\t\t\t\t\t<div class=\"elementor-cta__content\">\n\t\t\t\t\n\t\t\t\t\t\t\t\t\t<h3 class=\"elementor-cta__title elementor-cta__content-item elementor-content-item\">\n\t\t\t\t\t\tUm Dag vun der Hochz\u00e4it\t\t\t\t\t<\/h3>\n\t\t\t\t\n\t\t\t\t\t\t\t\t\t<div class=\"elementor-cta__description elementor-cta__content-item elementor-content-item\">\n\t\t\t\t\t\t<font style=\"font-size: 1rem;float: none\">Da si mer och scho bei \u00c4rem Dag ukomm. De soll fir Iech stressfr\u00e4i oflafen an dow\u00e9inst sinn ech mam 1 D\u00e9ngschtleeschter op der Locatioun. Hei koordin\u00e9ieren ech dann alles an ech sinn d\u00e9i 1 Uspriechpartnerin fir jiddereen<\/font><font style=\"font-size: 1rem;float: none\"><\/font>\t\t\t\t\t<\/div>\n\t\t\t\t\n\t\t\t\t\t\t\t<\/div>\n\t\t\t\t\t\t<\/div>\n\t\t\t\t\t\t<\/div>\n\t\t\t\t<\/div>\n\t\t\t\t<\/div>\n\t\t\t\t<\/div>\n\t\t\t\t<\/div>\n\t\t\t\t<\/div>\n\t\t","protected":false},"excerpt":{"rendered":"<p>Wedding Day Manager Um Hochz\u00e4its&shy;dag g\u00ebtt et\u00a0 keng\u00a0General&shy;prouf Dir w\u00ebllt Iech g\u00e4ren zu 100% op \u00c4r Famill an Fr\u00ebnn fokuss\u00e9ieren an \u00e4ren Dag gen\u00e9issen? Dir w\u00ebllt Iech den Dag selwer \u00ebm n\u00e4ischt m\u00e9i k\u00ebmmeren? Den Dag soll struktur\u00e9iert sinn an et sollen keng L\u00e4cher entstoen? Jiddereen soll weessen w\u00e9ini ee wat ze maachen huet? Dir [&hellip;]<\/p>\n","protected":false},"author":2,"featured_media":0,"parent":0,"menu_order":0,"comment_status":"closed","ping_status":"closed","template":"elementor_header_footer","meta":{"_acf_changed":false,"footnotes":""},"class_list":["post-1771","page","type-page","status-publish","hentry"],"acf":[],"_links":{"self":[{"href":"https:\/\/dream-wedding-by-mia.eu\/de_lu\/wp-json\/wp\/v2\/pages\/1771","targetHints":{"allow":["GET"]}}],"collection":[{"href":"https:\/\/dream-wedding-by-mia.eu\/de_lu\/wp-json\/wp\/v2\/pages"}],"about":[{"href":"https:\/\/dream-wedding-by-mia.eu\/de_lu\/wp-json\/wp\/v2\/types\/page"}],"author":[{"embeddable":true,"href":"https:\/\/dream-wedding-by-mia.eu\/de_lu\/wp-json\/wp\/v2\/users\/2"}],"replies":[{"embeddable":true,"href":"https:\/\/dream-wedding-by-mia.eu\/de_lu\/wp-json\/wp\/v2\/comments?post=1771"}],"version-history":[{"count":10,"href":"https:\/\/dream-wedding-by-mia.eu\/de_lu\/wp-json\/wp\/v2\/pages\/1771\/revisions"}],"predecessor-version":[{"id":3048,"href":"https:\/\/dream-wedding-by-mia.eu\/de_lu\/wp-json\/wp\/v2\/pages\/1771\/revisions\/3048"}],"wp:attachment":[{"href":"https:\/\/dream-wedding-by-mia.eu\/de_lu\/wp-json\/wp\/v2\/media?parent=1771"}],"curies":[{"name":"wp","href":"https:\/\/api.w.org\/{rel}","templated":true}]}}