{"id":1783,"date":"2025-04-06T20:23:21","date_gmt":"2025-04-06T18:23:21","guid":{"rendered":"https:\/\/dream-wedding-by-mia.eu\/full-service-wedding-planning-2\/"},"modified":"2025-04-16T11:58:16","modified_gmt":"2025-04-16T09:58:16","slug":"komplettplanung","status":"publish","type":"page","link":"https:\/\/dream-wedding-by-mia.eu\/de\/full-service-wedding-planning\/","title":{"rendered":"Komplettplanung"},"content":{"rendered":"<div data-elementor-type=\"wp-page\" data-elementor-id=\"1783\" class=\"elementor elementor-1783\" data-elementor-post-type=\"page\">\n\t\t\t\t<div class=\"elementor-element elementor-element-60b3d052 e-con-full e-flex e-con e-parent\" data-id=\"60b3d052\" data-element_type=\"container\" data-e-type=\"container\">\n\t\t<div class=\"elementor-element elementor-element-7ff0d724 e-con-full e-flex e-con e-child\" data-id=\"7ff0d724\" data-element_type=\"container\" data-e-type=\"container\" data-settings=\"{&quot;background_background&quot;:&quot;classic&quot;}\">\n\t\t\t\t<div class=\"elementor-element elementor-element-39af048a elementor-widget__width-initial elementor-widget elementor-widget-heading\" data-id=\"39af048a\" data-element_type=\"widget\" data-e-type=\"widget\" data-widget_type=\"heading.default\">\n\t\t\t\t<div class=\"elementor-widget-container\">\n\t\t\t\t\t<h1 class=\"elementor-heading-title elementor-size-default\">Die Komplettplanung<\/h1>\t\t\t\t<\/div>\n\t\t\t\t<\/div>\n\t\t\t\t<\/div>\n\t\t<div class=\"elementor-element elementor-element-29f4e15f e-con-full e-flex e-con e-child\" data-id=\"29f4e15f\" data-element_type=\"container\" data-e-type=\"container\" data-settings=\"{&quot;background_background&quot;:&quot;classic&quot;}\">\n\t\t<div class=\"elementor-element elementor-element-6871442b e-con-full e-flex e-con e-child\" data-id=\"6871442b\" data-element_type=\"container\" data-e-type=\"container\" data-settings=\"{&quot;background_background&quot;:&quot;classic&quot;}\">\n\t\t\t\t<div class=\"elementor-element elementor-element-58d7565f elementor-widget elementor-widget-heading\" data-id=\"58d7565f\" data-element_type=\"widget\" data-e-type=\"widget\" data-widget_type=\"heading.default\">\n\t\t\t\t<div class=\"elementor-widget-container\">\n\t\t\t\t\t<h2 class=\"elementor-heading-title elementor-size-default\">F\u00fcr wen ist die Komplettplanung genau das Richtige?<\/h2>\t\t\t\t<\/div>\n\t\t\t\t<\/div>\n\t\t\t\t<div class=\"elementor-element elementor-element-8144b8f elementor-widget elementor-widget-text-editor\" data-id=\"8144b8f\" data-element_type=\"widget\" data-e-type=\"widget\" data-widget_type=\"text-editor.default\">\n\t\t\t\t<div class=\"elementor-widget-container\">\n\t\t\t\t\t\t\t\t\t<p>Sie sind berufst\u00e4tig oder sogar schon Eltern. Oftmals wissen die Menschen nicht, wie sie Berufs- und Privatleben in Einklang bringen k\u00f6nnen. Eigentlich m\u00f6chte man sich ganz entspannt auf den Hochzeitstag vorbereiten, doch wie soll das alles funktionieren, wenn der Tag nur 24 Stunden hat? Im Idealfall heiratet man nur einmal im Leben und m\u00f6chte nat\u00fcrlich, dass alles perfekt l\u00e4uft. Das Privatleben sollte nie in den Hintergrund treten.<\/p><p>Wenn ihr also eure Verlobungszeit genie\u00dfen und euch entspannt zur\u00fccklehnen m\u00f6chtet,\nw\u00e4hrend euer Privat- und Berufsleben harmonisch und stressfrei neben den Vorbereitungen weiterl\u00e4uft \u2013 dann \u00fcberlasst nichts dem Zufall.<\/p>\t\t\t\t\t\t\t\t<\/div>\n\t\t\t\t<\/div>\n\t\t\t\t<\/div>\n\t\t<div class=\"elementor-element elementor-element-19dd5971 e-con-full elementor-hidden-mobile e-flex e-con e-child\" data-id=\"19dd5971\" data-element_type=\"container\" data-e-type=\"container\">\n\t\t\t\t<div class=\"elementor-element elementor-element-5c73b852 elementor-widget elementor-widget-theme-site-logo elementor-widget-image\" data-id=\"5c73b852\" data-element_type=\"widget\" data-e-type=\"widget\" data-widget_type=\"theme-site-logo.default\">\n\t\t\t\t<div class=\"elementor-widget-container\">\n\t\t\t\t\t\t\t\t\t\t\t<a href=\"https:\/\/dream-wedding-by-mia.eu\/de\">\n\t\t\t<img fetchpriority=\"high\" decoding=\"async\" width=\"500\" height=\"500\" src=\"https:\/\/dream-wedding-by-mia.eu\/wp-content\/uploads\/logo-mia-1.svg\" class=\"attachment-full size-full wp-image-1817\" alt=\"\" \/>\t\t\t\t<\/a>\n\t\t\t\t\t\t\t\t\t\t\t<\/div>\n\t\t\t\t<\/div>\n\t\t\t\t<\/div>\n\t\t\t\t<\/div>\n\t\t\t\t<\/div>\n\t\t<div class=\"elementor-element elementor-element-7ca12593 e-con-full e-flex e-con e-parent\" data-id=\"7ca12593\" data-element_type=\"container\" data-e-type=\"container\" data-settings=\"{&quot;background_background&quot;:&quot;classic&quot;}\">\n\t\t\t\t<div class=\"elementor-element elementor-element-43e543 elementor-widget elementor-widget-heading\" data-id=\"43e543\" data-element_type=\"widget\" data-e-type=\"widget\" data-widget_type=\"heading.default\">\n\t\t\t\t<div class=\"elementor-widget-container\">\n\t\t\t\t\t<h2 class=\"elementor-heading-title elementor-size-default\">Das ist alles in diesem Paket enthalten<\/h2>\t\t\t\t<\/div>\n\t\t\t\t<\/div>\n\t\t<div class=\"elementor-element elementor-element-3ff0e8a1 e-con-full e-flex e-con e-child\" data-id=\"3ff0e8a1\" data-element_type=\"container\" data-e-type=\"container\">\n\t\t<div class=\"elementor-element elementor-element-4a292dd7 e-con-full e-grid e-con e-child\" data-id=\"4a292dd7\" data-element_type=\"container\" data-e-type=\"container\">\n\t\t\t\t<div class=\"elementor-element elementor-element-2bb9c486 elementor-cta--skin-cover elementor-cta--valign-top elementor-widget elementor-widget-call-to-action\" data-id=\"2bb9c486\" data-element_type=\"widget\" data-e-type=\"widget\" data-widget_type=\"call-to-action.default\">\n\t\t\t\t<div class=\"elementor-widget-container\">\n\t\t\t\t\t\t\t<div class=\"elementor-cta\">\n\t\t\t\t\t<div class=\"elementor-cta__bg-wrapper\">\n\t\t\t\t<div class=\"elementor-cta__bg elementor-bg\" style=\"background-image: url();\" role=\"img\" aria-label=\"\"><\/div>\n\t\t\t\t<div class=\"elementor-cta__bg-overlay\"><\/div>\n\t\t\t<\/div>\n\t\t\t\t\t\t\t<div class=\"elementor-cta__content\">\n\t\t\t\t\n\t\t\t\t\t\t\t\t\t<h3 class=\"elementor-cta__title elementor-cta__content-item elementor-content-item\">\n\t\t\t\t\t\tLocationsuche\t\t\t\t\t<\/h3>\n\t\t\t\t\n\t\t\t\t\t\t\t\t\t<div class=\"elementor-cta__description elementor-cta__content-item elementor-content-item\">\n\t\t\t\t\t\t<p style=\"white-space: normal\" class=\"translation-block\">Ich pr\u00e4sentiere euch Locations, die zu eurem Budget sowie zu euren W\u00fcnschen und Vorstellungen passen.\nAnhand einer PowerPoint-Pr\u00e4sentation k\u00f6nnt ihr aus diesen Vorschl\u00e4gen bis zu zwei Favoriten ausw\u00e4hlen.<\/p>\t\t\t\t\t<\/div>\n\t\t\t\t\n\t\t\t\t\t\t\t<\/div>\n\t\t\t\t\t\t<\/div>\n\t\t\t\t\t\t<\/div>\n\t\t\t\t<\/div>\n\t\t\t\t<div class=\"elementor-element elementor-element-7abbcc14 elementor-cta--skin-cover elementor-cta--valign-top elementor-widget elementor-widget-call-to-action\" data-id=\"7abbcc14\" data-element_type=\"widget\" data-e-type=\"widget\" data-widget_type=\"call-to-action.default\">\n\t\t\t\t<div class=\"elementor-widget-container\">\n\t\t\t\t\t\t\t<div class=\"elementor-cta\">\n\t\t\t\t\t<div class=\"elementor-cta__bg-wrapper\">\n\t\t\t\t<div class=\"elementor-cta__bg elementor-bg\" style=\"background-image: url();\" role=\"img\" aria-label=\"\"><\/div>\n\t\t\t\t<div class=\"elementor-cta__bg-overlay\"><\/div>\n\t\t\t<\/div>\n\t\t\t\t\t\t\t<div class=\"elementor-cta__content\">\n\t\t\t\t\n\t\t\t\t\t\t\t\t\t<h3 class=\"elementor-cta__title elementor-cta__content-item elementor-content-item\">\n\t\t\t\t\t\tBudgetplan\t\t\t\t\t<\/h3>\n\t\t\t\t\n\t\t\t\t\t\t\t\t\t<div class=\"elementor-cta__description elementor-cta__content-item elementor-content-item\">\n\t\t\t\t\t\t<span style=\"font-size: 1rem\">Gemeinsam erstellen wir einen Budgetplan, der f\u00fcr euch transparent und leicht zug\u00e4nglich ist.\nDieser wird regelm\u00e4\u00dfig aktualisiert, damit es am Ende keine b\u00f6sen \u00dcberraschungen gibt.<\/span> \t\t\t\t\t<\/div>\n\t\t\t\t\n\t\t\t\t\t\t\t<\/div>\n\t\t\t\t\t\t<\/div>\n\t\t\t\t\t\t<\/div>\n\t\t\t\t<\/div>\n\t\t\t\t<div class=\"elementor-element elementor-element-2dd8aa99 elementor-cta--skin-cover elementor-cta--valign-top elementor-widget elementor-widget-call-to-action\" data-id=\"2dd8aa99\" data-element_type=\"widget\" data-e-type=\"widget\" data-widget_type=\"call-to-action.default\">\n\t\t\t\t<div class=\"elementor-widget-container\">\n\t\t\t\t\t\t\t<div class=\"elementor-cta\">\n\t\t\t\t\t<div class=\"elementor-cta__bg-wrapper\">\n\t\t\t\t<div class=\"elementor-cta__bg elementor-bg\" style=\"background-image: url();\" role=\"img\" aria-label=\"\"><\/div>\n\t\t\t\t<div class=\"elementor-cta__bg-overlay\"><\/div>\n\t\t\t<\/div>\n\t\t\t\t\t\t\t<div class=\"elementor-cta__content\">\n\t\t\t\t\n\t\t\t\t\t\t\t\t\t<h3 class=\"elementor-cta__title elementor-cta__content-item elementor-content-item\">\n\t\t\t\t\t\tDienstleistersuche\t\t\t\t\t<\/h3>\n\t\t\t\t\n\t\t\t\t\t\t\t\t\t<div class=\"elementor-cta__description elementor-cta__content-item elementor-content-item\">\n\t\t\t\t\t\t<p><font style=\"white-space: pre-wrap;float: none\">Jetzt bin ich auf der Suche nach Dienstleistern, hierbei achte ich auf Ihre Priorit\u00e4ten. Ich nehme zun\u00e4chst Kontakt mit dem Dienstleister auf und bitte um ein Angebot. Ich vergleiche Angebote. Anschlie\u00dfend melde ich mich bei Ihnen und je nachdem um welchen Dienstleister es sich handelt, wird sich dieser auch kurz bei Ihnen melden.<\/font><span style=\"color: var( --e-global-color-text )\"><\/span><\/p>\t\t\t\t\t<\/div>\n\t\t\t\t\n\t\t\t\t\t\t\t<\/div>\n\t\t\t\t\t\t<\/div>\n\t\t\t\t\t\t<\/div>\n\t\t\t\t<\/div>\n\t\t\t\t<div class=\"elementor-element elementor-element-1d4f8915 elementor-cta--skin-cover elementor-cta--valign-top elementor-widget elementor-widget-call-to-action\" data-id=\"1d4f8915\" data-element_type=\"widget\" data-e-type=\"widget\" data-widget_type=\"call-to-action.default\">\n\t\t\t\t<div class=\"elementor-widget-container\">\n\t\t\t\t\t\t\t<div class=\"elementor-cta\">\n\t\t\t\t\t<div class=\"elementor-cta__bg-wrapper\">\n\t\t\t\t<div class=\"elementor-cta__bg elementor-bg\" style=\"background-image: url();\" role=\"img\" aria-label=\"\"><\/div>\n\t\t\t\t<div class=\"elementor-cta__bg-overlay\"><\/div>\n\t\t\t<\/div>\n\t\t\t\t\t\t\t<div class=\"elementor-cta__content\">\n\t\t\t\t\n\t\t\t\t\t\t\t\t\t<h3 class=\"elementor-cta__title elementor-cta__content-item elementor-content-item\">\n\t\t\t\t\t\tDekokonzept\t\t\t\t\t<\/h3>\n\t\t\t\t\n\t\t\t\t\t\t\t\t\t<div class=\"elementor-cta__description elementor-cta__content-item elementor-content-item\">\n\t\t\t\t\t\tAu\u00dferdem besprechen wir kurz, in welche Richtung Ihr Dekorationskonzept grunds\u00e4tzlich gehen soll, damit ich dieses beim entsprechenden Dienstleister anfragen kann.\t\t\t\t\t<\/div>\n\t\t\t\t\n\t\t\t\t\t\t\t<\/div>\n\t\t\t\t\t\t<\/div>\n\t\t\t\t\t\t<\/div>\n\t\t\t\t<\/div>\n\t\t\t\t<div class=\"elementor-element elementor-element-277619fe elementor-cta--skin-cover elementor-cta--valign-top elementor-widget elementor-widget-call-to-action\" data-id=\"277619fe\" data-element_type=\"widget\" data-e-type=\"widget\" data-widget_type=\"call-to-action.default\">\n\t\t\t\t<div class=\"elementor-widget-container\">\n\t\t\t\t\t\t\t<div class=\"elementor-cta\">\n\t\t\t\t\t<div class=\"elementor-cta__bg-wrapper\">\n\t\t\t\t<div class=\"elementor-cta__bg elementor-bg\" style=\"background-image: url();\" role=\"img\" aria-label=\"\"><\/div>\n\t\t\t\t<div class=\"elementor-cta__bg-overlay\"><\/div>\n\t\t\t<\/div>\n\t\t\t\t\t\t\t<div class=\"elementor-cta__content\">\n\t\t\t\t\n\t\t\t\t\t\t\t\t\t<h3 class=\"elementor-cta__title elementor-cta__content-item elementor-content-item\">\n\t\t\t\t\t\tPlanungsgespr\u00e4che\t\t\t\t\t<\/h3>\n\t\t\t\t\n\t\t\t\t\t\t\t\t\t<div class=\"elementor-cta__description elementor-cta__content-item elementor-content-item\">\n\t\t\t\t\t\t<p style=\"white-space: normal\"><font style=\"white-space: pre-wrap;float: none\">Im Laufe der Vorbereitungen treffen wir uns 2\u20133 Mal, um wichtige Details zu besprechen und immer wieder einen \u00dcberblick dar\u00fcber zu haben, wo wir in der Planung stehen.\nDas sorgt daf\u00fcr, dass nichts vergessen wird \u2013 und erm\u00f6glicht es mir gleichzeitig, gezielt auf eure W\u00fcnsche einzugehen.<\/font><span style=\"color: var( --e-global-color-text )\"><\/span><\/p>\t\t\t\t\t<\/div>\n\t\t\t\t\n\t\t\t\t\t\t\t<\/div>\n\t\t\t\t\t\t<\/div>\n\t\t\t\t\t\t<\/div>\n\t\t\t\t<\/div>\n\t\t\t\t<div class=\"elementor-element elementor-element-21aac631 elementor-cta--skin-cover elementor-cta--valign-top elementor-widget elementor-widget-call-to-action\" data-id=\"21aac631\" data-element_type=\"widget\" data-e-type=\"widget\" data-widget_type=\"call-to-action.default\">\n\t\t\t\t<div class=\"elementor-widget-container\">\n\t\t\t\t\t\t\t<div class=\"elementor-cta\">\n\t\t\t\t\t<div class=\"elementor-cta__bg-wrapper\">\n\t\t\t\t<div class=\"elementor-cta__bg elementor-bg\" style=\"background-image: url();\" role=\"img\" aria-label=\"\"><\/div>\n\t\t\t\t<div class=\"elementor-cta__bg-overlay\"><\/div>\n\t\t\t<\/div>\n\t\t\t\t\t\t\t<div class=\"elementor-cta__content\">\n\t\t\t\t\n\t\t\t\t\t\t\t\t\t<h3 class=\"elementor-cta__title elementor-cta__content-item elementor-content-item\">\n\t\t\t\t\t\tLocationbesichtigungen\t\t\t\t\t<\/h3>\n\t\t\t\t\n\t\t\t\t\t\t\t\t\t<div class=\"elementor-cta__description elementor-cta__content-item elementor-content-item\">\n\t\t\t\t\t\t<p style=\"white-space: normal\"><font style=\"float: none\">Bei der Suche habt ihr die M\u00f6glichkeit, die Location gemeinsam mit mir oder auch alleine zu besichtigen. Auch w\u00e4hrend der Besichtigung selbst bin ich f\u00fcr euch da und stelle die richtigen Fragen. Wenn ihr alleine geht, gebe ich euch auch gerne einige wichtige Fragen mit auf den Weg. <\/font><span style=\"white-space: pre-wrap\"><\/span><\/p>\t\t\t\t\t<\/div>\n\t\t\t\t\n\t\t\t\t\t\t\t<\/div>\n\t\t\t\t\t\t<\/div>\n\t\t\t\t\t\t<\/div>\n\t\t\t\t<\/div>\n\t\t\t\t<\/div>\n\t\t\t\t<\/div>\n\t\t\t\t<\/div>\n\t\t<div class=\"elementor-element elementor-element-5d186c09 e-con-full e-flex e-con e-parent\" data-id=\"5d186c09\" data-element_type=\"container\" data-e-type=\"container\" data-settings=\"{&quot;background_background&quot;:&quot;video&quot;,&quot;background_video_link&quot;:&quot;https:\\\/\\\/youtu.be\\\/v_ZiYPzMCSw?si=AXXjw4cXGy8bT1NV&quot;,&quot;background_video_start&quot;:0,&quot;background_video_end&quot;:16}\">\n\t\t<div class=\"elementor-background-video-container elementor-hidden-mobile\">\n\t\t\t\t\t\t\t<div class=\"elementor-background-video-embed\" role=\"presentation\"><\/div>\n\t\t\t\t\t\t<\/div><div class=\"elementor-element elementor-element-ea60426 e-con-full e-flex e-con e-child\" data-id=\"ea60426\" data-element_type=\"container\" data-e-type=\"container\">\n\t\t\t\t<div class=\"elementor-element elementor-element-9c86ba0 elementor-blockquote--skin-quotation elementor-widget elementor-widget-blockquote\" data-id=\"9c86ba0\" data-element_type=\"widget\" data-e-type=\"widget\" data-widget_type=\"blockquote.default\">\n\t\t\t\t<div class=\"elementor-widget-container\">\n\t\t\t\t\t\t\t<blockquote class=\"elementor-blockquote\">\n\t\t\t<p class=\"elementor-blockquote__content\">\n\t\t\t\t\u201eIch liefere Ergebnisse \u2013 denn am Ende des Tages z\u00e4hlt nicht die perfekte Dekoration, sondern dass alles klappt, selbst wenn die Welt untergeht.\u201c \t\t\t<\/p>\n\t\t\t\t\t\t\t<div class=\"e-q-footer\">\n\t\t\t\t\t\t\t\t\t\t\t<cite class=\"elementor-blockquote__author\">- Mia Weydert, Hochzeitsplanerin<\/cite>\n\t\t\t\t\t\t\t\t\t\t\t\t\t\t<\/div>\n\t\t\t\t\t<\/blockquote>\n\t\t\t\t\t\t<\/div>\n\t\t\t\t<\/div>\n\t\t\t\t<\/div>\n\t\t\t\t<\/div>\n\t\t<div class=\"elementor-element elementor-element-71686daf e-con-full e-flex e-con e-parent\" data-id=\"71686daf\" data-element_type=\"container\" data-e-type=\"container\" data-settings=\"{&quot;background_background&quot;:&quot;classic&quot;}\">\n\t\t\t\t<div class=\"elementor-element elementor-element-c0d6868 elementor-widget elementor-widget-heading\" data-id=\"c0d6868\" data-element_type=\"widget\" data-e-type=\"widget\" data-widget_type=\"heading.default\">\n\t\t\t\t<div class=\"elementor-widget-container\">\n\t\t\t\t\t<h2 class=\"elementor-heading-title elementor-size-default\">So l\u00e4uft die Hochzeitsplanung bei mir ab<\/h2>\t\t\t\t<\/div>\n\t\t\t\t<\/div>\n\t\t\t\t<div class=\"elementor-element elementor-element-4fc06044 elementor-widget__width-initial elementor-widget elementor-widget-text-editor\" data-id=\"4fc06044\" data-element_type=\"widget\" data-e-type=\"widget\" data-widget_type=\"text-editor.default\">\n\t\t\t\t<div class=\"elementor-widget-container\">\n\t\t\t\t\t\t\t\t\t<p>In der ersten Phase erstellen wir gemeinsam einen Budgetplan, dabei halten wir auch eure Priorit\u00e4ten und W\u00fcnsche fest. Eine grobe Timeline k\u00f6nnen wir zu diesem Zeitpunkt ebenfalls schon besprechen.<\/p><p>Danach mache ich mich auf die Suche nach eurer Traumlocation. Sobald die Location feststeht, kontaktiere ich die Dienstleister, die nur an einem bestimmten Tag verf\u00fcgbar sind, und fordere Angebote ein, die wir dann gemeinsam vergleichen.\u00a0<\/p><p>Am Ende \u00fcbergebe ich euch alle Informationen, Angebote und Abstimmungen mit den Dienstleistern, damit ihr einen \u00fcbersichtlichen und klaren Tagesplan erstellen k\u00f6nnt.<\/p>\t\t\t\t\t\t\t\t<\/div>\n\t\t\t\t<\/div>\n\t\t\t\t<div class=\"elementor-element elementor-element-41228c3 elementor-align-center elementor-mobile-align-center elementor-widget elementor-widget-global elementor-global-1846 elementor-widget-button\" data-id=\"41228c3\" data-element_type=\"widget\" data-e-type=\"widget\" data-widget_type=\"button.default\">\n\t\t\t\t<div class=\"elementor-widget-container\">\n\t\t\t\t\t\t\t\t\t<div class=\"elementor-button-wrapper\">\n\t\t\t\t\t<a class=\"elementor-button elementor-button-link elementor-size-sm\" href=\"https:\/\/dream-wedding-by-mia.eu\/de\/gratis-berodung\/\" target=\"_blank\">\n\t\t\t\t\t\t<span class=\"elementor-button-content-wrapper\">\n\t\t\t\t\t\t\t\t\t<span class=\"elementor-button-text\">Kostenlose Beratung<\/span>\n\t\t\t\t\t<\/span>\n\t\t\t\t\t<\/a>\n\t\t\t\t<\/div>\n\t\t\t\t\t\t\t\t<\/div>\n\t\t\t\t<\/div>\n\t\t\t\t<\/div>\n\t\t<div class=\"elementor-element elementor-element-182606a2 e-con-full e-flex e-con e-parent\" data-id=\"182606a2\" data-element_type=\"container\" data-e-type=\"container\" data-settings=\"{&quot;background_background&quot;:&quot;classic&quot;}\">\n\t\t<div class=\"elementor-element elementor-element-141a128c e-con-full e-flex e-con e-child\" data-id=\"141a128c\" data-element_type=\"container\" data-e-type=\"container\">\n\t\t<div class=\"elementor-element elementor-element-2e15739d e-con-full e-flex e-con e-child\" data-id=\"2e15739d\" data-element_type=\"container\" data-e-type=\"container\">\n\t\t\t\t<div class=\"elementor-element elementor-element-593b945b elementor-widget elementor-widget-heading\" data-id=\"593b945b\" data-element_type=\"widget\" data-e-type=\"widget\" data-widget_type=\"heading.default\">\n\t\t\t\t<div class=\"elementor-widget-container\">\n\t\t\t\t\t<h2 class=\"elementor-heading-title elementor-size-default\">\u201eWir h\u00e4tten nie gedacht, dass es so viel Arbeit ist.\u201c<\/h2>\t\t\t\t<\/div>\n\t\t\t\t<\/div>\n\t\t\t\t<div class=\"elementor-element elementor-element-3eb76cf7 elementor-widget elementor-widget-text-editor\" data-id=\"3eb76cf7\" data-element_type=\"widget\" data-e-type=\"widget\" data-widget_type=\"text-editor.default\">\n\t\t\t\t<div class=\"elementor-widget-container\">\n\t\t\t\t\t\t\t\t\t<p><span>Die meisten Brautpaare, die mit mir zusammenarbeiten, merken erst w\u00e4hrend der Planung, wie viel Arbeit tats\u00e4chlich dahintersteckt.\nSie h\u00e4tten nie gedacht, dass die Hochzeitsvorbereitungen so umfangreich sind.\nSie erz\u00e4hlen mir ihre W\u00fcnsche und Vorstellungen davon, wie ihre Hochzeit aussehen soll. Die gesamte organisatorische und b\u00fcrokratische Arbeit \u00fcbernehme ich.\nIm Gespr\u00e4ch merken sie schnell, wie viel im Hintergrund geregelt werden muss \u2013\nund sind erleichtert und gl\u00fccklich, dass sie all diese Arbeit nicht selbst machen m\u00fcssen!<\/span><\/p>\t\t\t\t\t\t\t\t<\/div>\n\t\t\t\t<\/div>\n\t\t\t\t<div class=\"elementor-element elementor-element-2090abd elementor-align-left elementor-mobile-align-center elementor-widget elementor-widget-global elementor-global-1837 elementor-widget-button\" data-id=\"2090abd\" data-element_type=\"widget\" data-e-type=\"widget\" data-widget_type=\"button.default\">\n\t\t\t\t<div class=\"elementor-widget-container\">\n\t\t\t\t\t\t\t\t\t<div class=\"elementor-button-wrapper\">\n\t\t\t\t\t<a class=\"elementor-button elementor-button-link elementor-size-sm\" href=\"https:\/\/dream-wedding-by-mia.eu\/de\/gratis-berodung\/\" target=\"_blank\">\n\t\t\t\t\t\t<span class=\"elementor-button-content-wrapper\">\n\t\t\t\t\t\t\t\t\t<span class=\"elementor-button-text\">Kostenlose Beratung<\/span>\n\t\t\t\t\t<\/span>\n\t\t\t\t\t<\/a>\n\t\t\t\t<\/div>\n\t\t\t\t\t\t\t\t<\/div>\n\t\t\t\t<\/div>\n\t\t\t\t<\/div>\n\t\t\t\t<\/div>\n\t\t<div class=\"elementor-element elementor-element-3f6b6df9 e-con-full e-flex e-con e-child\" data-id=\"3f6b6df9\" data-element_type=\"container\" data-e-type=\"container\" data-settings=\"{&quot;background_background&quot;:&quot;classic&quot;}\">\n\t\t\t\t<\/div>\n\t\t\t\t<\/div>\n\t\t\t\t<\/div>","protected":false},"excerpt":{"rendered":"<p>All in one Hochz\u00e4itsplanung Fir wien ass d\u00ebse Pak genau dat Richtegt? Dir sidd beruffst\u00e4teg oder souguer schonn Elteren. Oft weess een net, w\u00e9i ee Beruff an d&#8217;Privatliewen \u00ebnnert een Hutt soll kr\u00e9ien. Eigentlech well een sech jo entspaant op s\u00e4in Hochz\u00e4itsdag virbereeden, awer w\u00e9i soll dat alles fonction\u00e9ieren, wann den Dag n\u00ebmme 24 Stonnen [&hellip;]<\/p>\n","protected":false},"author":2,"featured_media":0,"parent":0,"menu_order":0,"comment_status":"closed","ping_status":"closed","template":"elementor_header_footer","meta":{"_acf_changed":false,"footnotes":""},"class_list":["post-1783","page","type-page","status-publish","hentry"],"acf":[],"_links":{"self":[{"href":"https:\/\/dream-wedding-by-mia.eu\/de\/wp-json\/wp\/v2\/pages\/1783","targetHints":{"allow":["GET"]}}],"collection":[{"href":"https:\/\/dream-wedding-by-mia.eu\/de\/wp-json\/wp\/v2\/pages"}],"about":[{"href":"https:\/\/dream-wedding-by-mia.eu\/de\/wp-json\/wp\/v2\/types\/page"}],"author":[{"embeddable":true,"href":"https:\/\/dream-wedding-by-mia.eu\/de\/wp-json\/wp\/v2\/users\/2"}],"replies":[{"embeddable":true,"href":"https:\/\/dream-wedding-by-mia.eu\/de\/wp-json\/wp\/v2\/comments?post=1783"}],"version-history":[{"count":10,"href":"https:\/\/dream-wedding-by-mia.eu\/de\/wp-json\/wp\/v2\/pages\/1783\/revisions"}],"predecessor-version":[{"id":2031,"href":"https:\/\/dream-wedding-by-mia.eu\/de\/wp-json\/wp\/v2\/pages\/1783\/revisions\/2031"}],"wp:attachment":[{"href":"https:\/\/dream-wedding-by-mia.eu\/de\/wp-json\/wp\/v2\/media?parent=1783"}],"curies":[{"name":"wp","href":"https:\/\/api.w.org\/{rel}","templated":true}]}}