{"id":1776,"date":"2025-04-06T20:23:20","date_gmt":"2025-04-06T18:23:20","guid":{"rendered":"https:\/\/dream-wedding-by-mia.eu\/uber-mich-2\/"},"modified":"2026-03-17T15:43:14","modified_gmt":"2026-03-17T14:43:14","slug":"ueber-mich","status":"publish","type":"page","link":"https:\/\/dream-wedding-by-mia.eu\/de\/iwwer-mech\/","title":{"rendered":"\u00dcber mich"},"content":{"rendered":"<div data-elementor-type=\"wp-page\" data-elementor-id=\"1776\" class=\"elementor elementor-1776\" data-elementor-post-type=\"page\">\n\t\t\t\t<div class=\"elementor-element elementor-element-2ccac9e6 e-con-full e-flex e-con e-parent\" data-id=\"2ccac9e6\" data-element_type=\"container\" data-e-type=\"container\">\n\t\t<div class=\"elementor-element elementor-element-4d7313f7 e-con-full e-flex e-con e-child\" data-id=\"4d7313f7\" data-element_type=\"container\" data-e-type=\"container\" data-settings=\"{&quot;background_background&quot;:&quot;classic&quot;}\">\n\t\t\t\t<div class=\"elementor-element elementor-element-197bc1c1 elementor-widget elementor-widget-heading\" data-id=\"197bc1c1\" data-element_type=\"widget\" data-e-type=\"widget\" data-widget_type=\"heading.default\">\n\t\t\t\t<div class=\"elementor-widget-container\">\n\t\t\t\t\t<h1 class=\"elementor-heading-title elementor-size-default\">\u00dcber mich als Hochzeitsplanerin<\/h1>\t\t\t\t<\/div>\n\t\t\t\t<\/div>\n\t\t\t\t<\/div>\n\t\t<div class=\"elementor-element elementor-element-5bb1976e e-con-full e-flex e-con e-child\" data-id=\"5bb1976e\" data-element_type=\"container\" data-e-type=\"container\" data-settings=\"{&quot;background_background&quot;:&quot;classic&quot;}\">\n\t\t<div class=\"elementor-element elementor-element-41fbd3e3 e-con-full e-flex e-con e-child\" data-id=\"41fbd3e3\" data-element_type=\"container\" data-e-type=\"container\" data-settings=\"{&quot;background_background&quot;:&quot;classic&quot;}\">\n\t\t\t\t<div class=\"elementor-element elementor-element-3e085b6 elementor-widget elementor-widget-heading\" data-id=\"3e085b6\" data-element_type=\"widget\" data-e-type=\"widget\" data-widget_type=\"heading.default\">\n\t\t\t\t<div class=\"elementor-widget-container\">\n\t\t\t\t\t<h2 class=\"elementor-heading-title elementor-size-default\">Wie ich Hochzeitsplanerin wurde<\/h2>\t\t\t\t<\/div>\n\t\t\t\t<\/div>\n\t\t\t\t<div class=\"elementor-element elementor-element-4618156d elementor-widget elementor-widget-text-editor\" data-id=\"4618156d\" data-element_type=\"widget\" data-e-type=\"widget\" data-widget_type=\"text-editor.default\">\n\t\t\t\t<div class=\"elementor-widget-container\">\n\t\t\t\t\t\t\t\t\t<p>Fangen wir in meiner Kindheit an:\nSchon damals wusste jeder, dass ich leidenschaftlich gerne organisiere.\nNiemand war vor einer \u00dcberraschungsparty sicher.\nKeine Sorge \u2013 nat\u00fcrlich wei\u00df ich, dass eure Hochzeit mit keinem Geburtstag vergleichbar ist.\nF\u00fcr eure Hochzeit gibt es keine Generalprobe.\nMan heiratet schlie\u00dflich nur einmal im Leben.\u00a0<\/p><p>Durch meine eigene Hochzeit habe ich gemerkt:\nAuch wenn man gerne selbst plant, braucht man am Hochzeitstag eine Person, die alles koordiniert.\nUnd diese Person sollte auf keinen Fall aus dem engsten Umfeld kommen.\nSie sollte sich in der Hochzeitsbranche auskennen.\n\nDeshalb habe ich beschlossen, meine Leidenschaft zu meinem Beruf zu machen und mich st\u00e4ndig weiterzubilden \u2013\ndamit ihr niemals eine 08\/15-Hochzeit feiert oder Stress an eurem gro\u00dfen Tag versp\u00fcrt.\u00a0<\/p>\t\t\t\t\t\t\t\t<\/div>\n\t\t\t\t<\/div>\n\t\t\t\t<\/div>\n\t\t<div class=\"elementor-element elementor-element-2aa6feb9 e-con-full elementor-hidden-mobile e-flex e-con e-child\" data-id=\"2aa6feb9\" data-element_type=\"container\" data-e-type=\"container\">\n\t\t\t\t<div class=\"elementor-element elementor-element-65f80211 elementor-widget elementor-widget-theme-site-logo elementor-widget-image\" data-id=\"65f80211\" data-element_type=\"widget\" data-e-type=\"widget\" data-widget_type=\"theme-site-logo.default\">\n\t\t\t\t<div class=\"elementor-widget-container\">\n\t\t\t\t\t\t\t\t\t\t\t<a href=\"https:\/\/dream-wedding-by-mia.eu\/de\">\n\t\t\t<img fetchpriority=\"high\" decoding=\"async\" width=\"500\" height=\"500\" src=\"https:\/\/dream-wedding-by-mia.eu\/wp-content\/uploads\/logo-mia-1.svg\" class=\"attachment-full size-full wp-image-1817\" alt=\"\" \/>\t\t\t\t<\/a>\n\t\t\t\t\t\t\t\t\t\t\t<\/div>\n\t\t\t\t<\/div>\n\t\t\t\t<\/div>\n\t\t\t\t<\/div>\n\t\t\t\t<\/div>\n\t\t<div class=\"elementor-element elementor-element-2a340612 e-con-full e-flex e-con e-parent\" data-id=\"2a340612\" data-element_type=\"container\" data-e-type=\"container\" data-settings=\"{&quot;background_background&quot;:&quot;classic&quot;}\">\n\t\t\t\t<div class=\"elementor-element elementor-element-6c5c35fe elementor-widget elementor-widget-heading\" data-id=\"6c5c35fe\" data-element_type=\"widget\" data-e-type=\"widget\" data-widget_type=\"heading.default\">\n\t\t\t\t<div class=\"elementor-widget-container\">\n\t\t\t\t\t<h2 class=\"elementor-heading-title elementor-size-default\">Meine Philosophie<\/h2>\t\t\t\t<\/div>\n\t\t\t\t<\/div>\n\t\t\t\t<div class=\"elementor-element elementor-element-41d832cc elementor-widget elementor-widget-heading\" data-id=\"41d832cc\" data-element_type=\"widget\" data-e-type=\"widget\" data-widget_type=\"heading.default\">\n\t\t\t\t<div class=\"elementor-widget-container\">\n\t\t\t\t\t<h3 class=\"elementor-heading-title elementor-size-default\">als Hochzeitsplanerin in Luxemburg &amp; Umgebung<\/h3>\t\t\t\t<\/div>\n\t\t\t\t<\/div>\n\t\t\t\t<div class=\"elementor-element elementor-element-1935b302 elementor-widget__width-initial elementor-widget elementor-widget-text-editor\" data-id=\"1935b302\" data-element_type=\"widget\" data-e-type=\"widget\" data-widget_type=\"text-editor.default\">\n\t\t\t\t<div class=\"elementor-widget-container\">\n\t\t\t\t\t\t\t\t\t<p>Ich bin nicht die Person, die sich mit Glitzer umgibt.\nIch bin diejenige im Hintergrund, die an allen R\u00e4dchen dreht, damit ihr euren gro\u00dfen Moment genie\u00dfen k\u00f6nnt.\nIch bin die, die einen k\u00fchlen Kopf bewahrt, selbst wenn der Wind um die Ohren pfeift.<\/p><p>Eine Hochzeit in Luxemburg ist keine Pinterest-Fotostory, bei der die Schwiegermutter denkt, sie m\u00fcsse alles kontrollieren, bis hin zum Fotografen, der sich verl\u00e4uft. Ich habe schon mehr \u201eDramen\u201c gel\u00f6st als ein Notarzt Pflaster geklebt hat.<\/p><p>Wenn ihr eine Hochzeitsplanerin sucht, die euch einfach nur mit Kerzen und Blumen \u00fcbersch\u00fcttet,\nbin ich nicht die Richtige f\u00fcr euch.\nWenn ihr aber jemanden sucht, der auch die Nerven beh\u00e4lt,\nwenn der Kuchen umf\u00e4llt, die freie Rednerin ihren Text vergisst und das Wetter macht, was es will \u2013\ndann sind wir auf derselben Wellenl\u00e4nge.<\/p><p>Denn am Ende des Tages z\u00e4hlt nur eines:\nDass ihr als Paar euren Moment genie\u00dfen k\u00f6nnt.\nUnd daf\u00fcr braucht ihr eine Hochzeitsplanerin an eurer Seite, die alles im Griff hat \u2013 selbst wenn die Welt untergeht.<\/p><p>Ich bin knallhart und ehrlich, ohne Firlefanz \u2013 mit ruhiger Hand und Geduld f\u00fcr jede Situation.<\/p>\t\t\t\t\t\t\t\t<\/div>\n\t\t\t\t<\/div>\n\t\t\t\t<\/div>\n\t\t<div class=\"elementor-element elementor-element-3728fdf e-con-full e-flex e-con e-parent\" data-id=\"3728fdf\" data-element_type=\"container\" data-e-type=\"container\" data-settings=\"{&quot;background_background&quot;:&quot;classic&quot;}\">\n\t\t<div class=\"elementor-element elementor-element-4a9e1518 e-con-full e-flex e-con e-child\" data-id=\"4a9e1518\" data-element_type=\"container\" data-e-type=\"container\">\n\t\t<div class=\"elementor-element elementor-element-444676a2 e-con-full e-flex e-con e-child\" data-id=\"444676a2\" data-element_type=\"container\" data-e-type=\"container\">\n\t\t\t\t<div class=\"elementor-element elementor-element-568d3a9a elementor-widget elementor-widget-heading\" data-id=\"568d3a9a\" data-element_type=\"widget\" data-e-type=\"widget\" data-widget_type=\"heading.default\">\n\t\t\t\t<div class=\"elementor-widget-container\">\n\t\t\t\t\t<h2 class=\"elementor-heading-title elementor-size-default\">Was bedeuten \u00c4sthetik und Exklusivit\u00e4t f\u00fcr mich?<\/h2>\t\t\t\t<\/div>\n\t\t\t\t<\/div>\n\t\t\t\t<div class=\"elementor-element elementor-element-3a57f222 elementor-widget elementor-widget-text-editor\" data-id=\"3a57f222\" data-element_type=\"widget\" data-e-type=\"widget\" data-widget_type=\"text-editor.default\">\n\t\t\t\t<div class=\"elementor-widget-container\">\n\t\t\t\t\t\t\t\t\t<p>\u00c4sthetik ist f\u00fcr mich ganz klar kein Konzept, das man 1 zu 1 aus einem Hochzeitskatalog \u00fcbernehmen kann.\nEine Location hat ihre Seele nicht, weil sie \u201etrendy\u201c ist, sondern weil sie Charakter hat \u2013 und weil ihr durch euren individuellen Stil eure pers\u00f6nliche Note einbringt.\n\u00c4sthetik bedeutet f\u00fcr mich etwas, das Wirkung entfaltet \u2013 nicht etwas, das einfach von Pinterest kopiert ist.\nEs ist die Kunst, zu wissen, welcher Ort, welche Stimmung und welcher Moment wirklich z\u00e4hlen.<\/p><p>Exklusiv bedeutet nicht teuer oder luxuri\u00f6s. Es bedeutet zu wissen, wo die RICHTIGEN Orte und die RICHTIGEN Momente sind. Die Exklusivit\u00e4t liegt in den Details, die nicht kopierbar sind, weil sie von Herzen kommen und nur zu euch als Paar passen.<\/p>\t\t\t\t\t\t\t\t<\/div>\n\t\t\t\t<\/div>\n\t\t\t\t<div class=\"elementor-element elementor-element-a76e433 elementor-align-left elementor-mobile-align-center elementor-widget elementor-widget-global elementor-global-1837 elementor-widget-button\" data-id=\"a76e433\" data-element_type=\"widget\" data-e-type=\"widget\" data-widget_type=\"button.default\">\n\t\t\t\t<div class=\"elementor-widget-container\">\n\t\t\t\t\t\t\t\t\t<div class=\"elementor-button-wrapper\">\n\t\t\t\t\t<a class=\"elementor-button elementor-button-link elementor-size-sm\" href=\"https:\/\/dream-wedding-by-mia.eu\/de\/gratis-berodung\/\" target=\"_blank\">\n\t\t\t\t\t\t<span class=\"elementor-button-content-wrapper\">\n\t\t\t\t\t\t\t\t\t<span class=\"elementor-button-text\">Kostenlose Beratung<\/span>\n\t\t\t\t\t<\/span>\n\t\t\t\t\t<\/a>\n\t\t\t\t<\/div>\n\t\t\t\t\t\t\t\t<\/div>\n\t\t\t\t<\/div>\n\t\t\t\t<\/div>\n\t\t\t\t<\/div>\n\t\t<div class=\"elementor-element elementor-element-66ad072 e-con-full e-flex e-con e-child\" data-id=\"66ad072\" data-element_type=\"container\" data-e-type=\"container\" data-settings=\"{&quot;background_background&quot;:&quot;classic&quot;}\">\n\t\t\t\t<\/div>\n\t\t\t\t<\/div>\n\t\t<div class=\"elementor-element elementor-element-593f1c85 e-con-full e-flex e-con e-parent\" data-id=\"593f1c85\" data-element_type=\"container\" data-e-type=\"container\" data-settings=\"{&quot;background_background&quot;:&quot;classic&quot;}\">\n\t\t<div class=\"elementor-element elementor-element-3e36f485 e-con-full e-flex e-con e-child\" data-id=\"3e36f485\" data-element_type=\"container\" data-e-type=\"container\">\n\t\t<div class=\"elementor-element elementor-element-8bca89d e-con-full e-flex e-con e-child\" data-id=\"8bca89d\" data-element_type=\"container\" data-e-type=\"container\">\n\t\t<div class=\"elementor-element elementor-element-2582f0e5 e-con-full e-flex e-con e-child\" data-id=\"2582f0e5\" data-element_type=\"container\" data-e-type=\"container\">\n\t\t\t\t<div class=\"elementor-element elementor-element-99c936f elementor--star-style-star_unicode elementor-pagination-type-bullets elementor-review--has-separator elementor-widget elementor-widget-global elementor-global-1884 elementor-widget-reviews\" data-id=\"99c936f\" data-element_type=\"widget\" data-e-type=\"widget\" data-settings=\"{&quot;slides_per_view&quot;:&quot;3&quot;,&quot;space_between_tablet&quot;:{&quot;unit&quot;:&quot;px&quot;,&quot;size&quot;:7,&quot;sizes&quot;:[]},&quot;space_between_mobile&quot;:{&quot;unit&quot;:&quot;px&quot;,&quot;size&quot;:0,&quot;sizes&quot;:[]},&quot;pagination&quot;:&quot;bullets&quot;,&quot;speed&quot;:500,&quot;space_between&quot;:{&quot;unit&quot;:&quot;px&quot;,&quot;size&quot;:10,&quot;sizes&quot;:[]}}\" data-widget_type=\"reviews.default\">\n\t\t\t\t<div class=\"elementor-widget-container\">\n\t\t\t\t\t\t\t\t\t<div class=\"elementor-swiper\">\n\t\t\t\t\t<div class=\"elementor-main-swiper swiper\" role=\"region\" aria-roledescription=\"carousel\" aria-label=\"Slider\">\n\t\t\t\t<div class=\"swiper-wrapper\">\n\t\t\t\t\t\t\t\t\t\t\t<div class=\"swiper-slide\" role=\"group\" aria-roledescription=\"slide\">\n\t\t\t\t\t\t\t\t\t<div class=\"elementor-testimonial elementor-repeater-item-db58641\">\n\t\t\t\t\t\t\t<div class=\"elementor-testimonial__header\">\n\t\t\t\t\t\t\t\t\t\t\t<div class=\"elementor-testimonial__image\">\n\t\t\t\t\t\t\t<img decoding=\"async\" src=\"https:\/\/dream-wedding-by-mia.eu\/wp-content\/uploads\/luxemburg-strandhochzeit-mia-weydert-hochzeitsplanerin.jpeg\" alt=\"Sarah P.\">\n\t\t\t\t\t\t\t\t\t\t\t\t\t<\/div>\n\t\t\t\t\t\t\t\t\t\t<cite class=\"elementor-testimonial__cite\"><span class=\"elementor-testimonial__name\">Sarah P.<\/span><div class=\"elementor-star-rating\"><i class=\"elementor-star-full\">&#9733;<\/i><i class=\"elementor-star-full\">&#9733;<\/i><i class=\"elementor-star-full\">&#9733;<\/i><i class=\"elementor-star-full\">&#9733;<\/i><i class=\"elementor-star-full\">&#9733;<\/i><\/div><\/cite>\t\t\t\t\t<div class=\"elementor-testimonial__icon elementor-icon elementor-icon-\" aria-label=\"Weiterlesen\"><\/div>\t\t\t\t<\/div>\n\t\t\t\t\t\t\t\t\t\t<div class=\"elementor-testimonial__content\">\n\t\t\t\t\t<div class=\"elementor-testimonial__text\">\n\t\t\t\t\t\tAls Trauzeugin bin ich sehr dankbar f\u00fcr Mias Arbeit bei der Hochzeit meiner Freundin. Sie war jederzeit erreichbar und konnte alle Fragen beantworten und Unklarheiten beseitigen. Am Tag pers\u00f6nlich hat sich super um uns alle gek\u00fcmmert und an alles gedacht, sodass wir \u00fcberhaupt keinen Stress hatten.\n\nDanke f\u00fcr deine Arbeit, Mia!\t\t\t\t\t<\/div>\n\t\t\t\t<\/div>\n\t\t\t\t\t<\/div>\n\t\t\t\t\t\t\t\t<\/div>\n\t\t\t\t\t\t\t\t\t<\/div>\n\t\t\t\t\t\t\t<\/div>\n\t\t\t\t<\/div>\n\t\t\t\t\t\t\t\t<\/div>\n\t\t\t\t<\/div>\n\t\t\t\t<\/div>\n\t\t<div class=\"elementor-element elementor-element-7a51e80 e-con-full e-flex e-con e-child\" data-id=\"7a51e80\" data-element_type=\"container\" data-e-type=\"container\">\n\t\t\t\t<div class=\"elementor-element elementor-element-d57a13d elementor--star-style-star_unicode elementor-pagination-type-bullets elementor-review--has-separator elementor-widget elementor-widget-global elementor-global-1887 elementor-widget-reviews\" data-id=\"d57a13d\" data-element_type=\"widget\" data-e-type=\"widget\" data-settings=\"{&quot;slides_per_view&quot;:&quot;3&quot;,&quot;space_between_tablet&quot;:{&quot;unit&quot;:&quot;px&quot;,&quot;size&quot;:7,&quot;sizes&quot;:[]},&quot;space_between_mobile&quot;:{&quot;unit&quot;:&quot;px&quot;,&quot;size&quot;:0,&quot;sizes&quot;:[]},&quot;pagination&quot;:&quot;bullets&quot;,&quot;speed&quot;:500,&quot;space_between&quot;:{&quot;unit&quot;:&quot;px&quot;,&quot;size&quot;:10,&quot;sizes&quot;:[]}}\" data-widget_type=\"reviews.default\">\n\t\t\t\t<div class=\"elementor-widget-container\">\n\t\t\t\t\t\t\t\t\t<div class=\"elementor-swiper\">\n\t\t\t\t\t<div class=\"elementor-main-swiper swiper\" role=\"region\" aria-roledescription=\"carousel\" aria-label=\"Slider\">\n\t\t\t\t<div class=\"swiper-wrapper\">\n\t\t\t\t\t\t\t\t\t\t\t<div class=\"swiper-slide\" role=\"group\" aria-roledescription=\"slide\">\n\t\t\t\t\t\t\t\t\t<div class=\"elementor-testimonial elementor-repeater-item-db58641\">\n\t\t\t\t\t\t\t<div class=\"elementor-testimonial__header\">\n\t\t\t\t\t\t\t\t\t\t\t<div class=\"elementor-testimonial__image\">\n\t\t\t\t\t\t\t<img decoding=\"async\" src=\"https:\/\/dream-wedding-by-mia.eu\/wp-content\/uploads\/ringtausch-am-strand-luxushochzeiten-in-luxemburg-mit-mia-weydert.jpeg\" alt=\"Claudine\">\n\t\t\t\t\t\t\t\t\t\t\t\t\t<\/div>\n\t\t\t\t\t\t\t\t\t\t<cite class=\"elementor-testimonial__cite\"><span class=\"elementor-testimonial__name\">Claudine<\/span><div class=\"elementor-star-rating\"><i class=\"elementor-star-full\">&#9733;<\/i><i class=\"elementor-star-full\">&#9733;<\/i><i class=\"elementor-star-full\">&#9733;<\/i><i class=\"elementor-star-full\">&#9733;<\/i><i class=\"elementor-star-full\">&#9733;<\/i><\/div><\/cite>\t\t\t\t\t<div class=\"elementor-testimonial__icon elementor-icon elementor-icon-\" aria-label=\"Weiterlesen\"><\/div>\t\t\t\t<\/div>\n\t\t\t\t\t\t\t\t\t\t<div class=\"elementor-testimonial__content\">\n\t\t\t\t\t<div class=\"elementor-testimonial__text\">\n\t\t\t\t\t\tMia war einfach TOLL! Ich wei\u00df nicht, was wir ohne sie getan h\u00e4tten. Zu Beginn unserer Hochzeitsplanung hatten wir Zweifel, ob wir \u00fcberhaupt die Hilfe eines Hochzeitsplaners ben\u00f6tigen w\u00fcrden, aber dann entschieden wir uns, Mia f\u00fcr unseren Hochzeitstag zu buchen. Und wie gl\u00fccklich wir \u00fcber diese Entscheidung waren!!! Schon vor der Hochzeit standen wir in regelm\u00e4\u00dfigem Kontakt mit Mia. (...)\t\t\t\t\t<\/div>\n\t\t\t\t<\/div>\n\t\t\t\t\t<\/div>\n\t\t\t\t\t\t\t\t<\/div>\n\t\t\t\t\t\t\t\t\t<\/div>\n\t\t\t\t\t\t\t<\/div>\n\t\t\t\t<\/div>\n\t\t\t\t\t\t\t\t<\/div>\n\t\t\t\t<\/div>\n\t\t\t\t<\/div>\n\t\t<div class=\"elementor-element elementor-element-1058505b e-con-full e-flex e-con e-child\" data-id=\"1058505b\" data-element_type=\"container\" data-e-type=\"container\">\n\t\t\t\t<div class=\"elementor-element elementor-element-a857296 elementor--star-style-star_unicode elementor-pagination-type-bullets elementor-review--has-separator elementor-widget elementor-widget-global elementor-global-1890 elementor-widget-reviews\" data-id=\"a857296\" data-element_type=\"widget\" data-e-type=\"widget\" data-settings=\"{&quot;slides_per_view&quot;:&quot;3&quot;,&quot;space_between_tablet&quot;:{&quot;unit&quot;:&quot;px&quot;,&quot;size&quot;:7,&quot;sizes&quot;:[]},&quot;space_between_mobile&quot;:{&quot;unit&quot;:&quot;px&quot;,&quot;size&quot;:0,&quot;sizes&quot;:[]},&quot;pagination&quot;:&quot;bullets&quot;,&quot;speed&quot;:500,&quot;space_between&quot;:{&quot;unit&quot;:&quot;px&quot;,&quot;size&quot;:10,&quot;sizes&quot;:[]}}\" data-widget_type=\"reviews.default\">\n\t\t\t\t<div class=\"elementor-widget-container\">\n\t\t\t\t\t\t\t\t\t<div class=\"elementor-swiper\">\n\t\t\t\t\t<div class=\"elementor-main-swiper swiper\" role=\"region\" aria-roledescription=\"carousel\" aria-label=\"Slider\">\n\t\t\t\t<div class=\"swiper-wrapper\">\n\t\t\t\t\t\t\t\t\t\t\t<div class=\"swiper-slide\" role=\"group\" aria-roledescription=\"slide\">\n\t\t\t\t\t\t\t\t\t<div class=\"elementor-testimonial elementor-repeater-item-db58641\">\n\t\t\t\t\t\t\t<div class=\"elementor-testimonial__header\">\n\t\t\t\t\t\t\t\t\t\t\t<div class=\"elementor-testimonial__image\">\n\t\t\t\t\t\t\t<img decoding=\"async\" src=\"https:\/\/dream-wedding-by-mia.eu\/wp-content\/uploads\/heiraten-im-schloss-hochzeit-in-luxemburg.jpeg\" alt=\"Patricia Venancio\">\n\t\t\t\t\t\t\t\t\t\t\t\t\t<\/div>\n\t\t\t\t\t\t\t\t\t\t<cite class=\"elementor-testimonial__cite\"><span class=\"elementor-testimonial__name\">Patricia Venancio<\/span><div class=\"elementor-star-rating\"><i class=\"elementor-star-full\">&#9733;<\/i><i class=\"elementor-star-full\">&#9733;<\/i><i class=\"elementor-star-full\">&#9733;<\/i><i class=\"elementor-star-full\">&#9733;<\/i><i class=\"elementor-star-full\">&#9733;<\/i><\/div><\/cite>\t\t\t\t\t<div class=\"elementor-testimonial__icon elementor-icon elementor-icon-\" aria-label=\"Weiterlesen\"><\/div>\t\t\t\t<\/div>\n\t\t\t\t\t\t\t\t\t\t<div class=\"elementor-testimonial__content\">\n\t\t\t\t\t<div class=\"elementor-testimonial__text\">\n\t\t\t\t\t\tEinfach WOW! \ud83e\udd0d\n\nWas h\u00e4tten wir ohne Dich getan? Am Anfang waren wir unsicher, ob wir wirklich einen Koordinator hatten. Aber es hat sich auf jeden Fall gelohnt! Es stellte sich heraus, dass es die allerbeste Entscheidung war. (...)\t\t\t\t\t<\/div>\n\t\t\t\t<\/div>\n\t\t\t\t\t<\/div>\n\t\t\t\t\t\t\t\t<\/div>\n\t\t\t\t\t\t\t\t\t<\/div>\n\t\t\t\t\t\t\t<\/div>\n\t\t\t\t<\/div>\n\t\t\t\t\t\t\t\t<\/div>\n\t\t\t\t<\/div>\n\t\t\t\t<\/div>\n\t\t\t\t<\/div>\n\t\t\t\t<\/div>\n\t\t\t\t<\/div>\n\t\t\t\t<\/div>","protected":false},"excerpt":{"rendered":"<p>Iwwer mech als Weddingplanerin W\u00e9i ech zu Weddingplanerin ginn sinn Komm mir f\u00e4nken a menger Kandheet un. Hei wosst jiddereen, dass ech super g\u00e4r organis\u00e9ieren. Keen war virun enger Iwwerraschungsparty s\u00e9cher. Keng Panik, ech weess, dass \u00c4r Hochz\u00e4it op kee Fall mat engem Gebuertsdag ze vergl\u00e4ichen ass. Fir eng\u00a0Hochz\u00e4it\u00a0geet et\u00a0kee\u00a0Prouf Dag an, beschtefalls geet een [&hellip;]<\/p>\n","protected":false},"author":2,"featured_media":0,"parent":0,"menu_order":0,"comment_status":"closed","ping_status":"closed","template":"elementor_header_footer","meta":{"_acf_changed":false,"footnotes":""},"class_list":["post-1776","page","type-page","status-publish","hentry"],"acf":[],"_links":{"self":[{"href":"https:\/\/dream-wedding-by-mia.eu\/de\/wp-json\/wp\/v2\/pages\/1776","targetHints":{"allow":["GET"]}}],"collection":[{"href":"https:\/\/dream-wedding-by-mia.eu\/de\/wp-json\/wp\/v2\/pages"}],"about":[{"href":"https:\/\/dream-wedding-by-mia.eu\/de\/wp-json\/wp\/v2\/types\/page"}],"author":[{"embeddable":true,"href":"https:\/\/dream-wedding-by-mia.eu\/de\/wp-json\/wp\/v2\/users\/2"}],"replies":[{"embeddable":true,"href":"https:\/\/dream-wedding-by-mia.eu\/de\/wp-json\/wp\/v2\/comments?post=1776"}],"version-history":[{"count":10,"href":"https:\/\/dream-wedding-by-mia.eu\/de\/wp-json\/wp\/v2\/pages\/1776\/revisions"}],"predecessor-version":[{"id":3372,"href":"https:\/\/dream-wedding-by-mia.eu\/de\/wp-json\/wp\/v2\/pages\/1776\/revisions\/3372"}],"wp:attachment":[{"href":"https:\/\/dream-wedding-by-mia.eu\/de\/wp-json\/wp\/v2\/media?parent=1776"}],"curies":[{"name":"wp","href":"https:\/\/api.w.org\/{rel}","templated":true}]}}