{"id":1771,"date":"2025-04-06T20:23:18","date_gmt":"2025-04-06T18:23:18","guid":{"rendered":"https:\/\/dream-wedding-by-mia.eu\/wedding-day-manager-2\/"},"modified":"2025-08-21T22:42:28","modified_gmt":"2025-08-21T20:42:28","slug":"wedding-day-manager","status":"publish","type":"page","link":"https:\/\/dream-wedding-by-mia.eu\/de\/wedding-day-manager\/","title":{"rendered":"Wedding Day Manager"},"content":{"rendered":"<div data-elementor-type=\"wp-page\" data-elementor-id=\"1771\" class=\"elementor elementor-1771\" data-elementor-post-type=\"page\">\n\t\t\t\t<div class=\"elementor-element elementor-element-afdda3e e-con-full e-flex e-con e-parent\" data-id=\"afdda3e\" data-element_type=\"container\" data-e-type=\"container\">\n\t\t<div class=\"elementor-element elementor-element-77d58e9c e-con-full e-flex e-con e-child\" data-id=\"77d58e9c\" data-element_type=\"container\" data-e-type=\"container\" data-settings=\"{&quot;background_background&quot;:&quot;classic&quot;}\">\n\t\t\t\t<div class=\"elementor-element elementor-element-5461498 elementor-widget elementor-widget-heading\" data-id=\"5461498\" data-element_type=\"widget\" data-e-type=\"widget\" data-widget_type=\"heading.default\">\n\t\t\t\t<div class=\"elementor-widget-container\">\n\t\t\t\t\t<h1 class=\"elementor-heading-title elementor-size-default\">Wedding Day Manager<\/h1>\t\t\t\t<\/div>\n\t\t\t\t<\/div>\n\t\t\t\t<\/div>\n\t\t<div class=\"elementor-element elementor-element-1b10f377 e-con-full e-flex e-con e-child\" data-id=\"1b10f377\" data-element_type=\"container\" data-e-type=\"container\" data-settings=\"{&quot;background_background&quot;:&quot;classic&quot;}\">\n\t\t<div class=\"elementor-element elementor-element-57dbf728 e-con-full e-flex e-con e-child\" data-id=\"57dbf728\" data-element_type=\"container\" data-e-type=\"container\" data-settings=\"{&quot;background_background&quot;:&quot;classic&quot;}\">\n\t\t\t\t<div class=\"elementor-element elementor-element-741cd746 elementor-widget elementor-widget-heading\" data-id=\"741cd746\" data-element_type=\"widget\" data-e-type=\"widget\" data-widget_type=\"heading.default\">\n\t\t\t\t<div class=\"elementor-widget-container\">\n\t\t\t\t\t<h2 class=\"elementor-heading-title elementor-size-default\">Am Hochzeitstag gibt es keine Generalprobe<\/h2>\t\t\t\t<\/div>\n\t\t\t\t<\/div>\n\t\t\t\t<div class=\"elementor-element elementor-element-1c20f8db elementor-widget elementor-widget-text-editor\" data-id=\"1c20f8db\" data-element_type=\"widget\" data-e-type=\"widget\" data-widget_type=\"text-editor.default\">\n\t\t\t\t<div class=\"elementor-widget-container\">\n\t\t\t\t\t\t\t\t\t<p>Ihr m\u00f6chtet euch zu 100\u202f% auf eure Familie und Freunde konzentrieren und euren Tag genie\u00dfen?<\/p><p>Ihr m\u00f6chtet euch am Hochzeitstag um nichts mehr k\u00fcmmern? Der Tag soll strukturiert ablaufen, und es sollen keine L\u00fccken entstehen?\nJeder soll wissen, wann und was zu tun ist?\nIhr m\u00f6chtet nicht f\u00fcr jede m\u00f6gliche Frage verantwortlich sein?\u00a0<\/p><p>Wenn ihr all diese Fragen mit Ja beantwortet habt, dann \u00fcberlasst nichts dem Zufall, denn eine Hochzeit ist im besten Fall ein einmaliges Fest. Holt euch einen Wedding Day Manager an eure Seite und z\u00f6gert nicht l\u00e4nger.<\/p>\t\t\t\t\t\t\t\t<\/div>\n\t\t\t\t<\/div>\n\t\t\t\t<\/div>\n\t\t<div class=\"elementor-element elementor-element-51530012 e-con-full elementor-hidden-mobile e-flex e-con e-child\" data-id=\"51530012\" data-element_type=\"container\" data-e-type=\"container\">\n\t\t\t\t<div class=\"elementor-element elementor-element-5c8e52a9 elementor-widget elementor-widget-theme-site-logo elementor-widget-image\" data-id=\"5c8e52a9\" data-element_type=\"widget\" data-e-type=\"widget\" data-widget_type=\"theme-site-logo.default\">\n\t\t\t\t<div class=\"elementor-widget-container\">\n\t\t\t\t\t\t\t\t\t\t\t<a href=\"https:\/\/dream-wedding-by-mia.eu\/de\">\n\t\t\t<img fetchpriority=\"high\" decoding=\"async\" width=\"500\" height=\"500\" src=\"https:\/\/dream-wedding-by-mia.eu\/wp-content\/uploads\/logo-mia-1.svg\" class=\"attachment-full size-full wp-image-1817\" alt=\"\" \/>\t\t\t\t<\/a>\n\t\t\t\t\t\t\t\t\t\t\t<\/div>\n\t\t\t\t<\/div>\n\t\t\t\t<\/div>\n\t\t\t\t<\/div>\n\t\t\t\t<\/div>\n\t\t<div class=\"elementor-element elementor-element-5b3c61db e-con-full e-flex e-con e-parent\" data-id=\"5b3c61db\" data-element_type=\"container\" data-e-type=\"container\" data-settings=\"{&quot;background_background&quot;:&quot;classic&quot;}\">\n\t\t<div class=\"elementor-element elementor-element-20d770f5 e-con-full e-flex e-con e-child\" data-id=\"20d770f5\" data-element_type=\"container\" data-e-type=\"container\" data-settings=\"{&quot;background_background&quot;:&quot;classic&quot;}\">\n\t\t\t\t<\/div>\n\t\t<div class=\"elementor-element elementor-element-1cce0e67 e-con-full e-flex e-con e-child\" data-id=\"1cce0e67\" data-element_type=\"container\" data-e-type=\"container\">\n\t\t<div class=\"elementor-element elementor-element-7538b773 e-con-full e-flex e-con e-child\" data-id=\"7538b773\" data-element_type=\"container\" data-e-type=\"container\">\n\t\t\t\t<div class=\"elementor-element elementor-element-791a93ce elementor-widget elementor-widget-heading\" data-id=\"791a93ce\" data-element_type=\"widget\" data-e-type=\"widget\" data-widget_type=\"heading.default\">\n\t\t\t\t<div class=\"elementor-widget-container\">\n\t\t\t\t\t<h2 class=\"elementor-heading-title elementor-size-default\">Das untersch\u00e4tzen die meisten Brautpaare<\/h2>\t\t\t\t<\/div>\n\t\t\t\t<\/div>\n\t\t\t\t<div class=\"elementor-element elementor-element-18854fb2 elementor-widget elementor-widget-text-editor\" data-id=\"18854fb2\" data-element_type=\"widget\" data-e-type=\"widget\" data-widget_type=\"text-editor.default\">\n\t\t\t\t<div class=\"elementor-widget-container\">\n\t\t\t\t\t\t\t\t\t<p>Stellt euch vor:\u00a0<\/p><p>Ihr seid 1\u20131,5 Jahre lang mit Planen besch\u00e4ftigt und investiert viel Geld. Endlich ist der gro\u00dfe Tag da \u2026 und niemand ist da, der die Planung am Hochzeitstag umsetzt!<\/p><p>Oft h\u00f6rt man, dass Brautpaare am Tag ihrer Hochzeit gestresst sind und ihren Tag nicht genie\u00dfen k\u00f6nnen. Alle paar Minuten gibt es 100 Fragen von Dienstleistern \u2013 niemand wei\u00df, wer wann wo sein muss.\u00a0<\/p><p>Du erh\u00e4ltst einen Anruf vom Standesbeamten, der dir mitteilt, dass er im Stau steckt und die Trauung eine halbe Stunde sp\u00e4ter beginnen muss. Und jetzt? Du, als Braut, sitzt gerade bei der Visagistin und wei\u00dft nicht, wie du ihr die Nachricht \u00fcberbringen sollst. Panik bricht aus\u2026 Aber wenn du dich im Voraus f\u00fcr einen Hochzeitsplaner entschieden hast, erreicht dich dieser Anruf gar nicht erst, und du musst dir dar\u00fcber \u00fcberhaupt keine Sorgen machen. Im Gegenteil: Du kannst ganz entspannt zur Trauung fahren. Genie\u00dfe jeden Moment. Und du wei\u00dft, dass jemand da ist, der daf\u00fcr sorgt, dass alles reibungslos abl\u00e4uft.<\/p>\t\t\t\t\t\t\t\t<\/div>\n\t\t\t\t<\/div>\n\t\t\t\t<div class=\"elementor-element elementor-element-f20d32d elementor-align-left elementor-mobile-align-center elementor-widget elementor-widget-global elementor-global-1837 elementor-widget-button\" data-id=\"f20d32d\" data-element_type=\"widget\" data-e-type=\"widget\" data-widget_type=\"button.default\">\n\t\t\t\t<div class=\"elementor-widget-container\">\n\t\t\t\t\t\t\t\t\t<div class=\"elementor-button-wrapper\">\n\t\t\t\t\t<a class=\"elementor-button elementor-button-link elementor-size-sm\" href=\"https:\/\/dream-wedding-by-mia.eu\/de\/gratis-berodung\/\" target=\"_blank\">\n\t\t\t\t\t\t<span class=\"elementor-button-content-wrapper\">\n\t\t\t\t\t\t\t\t\t<span class=\"elementor-button-text\">Kostenlose Beratung<\/span>\n\t\t\t\t\t<\/span>\n\t\t\t\t\t<\/a>\n\t\t\t\t<\/div>\n\t\t\t\t\t\t\t\t<\/div>\n\t\t\t\t<\/div>\n\t\t\t\t<\/div>\n\t\t\t\t<\/div>\n\t\t\t\t<\/div>\n\t\t<div class=\"elementor-element elementor-element-5d7e2f70 e-con-full e-flex e-con e-parent\" data-id=\"5d7e2f70\" data-element_type=\"container\" data-e-type=\"container\" data-settings=\"{&quot;background_background&quot;:&quot;classic&quot;}\">\n\t\t\t\t<div class=\"elementor-element elementor-element-3399b891 elementor-widget elementor-widget-heading\" data-id=\"3399b891\" data-element_type=\"widget\" data-e-type=\"widget\" data-widget_type=\"heading.default\">\n\t\t\t\t<div class=\"elementor-widget-container\">\n\t\t\t\t\t<h2 class=\"elementor-heading-title elementor-size-default\">Das ist alles in meinem Wedding Day Manager Paket enthalten:<\/h2>\t\t\t\t<\/div>\n\t\t\t\t<\/div>\n\t\t<div class=\"elementor-element elementor-element-53042698 e-con-full e-flex e-con e-child\" data-id=\"53042698\" data-element_type=\"container\" data-e-type=\"container\">\n\t\t<div class=\"elementor-element elementor-element-17b853a2 e-con-full e-grid e-con e-child\" data-id=\"17b853a2\" data-element_type=\"container\" data-e-type=\"container\">\n\t\t\t\t<div class=\"elementor-element elementor-element-f7357f1 elementor-cta--skin-cover elementor-cta--valign-middle elementor-widget elementor-widget-call-to-action\" data-id=\"f7357f1\" data-element_type=\"widget\" data-e-type=\"widget\" data-widget_type=\"call-to-action.default\">\n\t\t\t\t<div class=\"elementor-widget-container\">\n\t\t\t\t\t\t\t<div class=\"elementor-cta\">\n\t\t\t\t\t<div class=\"elementor-cta__bg-wrapper\">\n\t\t\t\t<div class=\"elementor-cta__bg elementor-bg\" style=\"background-image: url();\" role=\"img\" aria-label=\"\"><\/div>\n\t\t\t\t<div class=\"elementor-cta__bg-overlay\"><\/div>\n\t\t\t<\/div>\n\t\t\t\t\t\t\t<div class=\"elementor-cta__content\">\n\t\t\t\t\n\t\t\t\t\t\t\t\t\t<h3 class=\"elementor-cta__title elementor-cta__content-item elementor-content-item\">\n\t\t\t\t\t\tVorgespr\u00e4ch mit dem Brautpaar\t\t\t\t\t<\/h3>\n\t\t\t\t\n\t\t\t\t\t\t\t\t\t<div class=\"elementor-cta__description elementor-cta__content-item elementor-content-item\">\n\t\t\t\t\t\t<font style=\"font-size: 1rem;float: none\">6\u20138 Wochen vor der Hochzeit treffen wir uns zu einem Gespr\u00e4ch.\nBei diesem Gespr\u00e4ch sollte eure Hochzeit so gut wie fertig geplant sein,\ndamit ihr mir alle Kontakte weitergeben k\u00f6nnt und ich eure W\u00fcnsche und Vorstellungen im Detail kenne.<\/font><font style=\"font-size: 1rem;float: none\"><\/font>\t\t\t\t\t<\/div>\n\t\t\t\t\n\t\t\t\t\t\t\t<\/div>\n\t\t\t\t\t\t<\/div>\n\t\t\t\t\t\t<\/div>\n\t\t\t\t<\/div>\n\t\t\t\t<div class=\"elementor-element elementor-element-3b134195 elementor-cta--skin-cover elementor-cta--valign-middle elementor-widget elementor-widget-call-to-action\" data-id=\"3b134195\" data-element_type=\"widget\" data-e-type=\"widget\" data-widget_type=\"call-to-action.default\">\n\t\t\t\t<div class=\"elementor-widget-container\">\n\t\t\t\t\t\t\t<div class=\"elementor-cta\">\n\t\t\t\t\t<div class=\"elementor-cta__bg-wrapper\">\n\t\t\t\t<div class=\"elementor-cta__bg elementor-bg\" style=\"background-image: url();\" role=\"img\" aria-label=\"\"><\/div>\n\t\t\t\t<div class=\"elementor-cta__bg-overlay\"><\/div>\n\t\t\t<\/div>\n\t\t\t\t\t\t\t<div class=\"elementor-cta__content\">\n\t\t\t\t\n\t\t\t\t\t\t\t\t\t<h3 class=\"elementor-cta__title elementor-cta__content-item elementor-content-item\">\n\t\t\t\t\t\tTagesplan-Erstellung\t\t\t\t\t<\/h3>\n\t\t\t\t\n\t\t\t\t\t\t\t\t\t<div class=\"elementor-cta__description elementor-cta__content-item elementor-content-item\">\n\t\t\t\t\t\t<p style=\"white-space: normal\"><font style=\"white-space: pre-wrap;float: none\">Nachdem ihr mir alle Informationen gegeben habt, erstelle ich einen detaillierten Tagesplan, damit sowohl alle Dienstleister als auch eure Familie und Freunde, die am Hochzeitstag beteiligt sind, genau wissen, wann sie wo gebraucht werden. Das gibt ihnen Sicherheit und sie m\u00fcssen sich nicht f\u00fcr alles verantwortlich f\u00fchlen.&nbsp;<\/font><br><\/p>\t\t\t\t\t<\/div>\n\t\t\t\t\n\t\t\t\t\t\t\t<\/div>\n\t\t\t\t\t\t<\/div>\n\t\t\t\t\t\t<\/div>\n\t\t\t\t<\/div>\n\t\t\t\t<div class=\"elementor-element elementor-element-27a394c3 elementor-cta--skin-cover elementor-cta--valign-middle elementor-widget elementor-widget-call-to-action\" data-id=\"27a394c3\" data-element_type=\"widget\" data-e-type=\"widget\" data-widget_type=\"call-to-action.default\">\n\t\t\t\t<div class=\"elementor-widget-container\">\n\t\t\t\t\t\t\t<div class=\"elementor-cta\">\n\t\t\t\t\t<div class=\"elementor-cta__bg-wrapper\">\n\t\t\t\t<div class=\"elementor-cta__bg elementor-bg\" style=\"background-image: url();\" role=\"img\" aria-label=\"\"><\/div>\n\t\t\t\t<div class=\"elementor-cta__bg-overlay\"><\/div>\n\t\t\t<\/div>\n\t\t\t\t\t\t\t<div class=\"elementor-cta__content\">\n\t\t\t\t\n\t\t\t\t\t\t\t\t\t<h3 class=\"elementor-cta__title elementor-cta__content-item elementor-content-item\">\n\t\t\t\t\t\tDienstleister informieren\t\t\t\t\t<\/h3>\n\t\t\t\t\n\t\t\t\t\t\t\t\t\t<div class=\"elementor-cta__description elementor-cta__content-item elementor-content-item\">\n\t\t\t\t\t\t<font style=\"float: none\">4 Wochen vor der Hochzeit kontaktiere ich noch einmal alle Dienstleister\nund \u00fcberpr\u00fcfe gemeinsam mit ihnen die Punkte im Tagesplan.\nSo haben am Ende alle Dienstleister die Informationen, die sie aus unserem Vorgespr\u00e4ch brauchen.\nIch informiere sie dar\u00fcber, dass ich ihre Ansprechpartnerin am Hochzeitstag bin,\ndamit ihr euch an eurem gro\u00dfen Tag zur\u00fccklehnen k\u00f6nnt. <\/font><font style=\"float: none\"><\/font><br>\t\t\t\t\t<\/div>\n\t\t\t\t\n\t\t\t\t\t\t\t<\/div>\n\t\t\t\t\t\t<\/div>\n\t\t\t\t\t\t<\/div>\n\t\t\t\t<\/div>\n\t\t\t\t<div class=\"elementor-element elementor-element-351d2282 elementor-cta--skin-cover elementor-cta--valign-middle elementor-widget elementor-widget-call-to-action\" data-id=\"351d2282\" data-element_type=\"widget\" data-e-type=\"widget\" data-widget_type=\"call-to-action.default\">\n\t\t\t\t<div class=\"elementor-widget-container\">\n\t\t\t\t\t\t\t<div class=\"elementor-cta\">\n\t\t\t\t\t<div class=\"elementor-cta__bg-wrapper\">\n\t\t\t\t<div class=\"elementor-cta__bg elementor-bg\" style=\"background-image: url();\" role=\"img\" aria-label=\"\"><\/div>\n\t\t\t\t<div class=\"elementor-cta__bg-overlay\"><\/div>\n\t\t\t<\/div>\n\t\t\t\t\t\t\t<div class=\"elementor-cta__content\">\n\t\t\t\t\n\t\t\t\t\t\t\t\t\t<h3 class=\"elementor-cta__title elementor-cta__content-item elementor-content-item\">\n\t\t\t\t\t\tAm Tag der Hochzeit\t\t\t\t\t<\/h3>\n\t\t\t\t\n\t\t\t\t\t\t\t\t\t<div class=\"elementor-cta__description elementor-cta__content-item elementor-content-item\">\n\t\t\t\t\t\t<font style=\"font-size: 1rem;float: none\">Damit sind wir bereits am Tag der Hochzeit angekommen. Hier koordiniere ich alles und bin f\u00fcr alle Dienstleister der Ansprechpartner Nummer eins.<\/font><font style=\"font-size: 1rem;float: none\"><\/font>\t\t\t\t\t<\/div>\n\t\t\t\t\n\t\t\t\t\t\t\t<\/div>\n\t\t\t\t\t\t<\/div>\n\t\t\t\t\t\t<\/div>\n\t\t\t\t<\/div>\n\t\t\t\t<\/div>\n\t\t\t\t<\/div>\n\t\t\t\t<\/div>\n\t\t\t\t<\/div>","protected":false},"excerpt":{"rendered":"<p>Wedding Day Manager Um Hochz\u00e4its&shy;dag g\u00ebtt et\u00a0 keng\u00a0General&shy;prouf Dir w\u00ebllt Iech g\u00e4ren zu 100% op \u00c4r Famill an Fr\u00ebnn fokuss\u00e9ieren an \u00e4ren Dag gen\u00e9issen? Dir w\u00ebllt Iech den Dag selwer \u00ebm n\u00e4ischt m\u00e9i k\u00ebmmeren? Den Dag soll struktur\u00e9iert sinn an et sollen keng L\u00e4cher entstoen? Jiddereen soll weessen w\u00e9ini ee wat ze maachen huet? Dir [&hellip;]<\/p>\n","protected":false},"author":2,"featured_media":0,"parent":0,"menu_order":0,"comment_status":"closed","ping_status":"closed","template":"elementor_header_footer","meta":{"_acf_changed":false,"footnotes":""},"class_list":["post-1771","page","type-page","status-publish","hentry"],"acf":[],"_links":{"self":[{"href":"https:\/\/dream-wedding-by-mia.eu\/de\/wp-json\/wp\/v2\/pages\/1771","targetHints":{"allow":["GET"]}}],"collection":[{"href":"https:\/\/dream-wedding-by-mia.eu\/de\/wp-json\/wp\/v2\/pages"}],"about":[{"href":"https:\/\/dream-wedding-by-mia.eu\/de\/wp-json\/wp\/v2\/types\/page"}],"author":[{"embeddable":true,"href":"https:\/\/dream-wedding-by-mia.eu\/de\/wp-json\/wp\/v2\/users\/2"}],"replies":[{"embeddable":true,"href":"https:\/\/dream-wedding-by-mia.eu\/de\/wp-json\/wp\/v2\/comments?post=1771"}],"version-history":[{"count":10,"href":"https:\/\/dream-wedding-by-mia.eu\/de\/wp-json\/wp\/v2\/pages\/1771\/revisions"}],"predecessor-version":[{"id":3048,"href":"https:\/\/dream-wedding-by-mia.eu\/de\/wp-json\/wp\/v2\/pages\/1771\/revisions\/3048"}],"wp:attachment":[{"href":"https:\/\/dream-wedding-by-mia.eu\/de\/wp-json\/wp\/v2\/media?parent=1771"}],"curies":[{"name":"wp","href":"https:\/\/api.w.org\/{rel}","templated":true}]}}